{"id":1071,"date":"2015-12-14T07:14:55","date_gmt":"2015-12-14T07:14:55","guid":{"rendered":"http:\/\/consulting.stylemixthemes.com\/demo\/?page_id=2"},"modified":"2025-04-16T18:20:45","modified_gmt":"2025-04-16T16:20:45","slug":"sample-page-2","status":"publish","type":"page","link":"https:\/\/bizonfasteners.com\/de\/","title":{"rendered":"Start"},"content":{"rendered":"<div data-vc-full-width=\"true\" data-vc-full-width-init=\"false\" class=\"vc_row wpb_row vc_row-fluid vc_custom_1617120397437 vc_row-has-fill vc_row-o-content-top vc_row-flex\"><div class=\"wpb_column vc_column_container vc_col-sm-12\"><div class=\"vc_column-inner\"><div class=\"wpb_wrapper\">\n\t<div class=\"wpb_text_column wpb_content_element\" >\n\t\t<div class=\"wpb_wrapper\">\n\t\t\t\r\n    <div>        \r\n    <video id=\"plyr69fd3379d948e\" autoplay data-poster=\"https:\/\/bizonfasteners.com\/wp-content\/uploads\/2019\/09\/poster-film.jpg\" controls class=\"easy-video-player\">\r\n       <source src=\"https:\/\/bizonfasteners.com\/wp-content\/uploads\/2019\/09\/Bizon_21-v6.mp4\" type=\"video\/mp4\" \/>\r\n    <\/video>\r\n    <\/div>    <script>\r\n        const evplayerplyr69fd3379d948e = new Plyr(document.getElementById('plyr69fd3379d948e'));\r\n        evplayerplyr69fd3379d948e.ratio = '16:9';\r\n        evplayerplyr69fd3379d948e.iconUrl = 'https:\/\/bizonfasteners.com\/wp-content\/plugins\/easy-video-player\/lib\/plyr.svg';\r\n        evplayerplyr69fd3379d948e.blankVideo = 'https:\/\/bizonfasteners.com\/wp-content\/plugins\/easy-video-player\/lib\/blank.mp4';  \r\n    <\/script>\n\n\t\t<\/div>\n\t<\/div>\n<\/div><\/div><\/div><\/div><div class=\"vc_row-full-width vc_clearfix\"><\/div><div data-vc-full-width=\"true\" data-vc-full-width-init=\"false\" class=\"vc_row wpb_row vc_row-fluid overlay_2 fixed_bg vc_custom_1613856054927 vc_row-has-fill\"><div class=\"wpb_column vc_column_container vc_col-sm-12\"><div class=\"vc_column-inner\"><div class=\"wpb_wrapper\"><div class=\"stm-spacing\" id=\"stm-spacing-69fd3379d9a55\"><\/div>\n<script>\n    (function($){\n        \"use strict\";\n        var spacingID = 'stm-spacing-69fd3379d9a55',\n            lgSpacing = '60',\n            mdSpacing = '60',\n            smSpacing = '50',\n            xsSpacing = '40';\n\n        function stmSpacing() {\n            if ( window.matchMedia(\"(min-width: 1200px)\").matches && lgSpacing ) {\n                $( '#' + spacingID ).css ( \"height\", lgSpacing );\n            } else if ( window.matchMedia(\"(max-width: 1199px) and (min-width: 992px )\").matches && mdSpacing ) {\n                $( '#' + spacingID ).css ( \"height\", mdSpacing );\n            } else if ( window.matchMedia(\"(max-width: 991px) and (min-width: 768px )\").matches && smSpacing ) {\n                $( '#' + spacingID ).css ( \"height\", smSpacing );\n            } else if ( window.matchMedia(\"(max-width: 767px)\").matches && xsSpacing ) {\n                $( '#' + spacingID ).css ( \"height\", xsSpacing );\n            } else {\n                $( '#' + spacingID ).css ( \"height\", \"\" );\n            }\n        }\n\n        $(document).ready(function() {\n            stmSpacing();\n        });\n\n        $(window).resize(function() {\n            stmSpacing();\n        });\n\n    })(jQuery);\n<\/script><div class=\"vc_row wpb_row vc_inner vc_row-fluid\"><div class=\"wpb_column vc_column_container vc_col-sm-12 vc_col-lg-9 vc_col-md-10\"><div class=\"vc_column-inner\"><div class=\"wpb_wrapper\"><div class=\"vc_custom_heading no_stripe mobile_align_center custom_count_title text_align_left has_icon\" ><div class=\"icon\" style=\"font-size: 67px; line-height: 67px;\"><i class=\"stm-check\"><\/i><\/div><h4 style=\"font-size: 45px;color: #ffffff;line-height: 45px;text-align: left\" class=\"consulting-custom-title\"><mark>Innerhalb des Jahres<\/mark> stellen wir Folgendes her:<\/h4><\/div><\/div><\/div><\/div><div class=\"wpb_column vc_column_container vc_col-sm-12 vc_col-lg-3 vc_col-md-2\"><div class=\"vc_column-inner\"><div class=\"wpb_wrapper\"><\/div><\/div><\/div><\/div><div class=\"stm-spacing\" id=\"stm-spacing-69fd3379da92a\"><\/div>\n<script>\n    (function($){\n        \"use strict\";\n        var spacingID = 'stm-spacing-69fd3379da92a',\n            lgSpacing = '60',\n            mdSpacing = '60',\n            smSpacing = '50',\n            xsSpacing = '40';\n\n        function stmSpacing() {\n            if ( window.matchMedia(\"(min-width: 1200px)\").matches && lgSpacing ) {\n                $( '#' + spacingID ).css ( \"height\", lgSpacing );\n            } else if ( window.matchMedia(\"(max-width: 1199px) and (min-width: 992px )\").matches && mdSpacing ) {\n                $( '#' + spacingID ).css ( \"height\", mdSpacing );\n            } else if ( window.matchMedia(\"(max-width: 991px) and (min-width: 768px )\").matches && smSpacing ) {\n                $( '#' + spacingID ).css ( \"height\", smSpacing );\n            } else if ( window.matchMedia(\"(max-width: 767px)\").matches && xsSpacing ) {\n                $( '#' + spacingID ).css ( \"height\", xsSpacing );\n            } else {\n                $( '#' + spacingID ).css ( \"height\", \"\" );\n            }\n        }\n\n        $(document).ready(function() {\n            stmSpacing();\n        });\n\n        $(window).resize(function() {\n            stmSpacing();\n        });\n\n    })(jQuery);\n<\/script><div class=\"vc_row wpb_row vc_inner vc_row-fluid\"><div class=\"wpb_column vc_column_container vc_col-sm-6 vc_col-lg-offset-1 vc_col-lg-2 vc_col-md-2 vc_col-xs-6\"><div class=\"vc_column-inner\"><div class=\"wpb_wrapper\">    <div class=\"stats_counter style_1 left\" >\n        <div class=\"inner\">\n            <h3 class=\"no_stripe\" id=\"counter_69fd3379dad3b\" >0<\/h3>\n                            <div class=\"counter_title\" >Tonnen von Draht<\/div>\n                                <\/div>\n    <\/div>\n<script type=\"text\/javascript\">\n    jQuery(document).ready(function ($) {\n        var counter_69fd3379dad3b =\n        new countUp(\"counter_69fd3379dad3b\", 0, 24000, 0, 2.5, {\n            useEasing: true,\n            useGrouping: false,\n            prefix: '',\n            suffix: '<span class=\"stats_counter_suffix\"><\/span>'\n        });\n        $(window).scroll(function () {\n            if ($(\"#counter_69fd3379dad3b\").is_on_screen()) {\n                counter_69fd3379dad3b.\n                start();\n            }\n        });\n    });\n<\/script><\/div><\/div><\/div><div class=\"wpb_column vc_column_container vc_col-sm-6 vc_col-lg-2 vc_col-md-2 vc_col-xs-6\"><div class=\"vc_column-inner\"><div class=\"wpb_wrapper\">    <div class=\"stats_counter style_1 left\" >\n        <div class=\"inner\">\n            <h3 class=\"no_stripe\" id=\"counter_69fd3379dae61\" >0<\/h3>\n                            <div class=\"counter_title\" >Tonnen von Heftklammern<\/div>\n                                <\/div>\n    <\/div>\n<script type=\"text\/javascript\">\n    jQuery(document).ready(function ($) {\n        var counter_69fd3379dae61 =\n        new countUp(\"counter_69fd3379dae61\", 0, 14000, 0, 2.5, {\n            useEasing: true,\n            useGrouping: false,\n            prefix: '',\n            suffix: '<span class=\"stats_counter_suffix\"><\/span>'\n        });\n        $(window).scroll(function () {\n            if ($(\"#counter_69fd3379dae61\").is_on_screen()) {\n                counter_69fd3379dae61.\n                start();\n            }\n        });\n    });\n<\/script><\/div><\/div><\/div><div class=\"wpb_column vc_column_container vc_col-sm-6 vc_col-lg-2 vc_col-md-2 vc_col-xs-6\"><div class=\"vc_column-inner\"><div class=\"wpb_wrapper\">    <div class=\"stats_counter style_1 left\" >\n        <div class=\"inner\">\n            <h3 class=\"no_stripe\" id=\"counter_69fd3379daf58\" >0<\/h3>\n                            <div class=\"counter_title\" >Tonnen von Heftklammern<\/div>\n                                <\/div>\n    <\/div>\n<script type=\"text\/javascript\">\n    jQuery(document).ready(function ($) {\n        var counter_69fd3379daf58 =\n        new countUp(\"counter_69fd3379daf58\", 0, 12000, 0, 2.5, {\n            useEasing: true,\n            useGrouping: false,\n            prefix: '',\n            suffix: '<span class=\"stats_counter_suffix\"><\/span>'\n        });\n        $(window).scroll(function () {\n            if ($(\"#counter_69fd3379daf58\").is_on_screen()) {\n                counter_69fd3379daf58.\n                start();\n            }\n        });\n    });\n<\/script><\/div><\/div><\/div><div class=\"wpb_column vc_column_container vc_col-sm-6 vc_col-lg-2 vc_col-md-2 vc_col-xs-6\"><div class=\"vc_column-inner\"><div class=\"wpb_wrapper\">    <div class=\"stats_counter style_1 left\" >\n        <div class=\"inner\">\n            <h3 class=\"no_stripe\" id=\"counter_69fd3379db048\" >0<\/h3>\n                            <div class=\"counter_title\" >Tonnen von N\u00e4geln<\/div>\n                                <\/div>\n    <\/div>\n<script type=\"text\/javascript\">\n    jQuery(document).ready(function ($) {\n        var counter_69fd3379db048 =\n        new countUp(\"counter_69fd3379db048\", 0, 10000, 0, 2.5, {\n            useEasing: true,\n            useGrouping: false,\n            prefix: '',\n            suffix: '<span class=\"stats_counter_suffix\"><\/span>'\n        });\n        $(window).scroll(function () {\n            if ($(\"#counter_69fd3379db048\").is_on_screen()) {\n                counter_69fd3379db048.\n                start();\n            }\n        });\n    });\n<\/script><\/div><\/div><\/div><\/div><div class=\"stm-spacing\" id=\"stm-spacing-69fd3379db0bb\"><\/div>\n<script>\n    (function($){\n        \"use strict\";\n        var spacingID = 'stm-spacing-69fd3379db0bb',\n            lgSpacing = '100',\n            mdSpacing = '100',\n            smSpacing = '80',\n            xsSpacing = '80';\n\n        function stmSpacing() {\n            if ( window.matchMedia(\"(min-width: 1200px)\").matches && lgSpacing ) {\n                $( '#' + spacingID ).css ( \"height\", lgSpacing );\n            } else if ( window.matchMedia(\"(max-width: 1199px) and (min-width: 992px )\").matches && mdSpacing ) {\n                $( '#' + spacingID ).css ( \"height\", mdSpacing );\n            } else if ( window.matchMedia(\"(max-width: 991px) and (min-width: 768px )\").matches && smSpacing ) {\n                $( '#' + spacingID ).css ( \"height\", smSpacing );\n            } else if ( window.matchMedia(\"(max-width: 767px)\").matches && xsSpacing ) {\n                $( '#' + spacingID ).css ( \"height\", xsSpacing );\n            } else {\n                $( '#' + spacingID ).css ( \"height\", \"\" );\n            }\n        }\n\n        $(document).ready(function() {\n            stmSpacing();\n        });\n\n        $(window).resize(function() {\n            stmSpacing();\n        });\n\n    })(jQuery);\n<\/script><\/div><\/div><\/div><\/div><div class=\"vc_row-full-width vc_clearfix\"><\/div><div data-vc-full-width=\"true\" data-vc-full-width-init=\"false\" class=\"vc_row wpb_row vc_row-fluid vc_custom_1613853897404 vc_row-has-fill vc_row-o-equal-height vc_row-flex\"><div class=\"wpb_column vc_column_container vc_col-sm-6 vc_hidden-md vc_hidden-sm vc_hidden-xs vc_col-has-fill\" data-stretch=\"left\"><div class=\"vc_column-inner vc_custom_1613853545105\"><div class=\"wpb_wrapper\"><\/div><\/div><\/div><div class=\"wpb_column vc_column_container vc_col-sm-1 vc_hidden-md vc_hidden-sm vc_hidden-xs vc_col-has-fill\"><div class=\"vc_column-inner vc_custom_1613853610824\"><div class=\"wpb_wrapper\"><\/div><\/div><\/div><div class=\"wpb_column vc_column_container vc_col-sm-12 vc_col-lg-5 vc_col-has-fill\"><div class=\"vc_column-inner vc_custom_1613853773164\"><div class=\"wpb_wrapper\"><div class=\"stm-spacing\" id=\"stm-spacing-69fd3379db434\"><\/div>\n<script>\n    (function($){\n        \"use strict\";\n        var spacingID = 'stm-spacing-69fd3379db434',\n            lgSpacing = '60',\n            mdSpacing = '60',\n            smSpacing = '60',\n            xsSpacing = '40';\n\n        function stmSpacing() {\n            if ( window.matchMedia(\"(min-width: 1200px)\").matches && lgSpacing ) {\n                $( '#' + spacingID ).css ( \"height\", lgSpacing );\n            } else if ( window.matchMedia(\"(max-width: 1199px) and (min-width: 992px )\").matches && mdSpacing ) {\n                $( '#' + spacingID ).css ( \"height\", mdSpacing );\n            } else if ( window.matchMedia(\"(max-width: 991px) and (min-width: 768px )\").matches && smSpacing ) {\n                $( '#' + spacingID ).css ( \"height\", smSpacing );\n            } else if ( window.matchMedia(\"(max-width: 767px)\").matches && xsSpacing ) {\n                $( '#' + spacingID ).css ( \"height\", xsSpacing );\n            } else {\n                $( '#' + spacingID ).css ( \"height\", \"\" );\n            }\n        }\n\n        $(document).ready(function() {\n            stmSpacing();\n        });\n\n        $(window).resize(function() {\n            stmSpacing();\n        });\n\n    })(jQuery);\n<\/script><div class=\"vc_custom_heading no_stripe vc_custom_1613902587618 text_align_left\" ><h3 style=\"color: #ffffff;text-align: left\" class=\"consulting-custom-title\">Werte<\/h3><\/div>\n\t<div class=\"wpb_text_column wpb_content_element  vc_custom_1744820441374\" >\n\t\t<div class=\"wpb_wrapper\">\n\t\t\t<h6 class=\"no_stripe\"><span style=\"color: #ffffff;\">Verpflichtungen<\/span><\/h6>\n<ul class=\"bez_kropek\">\n<li><span style=\"color: #ffffff;\">Ehrlichkeit: Vertrauen ist die Grundlage unserer Beziehungen zu unseren Kunden und Lieferanten<\/span><\/li>\n<li><span style=\"color: #ffffff;\">Leistung und Vollkommenheit: Wir legen Wert auf Qualit\u00e4tsleistung und streben nach Vollkommenheit bei allen unseren Produkten<\/span><\/li>\n<\/ul>\n<h6 class=\"no_stripe\"><span style=\"color: #ffffff;\">Produktqualit\u00e4t und wertigkeit<\/span><\/h6>\n<ul class=\"bez_kropek\">\n<li><span style=\"color: #ffffff;\">Wir bieten allen unseren Kunden einen hochwertigen Service und Produkte zu wettbewerbsf\u00e4higen Preisen<\/span><\/li>\n<\/ul>\n\n\t\t<\/div>\n\t<\/div>\n<div class=\"stm-spacing\" id=\"stm-spacing-69fd3379db5a9\"><\/div>\n<script>\n    (function($){\n        \"use strict\";\n        var spacingID = 'stm-spacing-69fd3379db5a9',\n            lgSpacing = '85',\n            mdSpacing = '85',\n            smSpacing = '80',\n            xsSpacing = '60';\n\n        function stmSpacing() {\n            if ( window.matchMedia(\"(min-width: 1200px)\").matches && lgSpacing ) {\n                $( '#' + spacingID ).css ( \"height\", lgSpacing );\n            } else if ( window.matchMedia(\"(max-width: 1199px) and (min-width: 992px )\").matches && mdSpacing ) {\n                $( '#' + spacingID ).css ( \"height\", mdSpacing );\n            } else if ( window.matchMedia(\"(max-width: 991px) and (min-width: 768px )\").matches && smSpacing ) {\n                $( '#' + spacingID ).css ( \"height\", smSpacing );\n            } else if ( window.matchMedia(\"(max-width: 767px)\").matches && xsSpacing ) {\n                $( '#' + spacingID ).css ( \"height\", xsSpacing );\n            } else {\n                $( '#' + spacingID ).css ( \"height\", \"\" );\n            }\n        }\n\n        $(document).ready(function() {\n            stmSpacing();\n        });\n\n        $(window).resize(function() {\n            stmSpacing();\n        });\n\n    })(jQuery);\n<\/script><\/div><\/div><\/div><\/div><div class=\"vc_row-full-width vc_clearfix\"><\/div><div class=\"vc_row wpb_row vc_row-fluid full_height_columns vc_custom_1559293816714\"><div class=\"wpb_column vc_column_container vc_col-sm-6\"><div class=\"vc_column-inner vc_custom_1559294658220\"><div class=\"wpb_wrapper\"><div class=\"vc_row wpb_row vc_inner vc_row-fluid secondary_style vc_custom_1613903361890 vc_row-has-fill\"><div class=\"wpb_column vc_column_container vc_col-sm-12\"><div class=\"vc_column-inner vc_custom_1559294691505\"><div class=\"wpb_wrapper\"><div class=\"stm-spacing\" id=\"stm-spacing-69fd3379db9e7\"><\/div>\n<script>\n    (function($){\n        \"use strict\";\n        var spacingID = 'stm-spacing-69fd3379db9e7',\n            lgSpacing = '96',\n            mdSpacing = '96',\n            smSpacing = '70',\n            xsSpacing = '60';\n\n        function stmSpacing() {\n            if ( window.matchMedia(\"(min-width: 1200px)\").matches && lgSpacing ) {\n                $( '#' + spacingID ).css ( \"height\", lgSpacing );\n            } else if ( window.matchMedia(\"(max-width: 1199px) and (min-width: 992px )\").matches && mdSpacing ) {\n                $( '#' + spacingID ).css ( \"height\", mdSpacing );\n            } else if ( window.matchMedia(\"(max-width: 991px) and (min-width: 768px )\").matches && smSpacing ) {\n                $( '#' + spacingID ).css ( \"height\", smSpacing );\n            } else if ( window.matchMedia(\"(max-width: 767px)\").matches && xsSpacing ) {\n                $( '#' + spacingID ).css ( \"height\", xsSpacing );\n            } else {\n                $( '#' + spacingID ).css ( \"height\", \"\" );\n            }\n        }\n\n        $(document).ready(function() {\n            stmSpacing();\n        });\n\n        $(window).resize(function() {\n            stmSpacing();\n        });\n\n    })(jQuery);\n<\/script><div class=\"vc_custom_heading vc_custom_1613902307322 text_align_left stripe_between\" ><h2 style=\"font-size: 42px;text-align: left\" class=\"consulting-custom-title\">Kontakt<\/h2><\/div><div class=\"stm-spacing\" id=\"stm-spacing-69fd3379dbab5\"><\/div>\n<script>\n    (function($){\n        \"use strict\";\n        var spacingID = 'stm-spacing-69fd3379dbab5',\n            lgSpacing = '70',\n            mdSpacing = '70',\n            smSpacing = '70',\n            xsSpacing = '60';\n\n        function stmSpacing() {\n            if ( window.matchMedia(\"(min-width: 1200px)\").matches && lgSpacing ) {\n                $( '#' + spacingID ).css ( \"height\", lgSpacing );\n            } else if ( window.matchMedia(\"(max-width: 1199px) and (min-width: 992px )\").matches && mdSpacing ) {\n                $( '#' + spacingID ).css ( \"height\", mdSpacing );\n            } else if ( window.matchMedia(\"(max-width: 991px) and (min-width: 768px )\").matches && smSpacing ) {\n                $( '#' + spacingID ).css ( \"height\", smSpacing );\n            } else if ( window.matchMedia(\"(max-width: 767px)\").matches && xsSpacing ) {\n                $( '#' + spacingID ).css ( \"height\", xsSpacing );\n            } else {\n                $( '#' + spacingID ).css ( \"height\", \"\" );\n            }\n        }\n\n        $(document).ready(function() {\n            stmSpacing();\n        });\n\n        $(window).resize(function() {\n            stmSpacing();\n        });\n\n    })(jQuery);\n<\/script>\n\t<div class=\"wpb_text_column wpb_content_element  vc_custom_1617815088404\" >\n\t\t<div class=\"wpb_wrapper\">\n\t\t\t<p><strong>Haben Sie Fragen? Rufen Sie an oder senden Sie eine Nachricht<\/strong><\/p>\n\n\t\t<\/div>\n\t<\/div>\n\n<div class=\"stm_contacts_widget  style_2\">\n    \n    \n    \n        <ul>\n                            <li class=\"phone\">\n                    <div class=\"icon\"><i class=\"fa fa-phone\"><\/i><\/div>\n                    <div class=\"text\"><strong>+48 22 244 17 00<\/strong><\/div>\n                <\/li>\n                                        <li class=\"mail\">\n                    <div class=\"icon\"><i class=\"fa fa-envelope\"><\/i><\/div>\n                    <div class=\"text\"><a href=\"mailto:i&#110;fo&#64;b&#105;zo&#110;f&#97;&#115;t&#101;n&#101;r&#115;&#46;co&#109;\">info@bizonfasteners.com<\/a><\/div>\n                <\/li>\n                    <\/ul>\n\n        \n    \n<\/div><div class=\"vc_empty_space\"   style=\"height: 20px\"><span class=\"vc_empty_space_inner\"><\/span><\/div>\n\t<div class=\"wpb_text_column wpb_content_element\" >\n\t\t<div class=\"wpb_wrapper\">\n\t\t\t<p><span style=\"color: #000000; font-size: 14px;\">Ihre Daten werden vertraulich behandelt, in \u00dcbereinstimmung mit der<\/span>\u00a0<a style=\"color: #002e5b; font-size: 14px;\" href=\"https:\/\/bizonfasteners.com\/de\/polityka-prywatnosci\/\">Datenschutzrichtlinie<\/a><\/p>\n\n\t\t<\/div>\n\t<\/div>\n<div class=\"stm-spacing\" id=\"stm-spacing-69fd3379dc222\"><\/div>\n<script>\n    (function($){\n        \"use strict\";\n        var spacingID = 'stm-spacing-69fd3379dc222',\n            lgSpacing = '49',\n            mdSpacing = '40',\n            smSpacing = '30',\n            xsSpacing = '20';\n\n        function stmSpacing() {\n            if ( window.matchMedia(\"(min-width: 1200px)\").matches && lgSpacing ) {\n                $( '#' + spacingID ).css ( \"height\", lgSpacing );\n            } else if ( window.matchMedia(\"(max-width: 1199px) and (min-width: 992px )\").matches && mdSpacing ) {\n                $( '#' + spacingID ).css ( \"height\", mdSpacing );\n            } else if ( window.matchMedia(\"(max-width: 991px) and (min-width: 768px )\").matches && smSpacing ) {\n                $( '#' + spacingID ).css ( \"height\", smSpacing );\n            } else if ( window.matchMedia(\"(max-width: 767px)\").matches && xsSpacing ) {\n                $( '#' + spacingID ).css ( \"height\", xsSpacing );\n            } else {\n                $( '#' + spacingID ).css ( \"height\", \"\" );\n            }\n        }\n\n        $(document).ready(function() {\n            stmSpacing();\n        });\n\n        $(window).resize(function() {\n            stmSpacing();\n        });\n\n    })(jQuery);\n<\/script><\/div><\/div><\/div><\/div><\/div><\/div><\/div><div class=\"wpb_column vc_column_container vc_col-sm-6\" data-stretch=\"right\"><div class=\"vc_column-inner vc_custom_1559294260257\"><div class=\"wpb_wrapper\"><div class=\"wpb_gmaps_widget wpb_content_element\"><div class=\"wpb_wrapper\"><div class=\"wpb_map_wraper\"><iframe src=\"https:\/\/www.google.com\/maps\/embed?pb=!1m18!1m12!1m3!1d2455.8308188401907!2d21.145918215941986!3d52.00996068165376!2m3!1f0!2f0!3f0!3m2!1i1024!2i768!4f13.1!3m3!1m2!1s0x4719286036e07025%3A0xe3ca705f81a4b60d!2sBIZON%20INT%20Sp.%20z%20o.o.!5e0!3m2!1spl!2spl!4v1613853102531!5m2!1spl!2spl\" width=\"600\" height=\"450\" style=\"border:0;\" allowfullscreen=\"\" loading=\"lazy\"><\/iframe><\/div><\/div><\/div><\/div><\/div><\/div><\/div>","protected":false},"excerpt":{"rendered":"Wir produzieren: 0 Tonnen Draht 0 Tonnen Klammerband 0 Tonnen Klammern 0 Tonnen N\u00e4gel Werte Engagement Ehrlichkeit: Vertrauen ist die Grundlage unserer Kunden- und Lieferantenbeziehungen Effizienz und Exzellenz: Wir legen Wert auf hochwertige Verarbeitung und streben nach Exzellenz in Alle unsere Produkte Qualit\u00e4ts- und Wertprodukte.Wir bieten allen unseren Kunden die h\u00f6chste Qualit\u00e4t der Dienstleistungen","protected":false},"author":1,"featured_media":0,"parent":0,"menu_order":0,"comment_status":"closed","ping_status":"closed","template":"","meta":[],"_links":{"self":[{"href":"https:\/\/bizonfasteners.com\/de\/wp-json\/wp\/v2\/pages\/1071"}],"collection":[{"href":"https:\/\/bizonfasteners.com\/de\/wp-json\/wp\/v2\/pages"}],"about":[{"href":"https:\/\/bizonfasteners.com\/de\/wp-json\/wp\/v2\/types\/page"}],"author":[{"embeddable":true,"href":"https:\/\/bizonfasteners.com\/de\/wp-json\/wp\/v2\/users\/1"}],"replies":[{"embeddable":true,"href":"https:\/\/bizonfasteners.com\/de\/wp-json\/wp\/v2\/comments?post=1071"}],"version-history":[{"count":48,"href":"https:\/\/bizonfasteners.com\/de\/wp-json\/wp\/v2\/pages\/1071\/revisions"}],"predecessor-version":[{"id":8350,"href":"https:\/\/bizonfasteners.com\/de\/wp-json\/wp\/v2\/pages\/1071\/revisions\/8350"}],"wp:attachment":[{"href":"https:\/\/bizonfasteners.com\/de\/wp-json\/wp\/v2\/media?parent=1071"}],"curies":[{"name":"wp","href":"https:\/\/api.w.org\/{rel}","templated":true}]}}