{"id":7784,"date":"2021-03-26T11:20:56","date_gmt":"2021-03-26T10:20:56","guid":{"rendered":"https:\/\/bizonfasteners.com\/?page_id=7784"},"modified":"2023-04-04T13:05:26","modified_gmt":"2023-04-04T11:05:26","slug":"o-nas-2","status":"publish","type":"page","link":"https:\/\/bizonfasteners.com\/de\/uber-uns\/","title":{"rendered":"\u00dcber uns"},"content":{"rendered":"<div class=\"vc_row wpb_row vc_row-fluid\"><div class=\"wpb_column vc_column_container vc_col-sm-12\"><div class=\"vc_column-inner\"><div class=\"wpb_wrapper\"><div class=\"vc_custom_heading text_align_left\" ><h2 style=\"text-align: left;font-family:Open Sans;font-weight:600;font-style:normal\" class=\"consulting-custom-title\">BIZON - polnische Marke, die Produkte von europ\u00e4ischer Qualit\u00e4t anbietet<\/h2><\/div><\/div><\/div><\/div><\/div><div class=\"vc_row wpb_row vc_row-fluid\"><div class=\"wpb_column vc_column_container vc_col-sm-6 vc_col-lg-6 vc_col-md-12\"><div class=\"vc_column-inner\"><div class=\"wpb_wrapper\">\n\t<div class=\"wpb_text_column wpb_content_element  text-justify\" >\n\t\t<div class=\"wpb_wrapper\">\n\t\t\t<p>Seit \u00fcber drei\u00dfig Jahren stellen wir Heftklammern, N\u00e4gel, Schrauben und andere Befestigungselemente her, die von Fachleuten aus vielen Branchen verwendet werden, von der M\u00f6belindustrie, \u00fcber allgemein verst\u00e4ndliche Holzarbeiten bis hin zu der Automobil und Bauindustrie.<\/p>\n<p class=\"translation-block\">Unsere Geschichte begann 1985, als der Firmengr\u00fcnder Piotr Komierowski das <strong>BIZON-Maschinenwerk<\/strong> in Warschau er\u00f6ffnete und mit der Produktion von B\u00fcroklammern begann. Bereits 1987 war es notwendig, den Produktionsbereich erheblich zu erweitern und mit dem Bau einer Halle in Piaseczno zu beginnen. Der Zusammenbruch des Kommunismus in Polen und die \u00d6ffnung der Grenzen erm\u00f6glichten es dem Unternehmen, mit dem deutschen Hersteller von Werkzeugen <strong>BeA<\/strong> zusammenzuarbeiten und das Unternehmen <strong>BizeA<\/strong> zu gr\u00fcnden, das f\u00fcr beide Unternehmen zum Alleinvertriebsh\u00e4ndler in f\u00fcr beide Unternehmen in Mittel- und Osteuropa<\/p>\n<p class=\"translation-block\">Die folgenden Jahre boten Raum f\u00fcr die dynamische Entwicklung der Marke <strong>BIZON<\/strong>. 1992 wurde die erste Maschine zur Herstellung von Heftklammern vom Band auf den Markt gebracht, 1994 die erste exzentrische Hochgeschwindigkeitspresse zur Herstellung von Heftklammern und 2005 die erste Linie zum Verkleben vom Heftklammerband.<\/p>\n\n\t\t<\/div>\n\t<\/div>\n<\/div><\/div><\/div><div class=\"wpb_column vc_column_container vc_col-sm-6 vc_col-lg-6 vc_col-md-12\"><div class=\"vc_column-inner vc_custom_1616776185448\"><div class=\"wpb_wrapper\">\n\t<div  class=\"wpb_single_image wpb_content_element vc_align_center   img-responsive\">\n\t\t\n\t\t<figure class=\"wpb_wrapper vc_figure\">\n\t\t\t<a data-rel=\"prettyPhoto[rel-7784-4192360612]\" href=\"https:\/\/bizonfasteners.com\/wp-content\/uploads\/2021\/03\/MN_BIZON_orig1-1024x758.jpg\" target=\"_self\" class=\"vc_single_image-wrapper   vc_box_border_grey prettyphoto\"><img width=\"1024\" height=\"758\" src=\"https:\/\/bizonfasteners.com\/wp-content\/uploads\/2021\/03\/MN_BIZON_orig1-1024x758.jpg\" class=\"vc_single_image-img attachment-large\" alt=\"Grafik, Autor: Marian Nowi\u0144ski 1990\" decoding=\"async\" loading=\"lazy\" srcset=\"https:\/\/bizonfasteners.com\/wp-content\/uploads\/2021\/03\/MN_BIZON_orig1-1024x758.jpg 1024w, https:\/\/bizonfasteners.com\/wp-content\/uploads\/2021\/03\/MN_BIZON_orig1-300x222.jpg 300w, https:\/\/bizonfasteners.com\/wp-content\/uploads\/2021\/03\/MN_BIZON_orig1-768x569.jpg 768w, https:\/\/bizonfasteners.com\/wp-content\/uploads\/2021\/03\/MN_BIZON_orig1-900x666.jpg 900w, https:\/\/bizonfasteners.com\/wp-content\/uploads\/2021\/03\/MN_BIZON_orig1-500x370.jpg 500w, https:\/\/bizonfasteners.com\/wp-content\/uploads\/2021\/03\/MN_BIZON_orig1-64x47.jpg 64w, https:\/\/bizonfasteners.com\/wp-content\/uploads\/2021\/03\/MN_BIZON_orig1.jpg 1140w\" sizes=\"(max-width: 1024px) 100vw, 1024px\" \/><\/a><figcaption class=\"vc_figure-caption\">Grafik, Autor: Marian Nowi\u0144ski 1990<\/figcaption>\n\t\t<\/figure>\n\t<\/div>\n<\/div><\/div><\/div><\/div><div class=\"vc_row wpb_row vc_row-fluid vc_custom_1617199728842\"><div class=\"wpb_column vc_column_container vc_col-sm-12\"><div class=\"vc_column-inner\"><div class=\"wpb_wrapper\">\n\t<div class=\"wpb_text_column wpb_content_element\" >\n\t\t<div class=\"wpb_wrapper\">\n\t\t\t<p>2008 veranlasste die Marktnachfrage unser Unternehmen, seine Aktivit\u00e4ten auf die Herstellung von N\u00e4geln und nur ein Jahr sp\u00e4ter von Draht auszudehnen. Dadurch haben wir die Kontrolle \u00fcber den gesamten Herstellungsprozess von Verbindungselementen erlangt, von der Herstellung von Draht aus metallurgischen Rohstoffen bis zur Herstellung von Heftklammern, Stiften und N\u00e4geln. Sp\u00e4tere \u00c4nderungen, die Einf\u00fchrung neuer Technologien und Produkte, f\u00fchrten zu einer \u00c4nderung des Hauptsitzes des Unternehmens nach Tomice. Dort wurden weitere Produktions- und Lagerhallen gebaut. Eine Reihe von Produktions- und Lagereinrichtungen, die von Grund auf neu entwickelt wurden, ein innovativer Maschinenpark und Produktionstechnologie, ein modernes IT-System und hochqualifiziertes Personal garantieren das effiziente Funktionieren von Produktion, Service und Vertrieb.<\/p>\n\n\t\t<\/div>\n\t<\/div>\n<\/div><\/div><\/div><\/div><div class=\"vc_row wpb_row vc_row-fluid\"><div class=\"wpb_column vc_column_container vc_col-sm-12\"><div class=\"vc_column-inner\"><div class=\"wpb_wrapper\"><div class=\"vc_empty_space\"   style=\"height: 32px\"><span class=\"vc_empty_space_inner\"><\/span><\/div><\/div><\/div><\/div><\/div><div class=\"vc_row wpb_row vc_row-fluid\"><div class=\"wpb_column vc_column_container vc_col-sm-12\"><div class=\"vc_column-inner\"><div class=\"wpb_wrapper\"><div class=\"vc_custom_heading text_align_left\" ><h2 style=\"text-align: left;font-family:Open Sans;font-weight:600;font-style:normal\" class=\"consulting-custom-title\">Europ\u00e4ische Qualit\u00e4t. Schnelle Lieferung.<\/h2><\/div><\/div><\/div><\/div><\/div><div class=\"vc_row wpb_row vc_row-fluid\"><div class=\"wpb_column vc_column_container vc_col-sm-12\"><div class=\"vc_column-inner\"><div class=\"wpb_wrapper\">\n\t<div class=\"wpb_text_column wpb_content_element  text-justify\" >\n\t\t<div class=\"wpb_wrapper\">\n\t\t\t<p class=\"translation-block\"><strong>BIZON<\/strong> ist heute Europas gr\u00f6\u00dfter Hersteller von Heftklammern und setzt durch den Einsatz innovativer Produktions- und Technologiel\u00f6sungen neue Ma\u00dfst\u00e4be. Das Ergebnis: Unsere Kunden erhalten die Ware sofort, immer p\u00fcnktlich und vor allem in h\u00f6chster Qualit\u00e4t.<\/p>\n<p>Unsere Verbindungselemente sind in Produkten fast auf der ganzen Welt zu finden.<\/p>\n\n\t\t<\/div>\n\t<\/div>\n\n\t<div  class=\"wpb_single_image wpb_content_element vc_align_left   img-responsive\">\n\t\t\n\t\t<figure class=\"wpb_wrapper vc_figure\">\n\t\t\t<div class=\"vc_single_image-wrapper   vc_box_border_grey\"><img width=\"1920\" height=\"451\" src=\"https:\/\/bizonfasteners.com\/wp-content\/uploads\/2021\/04\/el_zlaczne_onas.jpg\" class=\"vc_single_image-img attachment-full\" alt=\"\" decoding=\"async\" loading=\"lazy\" srcset=\"https:\/\/bizonfasteners.com\/wp-content\/uploads\/2021\/04\/el_zlaczne_onas.jpg 1920w, https:\/\/bizonfasteners.com\/wp-content\/uploads\/2021\/04\/el_zlaczne_onas-300x70.jpg 300w, https:\/\/bizonfasteners.com\/wp-content\/uploads\/2021\/04\/el_zlaczne_onas-1024x241.jpg 1024w, https:\/\/bizonfasteners.com\/wp-content\/uploads\/2021\/04\/el_zlaczne_onas-768x180.jpg 768w, https:\/\/bizonfasteners.com\/wp-content\/uploads\/2021\/04\/el_zlaczne_onas-1536x361.jpg 1536w, https:\/\/bizonfasteners.com\/wp-content\/uploads\/2021\/04\/el_zlaczne_onas-16x4.jpg 16w, https:\/\/bizonfasteners.com\/wp-content\/uploads\/2021\/04\/el_zlaczne_onas-900x211.jpg 900w, https:\/\/bizonfasteners.com\/wp-content\/uploads\/2021\/04\/el_zlaczne_onas-500x117.jpg 500w, https:\/\/bizonfasteners.com\/wp-content\/uploads\/2021\/04\/el_zlaczne_onas-64x15.jpg 64w\" sizes=\"(max-width: 1920px) 100vw, 1920px\" \/><\/div>\n\t\t<\/figure>\n\t<\/div>\n\n\t<div  class=\"wpb_single_image wpb_content_element vc_align_left   img-responsive\">\n\t\t\n\t\t<figure class=\"wpb_wrapper vc_figure\">\n\t\t\t<div class=\"vc_single_image-wrapper   vc_box_border_grey\"><img width=\"1920\" height=\"785\" src=\"https:\/\/bizonfasteners.com\/wp-content\/uploads\/2019\/09\/bizon_o_nas_2023.jpg\" class=\"vc_single_image-img attachment-full\" alt=\"Siedziba firmy - zdj\u0119cie\" decoding=\"async\" loading=\"lazy\" srcset=\"https:\/\/bizonfasteners.com\/wp-content\/uploads\/2019\/09\/bizon_o_nas_2023.jpg 1920w, https:\/\/bizonfasteners.com\/wp-content\/uploads\/2019\/09\/bizon_o_nas_2023-300x123.jpg 300w, https:\/\/bizonfasteners.com\/wp-content\/uploads\/2019\/09\/bizon_o_nas_2023-1024x419.jpg 1024w, https:\/\/bizonfasteners.com\/wp-content\/uploads\/2019\/09\/bizon_o_nas_2023-768x314.jpg 768w, https:\/\/bizonfasteners.com\/wp-content\/uploads\/2019\/09\/bizon_o_nas_2023-1536x628.jpg 1536w, https:\/\/bizonfasteners.com\/wp-content\/uploads\/2019\/09\/bizon_o_nas_2023-16x7.jpg 16w, https:\/\/bizonfasteners.com\/wp-content\/uploads\/2019\/09\/bizon_o_nas_2023-900x368.jpg 900w, https:\/\/bizonfasteners.com\/wp-content\/uploads\/2019\/09\/bizon_o_nas_2023-500x204.jpg 500w, https:\/\/bizonfasteners.com\/wp-content\/uploads\/2019\/09\/bizon_o_nas_2023-64x26.jpg 64w\" sizes=\"(max-width: 1920px) 100vw, 1920px\" \/><\/div>\n\t\t<\/figure>\n\t<\/div>\n<\/div><\/div><\/div><\/div>","protected":false},"excerpt":{"rendered":"BIZON - eine polnische Marke, die Produkte europ\u00e4ischer Qualit\u00e4t anbietet.Seit \u00fcber drei\u00dfig Jahren produzieren wir Klammern, N\u00e4gel, Schrauben und andere Befestigungselemente, die von Fachleuten aus vielen Branchen verwendet werden, von der M\u00f6belindustrie \u00fcber die Holzverarbeitung bis hin zur Bau- und Automobilindustrie Die Geschichte begann 1985 mit der Er\u00f6ffnung des Firmengr\u00fcnders Piotr Komierowski in Warschau","protected":false},"author":1,"featured_media":0,"parent":0,"menu_order":0,"comment_status":"closed","ping_status":"closed","template":"","meta":[],"_links":{"self":[{"href":"https:\/\/bizonfasteners.com\/de\/wp-json\/wp\/v2\/pages\/7784"}],"collection":[{"href":"https:\/\/bizonfasteners.com\/de\/wp-json\/wp\/v2\/pages"}],"about":[{"href":"https:\/\/bizonfasteners.com\/de\/wp-json\/wp\/v2\/types\/page"}],"author":[{"embeddable":true,"href":"https:\/\/bizonfasteners.com\/de\/wp-json\/wp\/v2\/users\/1"}],"replies":[{"embeddable":true,"href":"https:\/\/bizonfasteners.com\/de\/wp-json\/wp\/v2\/comments?post=7784"}],"version-history":[{"count":53,"href":"https:\/\/bizonfasteners.com\/de\/wp-json\/wp\/v2\/pages\/7784\/revisions"}],"predecessor-version":[{"id":8297,"href":"https:\/\/bizonfasteners.com\/de\/wp-json\/wp\/v2\/pages\/7784\/revisions\/8297"}],"wp:attachment":[{"href":"https:\/\/bizonfasteners.com\/de\/wp-json\/wp\/v2\/media?parent=7784"}],"curies":[{"name":"wp","href":"https:\/\/api.w.org\/{rel}","templated":true}]}}