{"id":8088,"date":"2021-04-08T11:44:03","date_gmt":"2021-04-08T09:44:03","guid":{"rendered":"https:\/\/bizonfasteners.com\/?page_id=8088"},"modified":"2021-04-08T11:51:36","modified_gmt":"2021-04-08T09:51:36","slug":"dofinansowanie-z-ue","status":"publish","type":"page","link":"https:\/\/bizonfasteners.com\/de\/eu-zuschusse\/","title":{"rendered":"EU-Zusch\u00fcsse"},"content":{"rendered":"<div class=\"vc_row wpb_row vc_row-fluid\"><div class=\"wpb_column vc_column_container vc_col-sm-12\"><div class=\"vc_column-inner\"><div class=\"wpb_wrapper\">\n\t<div class=\"wpb_text_column wpb_content_element\" >\n\t\t<div class=\"wpb_wrapper\">\n\t\t\t<p>Die kontinuierliche Entwicklung der Firma <strong>BIZON<\/strong> war unter anderem dank der finanziellen Mittel der Europ\u00e4ischen Union m\u00f6glich. Die wichtigsten Investitionen, die aus europ\u00e4ischen Fonds kofinanziert wurden und das aktuelle Bild der Gesellschaft beeinflussen, sind wie folgt:<\/p>\n<p><strong>Im Jahr 2007:<\/strong><\/p>\n<p><em><strong>1. Inbetriebnahme einer modernen hocheffizienten technologischen Linie f\u00fcr die Produktion von mehrstr\u00e4ngigen B\u00e4ndern (Vertrag SPOWKP\/2.3\/3\/14\/01387):<\/strong><\/em><\/p>\n<p>Projektwert: 3.233.000,00 PLN<br \/>\nAnteil der Europ\u00e4ischen Union: 1 250 000,00 PLN<\/p>\n<p><em><strong>2. Inbetriebnahme einer hocheffizienten computergesteuerten technologischen Linie f\u00fcr die Produktion von Industrieklammern (Vertrag SPOWKP\/2.3\/3\/14\/01386):<\/strong><\/em><\/p>\n<p>Projektwert: PLN 2.537.600,00<br \/>\nAnteil der Europ\u00e4ischen Union: 1.040.000,00 PLN<\/p>\n<p><strong>Im Jahr 2008:<\/strong><\/p>\n<p><em><strong>1. Einf\u00fchrung einer innovativen Technologie zur Herstellung d\u00fcnner Dr\u00e4hte im Nassziehverfahren (Vertrag SPOWKP\/2.3\/1\/14\/01607):<\/strong><\/em><\/p>\n<p>Projektwert: PLN 3 175 660,00<br \/>\nAnteil der Europ\u00e4ischen Union: 1 250 000,00 PLN<\/p>\n<p><em><strong>2. Inbetriebnahme einer hocheffizienten technologischen Linie zum Galvanisieren von Draht mit einer Zinkschicht (Vertrag SPOWKP\/2.3\/1\/14\/01608):<\/strong><\/em><\/p>\n<p>Projektwert: 3.413.560,00 PLN<br \/>\nAnteil der Europ\u00e4ischen Union: 1 250 000,00 PLN<\/p>\n<p><em><strong>3. Einf\u00fchrung der modernen Technologie der industriellen Produktion von kombinierten N\u00e4geln f\u00fcr Druckluftnagler (Vertrag SPOWKP\/2.3\/1\/14\/01609):<\/strong><\/em><\/p>\n<p>Projektwert: 3.645.360,00 PLN<br \/>\nAnteil der Europ\u00e4ischen Union: 1 250 000,00 PLN<\/p>\n<p><strong>Im Jahr 2014:<\/strong><\/p>\n<p><em><strong>1. Es wurde das Projekt \u201eInnovative Technologie f\u00fcr die Produktion von geformten Drahtn\u00e4geln, die zu Spulen oder flachen Paketen kombiniert werden, als Garantie f\u00fcr die Steigerung der Wettbewerbsf\u00e4higkeit der Firma Bizon Metal\u201c realisiert (Vertrag POIG.04.03.00-00-563\/11-00 ):<\/strong><\/em><\/p>\n<p>Projektwert: 11.000.000,00 PLN<br \/>\nAnteil der Europ\u00e4ischen Union: 4 000 000,00 PLN<\/p>\n<p><em><strong>2. Das Projekt &quot;Innovativ<\/strong><\/em><em><strong>\u00a0Drahtformungstechnologie als Garantie f\u00fcr Innovation der industriellen Heftklammer - Gerillte Heftklammer &quot;(Vereinbarung WND-POIG.04.04.00-14-055 \/ 09-00):<\/strong><\/em><\/p>\n<p>Projektwert: PLN 24.224.750,00<br \/>\nAnteil der Europ\u00e4ischen Union: 7 900 150,00 PLN<\/p>\n\n\t\t<\/div>\n\t<\/div>\n<div class=\"vc_empty_space\"   style=\"height: 32px\"><span class=\"vc_empty_space_inner\"><\/span><\/div><\/div><\/div><\/div><\/div><div class=\"vc_row wpb_row vc_row-fluid vc_row-o-equal-height vc_row-o-content-middle vc_row-flex\"><div class=\"wpb_column vc_column_container vc_col-sm-4\"><div class=\"vc_column-inner\"><div class=\"wpb_wrapper\">\n\t<div  class=\"wpb_single_image wpb_content_element vc_align_center  vc_custom_1617875466891  img-responsive\">\n\t\t\n\t\t<figure class=\"wpb_wrapper vc_figure\">\n\t\t\t<div class=\"vc_single_image-wrapper   vc_box_border_grey\"><img width=\"987\" height=\"319\" src=\"https:\/\/bizonfasteners.com\/wp-content\/uploads\/2019\/09\/InowacyjnaGospodarka_logo.jpg\" class=\"vc_single_image-img attachment-full\" alt=\"\" decoding=\"async\" loading=\"lazy\" srcset=\"https:\/\/bizonfasteners.com\/wp-content\/uploads\/2019\/09\/InowacyjnaGospodarka_logo.jpg 987w, https:\/\/bizonfasteners.com\/wp-content\/uploads\/2019\/09\/InowacyjnaGospodarka_logo-300x97.jpg 300w, https:\/\/bizonfasteners.com\/wp-content\/uploads\/2019\/09\/InowacyjnaGospodarka_logo-768x248.jpg 768w, https:\/\/bizonfasteners.com\/wp-content\/uploads\/2019\/09\/InowacyjnaGospodarka_logo-16x5.jpg 16w, https:\/\/bizonfasteners.com\/wp-content\/uploads\/2019\/09\/InowacyjnaGospodarka_logo-900x291.jpg 900w, https:\/\/bizonfasteners.com\/wp-content\/uploads\/2019\/09\/InowacyjnaGospodarka_logo-500x162.jpg 500w, https:\/\/bizonfasteners.com\/wp-content\/uploads\/2019\/09\/InowacyjnaGospodarka_logo-64x21.jpg 64w\" sizes=\"(max-width: 987px) 100vw, 987px\" \/><\/div>\n\t\t<\/figure>\n\t<\/div>\n<\/div><\/div><\/div><div class=\"wpb_column vc_column_container vc_col-sm-4\"><div class=\"vc_column-inner\"><div class=\"wpb_wrapper\">\n\t<div  class=\"wpb_single_image wpb_content_element vc_align_center  vc_custom_1617875477941  img-responsive\">\n\t\t\n\t\t<figure class=\"wpb_wrapper vc_figure\">\n\t\t\t<div class=\"vc_single_image-wrapper   vc_box_border_grey\"><img width=\"1439\" height=\"419\" src=\"https:\/\/bizonfasteners.com\/wp-content\/uploads\/2019\/09\/BIZON_logo.jpg\" class=\"vc_single_image-img attachment-full\" alt=\"\" decoding=\"async\" loading=\"lazy\" srcset=\"https:\/\/bizonfasteners.com\/wp-content\/uploads\/2019\/09\/BIZON_logo.jpg 1439w, https:\/\/bizonfasteners.com\/wp-content\/uploads\/2019\/09\/BIZON_logo-300x87.jpg 300w, https:\/\/bizonfasteners.com\/wp-content\/uploads\/2019\/09\/BIZON_logo-1024x298.jpg 1024w, https:\/\/bizonfasteners.com\/wp-content\/uploads\/2019\/09\/BIZON_logo-768x224.jpg 768w, https:\/\/bizonfasteners.com\/wp-content\/uploads\/2019\/09\/BIZON_logo-16x5.jpg 16w, https:\/\/bizonfasteners.com\/wp-content\/uploads\/2019\/09\/BIZON_logo-900x262.jpg 900w, https:\/\/bizonfasteners.com\/wp-content\/uploads\/2019\/09\/BIZON_logo-500x146.jpg 500w, https:\/\/bizonfasteners.com\/wp-content\/uploads\/2019\/09\/BIZON_logo-64x19.jpg 64w\" sizes=\"(max-width: 1439px) 100vw, 1439px\" \/><\/div>\n\t\t<\/figure>\n\t<\/div>\n<\/div><\/div><\/div><div class=\"wpb_column vc_column_container vc_col-sm-4\"><div class=\"vc_column-inner\"><div class=\"wpb_wrapper\">\n\t<div  class=\"wpb_single_image wpb_content_element vc_align_left  vc_custom_1617875492174  img-responsive\">\n\t\t\n\t\t<figure class=\"wpb_wrapper vc_figure\">\n\t\t\t<div class=\"vc_single_image-wrapper   vc_box_border_grey\"><img width=\"1221\" height=\"308\" src=\"https:\/\/bizonfasteners.com\/wp-content\/uploads\/2019\/09\/RozwojRegionalny_logo.jpg\" class=\"vc_single_image-img attachment-full\" alt=\"\" decoding=\"async\" loading=\"lazy\" srcset=\"https:\/\/bizonfasteners.com\/wp-content\/uploads\/2019\/09\/RozwojRegionalny_logo.jpg 1221w, https:\/\/bizonfasteners.com\/wp-content\/uploads\/2019\/09\/RozwojRegionalny_logo-300x76.jpg 300w, https:\/\/bizonfasteners.com\/wp-content\/uploads\/2019\/09\/RozwojRegionalny_logo-1024x258.jpg 1024w, https:\/\/bizonfasteners.com\/wp-content\/uploads\/2019\/09\/RozwojRegionalny_logo-768x194.jpg 768w, https:\/\/bizonfasteners.com\/wp-content\/uploads\/2019\/09\/RozwojRegionalny_logo-16x4.jpg 16w, https:\/\/bizonfasteners.com\/wp-content\/uploads\/2019\/09\/RozwojRegionalny_logo-900x227.jpg 900w, https:\/\/bizonfasteners.com\/wp-content\/uploads\/2019\/09\/RozwojRegionalny_logo-500x126.jpg 500w, https:\/\/bizonfasteners.com\/wp-content\/uploads\/2019\/09\/RozwojRegionalny_logo-64x16.jpg 64w\" sizes=\"(max-width: 1221px) 100vw, 1221px\" \/><\/div>\n\t\t<\/figure>\n\t<\/div>\n<\/div><\/div><\/div><\/div>","protected":false},"excerpt":{"rendered":"Die kontinuierliche Weiterentwicklung von BIZON war unter anderem m\u00f6glich durch Dank der von der Europ\u00e4ischen Union erhaltenen Mittel. Die wichtigsten aus europ\u00e4ischen Mitteln kofinanzierten Investitionen, die sich auf das heutige Image des Unternehmens auswirken, sind: 2007: 1. Inbetriebnahme einer modernen Hochleistungs-Technologielinie zur Herstellung von Mehrstrang-Tape (Auftrag SPOWKP \/ 2.3 \/ 14.03.01387): Projektwert: 3.233.000,00 PLN Beitrag der Europ\u00e4ischen Union: 1.250.000,00 PLN","protected":false},"author":1,"featured_media":0,"parent":0,"menu_order":0,"comment_status":"closed","ping_status":"closed","template":"","meta":[],"_links":{"self":[{"href":"https:\/\/bizonfasteners.com\/de\/wp-json\/wp\/v2\/pages\/8088"}],"collection":[{"href":"https:\/\/bizonfasteners.com\/de\/wp-json\/wp\/v2\/pages"}],"about":[{"href":"https:\/\/bizonfasteners.com\/de\/wp-json\/wp\/v2\/types\/page"}],"author":[{"embeddable":true,"href":"https:\/\/bizonfasteners.com\/de\/wp-json\/wp\/v2\/users\/1"}],"replies":[{"embeddable":true,"href":"https:\/\/bizonfasteners.com\/de\/wp-json\/wp\/v2\/comments?post=8088"}],"version-history":[{"count":5,"href":"https:\/\/bizonfasteners.com\/de\/wp-json\/wp\/v2\/pages\/8088\/revisions"}],"predecessor-version":[{"id":8097,"href":"https:\/\/bizonfasteners.com\/de\/wp-json\/wp\/v2\/pages\/8088\/revisions\/8097"}],"wp:attachment":[{"href":"https:\/\/bizonfasteners.com\/de\/wp-json\/wp\/v2\/media?parent=8088"}],"curies":[{"name":"wp","href":"https:\/\/api.w.org\/{rel}","templated":true}]}}