{"id":7315,"date":"2021-03-10T12:21:21","date_gmt":"2021-03-10T11:21:21","guid":{"rendered":"https:\/\/bizonfasteners.com\/?post_type=product&#038;p=7315"},"modified":"2021-04-26T17:49:11","modified_gmt":"2021-04-26T15:49:11","slug":"zszywki-tapicerskie-typ-71","status":"publish","type":"product","link":"https:\/\/bizonfasteners.com\/de\/produkt\/zszywki-tapicerskie-typ-71\/","title":{"rendered":"Polsterklammern vom Typ 71"},"content":{"rendered":"<p>L\u00e4ngen: 4, 6, 8, 10, 12, 14, 16 mm<\/p>\n<p>Material:<\/p>\n<ul>\n<li>hochwertiger galvanisch verzinkter Stahl<\/li>\n<li><strong>NR<\/strong>\u00a0- Edelstahl 1.4301 in Klasse A2 oder 1.4401 in Klasse A4<\/li>\n<\/ul>\n<p>Sonderversionen:<\/p>\n<p>- schwarz lackiert oder in einer beliebigen Farbe von RAL<\/p>\n<p>&nbsp;<\/p>","protected":false},"excerpt":{"rendered":"<p><strong>Polsterklammern vom Typ 71<\/strong><\/p>\n<p>Es eignet sich perfekt f\u00fcr die meisten Polsterarbeiten, sowohl zum Befestigen von Stoffen als auch von Pappe, die in Rahmen von Polsterm\u00f6beln verwendet werden. Aufgrund der etwas schmaleren Krone als beim Typ 380 eignet es sich f\u00fcr die Polsterung in Kurven. Durch einen d\u00fcnnen Draht haften sie besser in Kunststoffelementen. Auch f\u00fcr Autopolster und Befestigungsdichtungen in Dachfenstern geeignet.<\/p>","protected":false},"featured_media":7712,"template":"","meta":[],"_links":{"self":[{"href":"https:\/\/bizonfasteners.com\/de\/wp-json\/wp\/v2\/product\/7315"}],"collection":[{"href":"https:\/\/bizonfasteners.com\/de\/wp-json\/wp\/v2\/product"}],"about":[{"href":"https:\/\/bizonfasteners.com\/de\/wp-json\/wp\/v2\/types\/product"}],"wp:featuredmedia":[{"embeddable":true,"href":"https:\/\/bizonfasteners.com\/de\/wp-json\/wp\/v2\/media\/7712"}],"wp:attachment":[{"href":"https:\/\/bizonfasteners.com\/de\/wp-json\/wp\/v2\/media?parent=7315"}],"curies":[{"name":"wp","href":"https:\/\/api.w.org\/{rel}","templated":true}]}}