{"id":7319,"date":"2021-03-10T12:36:30","date_gmt":"2021-03-10T11:36:30","guid":{"rendered":"https:\/\/bizonfasteners.com\/?post_type=product&#038;p=7319"},"modified":"2021-04-26T17:46:53","modified_gmt":"2021-04-26T15:46:53","slug":"zszywki-tapicerskie-typ-74","status":"publish","type":"product","link":"https:\/\/bizonfasteners.com\/de\/produkt\/zszywki-tapicerskie-typ-74\/","title":{"rendered":"Heftklammern Typ 74"},"content":{"rendered":"<p>L\u00e4ngen: 4, 6, 8, 10, 12, 14, 16, 19 mm<\/p>\n<p>Material:<\/p>\n<ul>\n<li>hochwertiger galvanisch verzinkter Stahl<\/li>\n<li><strong>NR<\/strong>\u00a0- Edelstahl 1.4301 in Klasse A2 oder 1.4401 in Klasse A4<\/li>\n<\/ul>\n<p>Sonderversionen:<\/p>\n<p>- schwarz lackiert oder in einer beliebigen Farbe von RAL<\/p>\n<p>&nbsp;<\/p>","protected":false},"excerpt":{"rendered":"<p><strong>Heftklammern Typ 74<\/strong><\/p>\n<p>Perfekt f\u00fcr die Herstellung von Kurzwaren aus Holz, insbesondere f\u00fcr schmale, rissanf\u00e4llige Elemente.<\/p>","protected":false},"featured_media":7714,"template":"","meta":[],"_links":{"self":[{"href":"https:\/\/bizonfasteners.com\/de\/wp-json\/wp\/v2\/product\/7319"}],"collection":[{"href":"https:\/\/bizonfasteners.com\/de\/wp-json\/wp\/v2\/product"}],"about":[{"href":"https:\/\/bizonfasteners.com\/de\/wp-json\/wp\/v2\/types\/product"}],"wp:featuredmedia":[{"embeddable":true,"href":"https:\/\/bizonfasteners.com\/de\/wp-json\/wp\/v2\/media\/7714"}],"wp:attachment":[{"href":"https:\/\/bizonfasteners.com\/de\/wp-json\/wp\/v2\/media?parent=7319"}],"curies":[{"name":"wp","href":"https:\/\/api.w.org\/{rel}","templated":true}]}}