{"id":7384,"date":"2021-03-11T20:40:57","date_gmt":"2021-03-11T19:40:57","guid":{"rendered":"https:\/\/bizonfasteners.com\/?post_type=product&#038;p=7384"},"modified":"2021-04-26T17:26:23","modified_gmt":"2021-04-26T15:26:23","slug":"zszywki-stolarskie-typ-14","status":"publish","type":"product","link":"https:\/\/bizonfasteners.com\/de\/produkt\/zszywki-stolarskie-typ-14\/","title":{"rendered":"Tischlerklammern Typ 14"},"content":{"rendered":"<p>L\u00e4ngen: 15, 18, 21, 25, 28, 30, 32, 35, 38, 40, 45, 50, 55, 60, 65 mm<\/p>\n<p>Material:<\/p>\n<ul>\n<li><strong>NK<\/strong> - hochwertiger galvanisch verzinkter Stahl, mit Harz \u00fcberzogen<strong><\/strong><\/li>\n<li><strong>BK<\/strong> - Qualit\u00e4tsstahl, mit Harz \u00fcberzogen<\/li>\n<li><strong>NR<\/strong>\u00a0- Edelstahl 1.4301 Klasse A2 oder 1.4401 Klasse A4<\/li>\n<\/ul>\n<p>Sonderversionen:<\/p>\n<p><strong>DP<\/strong> - Spreizklammern mit abwechselnd diagonal geschnittenen Klingen, um eine besser sitzende Verbindung im Material zu erzielen.<\/p>\n<p><strong>SPREIZ<\/strong> - Spreizklammern mit nach au\u00dfen gekippten hinterschnittenen Klingen sorgen f\u00fcr eine besser sitzende Verbindung im Material.<\/p>","protected":false},"excerpt":{"rendered":"<p><strong>Tischlerklammern Typ 14<\/strong><\/p>\n<p>Die beliebtesten Tischlerheftklammern f\u00fcr die Herstellung allgemein verst\u00e4ndlicher Holzkonstruktionen, von Polsterm\u00f6belrahmen bis hin zu Geb\u00e4udestrukturen. Sie werden auch zur Herstellung von Holzverpackungen verwendet. Einhaltung der Norm PN-EN 14592 (EC 5) f\u00fcr Holzbaukonstruktionen.<\/p>","protected":false},"featured_media":7732,"template":"","meta":[],"_links":{"self":[{"href":"https:\/\/bizonfasteners.com\/de\/wp-json\/wp\/v2\/product\/7384"}],"collection":[{"href":"https:\/\/bizonfasteners.com\/de\/wp-json\/wp\/v2\/product"}],"about":[{"href":"https:\/\/bizonfasteners.com\/de\/wp-json\/wp\/v2\/types\/product"}],"wp:featuredmedia":[{"embeddable":true,"href":"https:\/\/bizonfasteners.com\/de\/wp-json\/wp\/v2\/media\/7732"}],"wp:attachment":[{"href":"https:\/\/bizonfasteners.com\/de\/wp-json\/wp\/v2\/media?parent=7384"}],"curies":[{"name":"wp","href":"https:\/\/api.w.org\/{rel}","templated":true}]}}