{"id":7394,"date":"2021-03-11T20:50:11","date_gmt":"2021-03-11T19:50:11","guid":{"rendered":"https:\/\/bizonfasteners.com\/?post_type=product&#038;p=7394"},"modified":"2021-04-26T17:09:43","modified_gmt":"2021-04-26T15:09:43","slug":"zszywki-stolarskie-typ-94","status":"publish","type":"product","link":"https:\/\/bizonfasteners.com\/de\/produkt\/zszywki-stolarskie-typ-94\/","title":{"rendered":"Tischlerklammern Typ 94"},"content":{"rendered":"<p>L\u00e4nge: 15, 18, 21, 25, 30, 32, mm<\/p>\n<p>Material:<\/p>\n<ul>\n<li>hochwertiger elektrolytisch verzinkter Stahl, mit Harz \u00fcberzogen<\/li>\n<li><strong>AL<\/strong>\u00a0- Aluminium<\/li>\n<li>\u00a0<strong>NR<\/strong>\u00a0- Edelstahl 1.4301 Klasse A2 oder 1.4401 Klasse A4<\/li>\n<\/ul>\n<p>&nbsp;<\/p>","protected":false},"excerpt":{"rendered":"<p><strong>Tischlerklammern Typ 94<\/strong><\/p>\n<p>Heftklammern f\u00fcr die Herstellung von Holzverpackungen, Geb\u00e4udestrukturen sowie allgemeiner Tischlerei. Breiter R\u00fccken f\u00fcr besseren Halt auf Faserplatten und Pappe. Einhaltung der Norm PN-EN 14592 (EC 5) f\u00fcr Holzbaukonstruktionen.<\/p>","protected":false},"featured_media":7731,"template":"","meta":[],"_links":{"self":[{"href":"https:\/\/bizonfasteners.com\/de\/wp-json\/wp\/v2\/product\/7394"}],"collection":[{"href":"https:\/\/bizonfasteners.com\/de\/wp-json\/wp\/v2\/product"}],"about":[{"href":"https:\/\/bizonfasteners.com\/de\/wp-json\/wp\/v2\/types\/product"}],"wp:featuredmedia":[{"embeddable":true,"href":"https:\/\/bizonfasteners.com\/de\/wp-json\/wp\/v2\/media\/7731"}],"wp:attachment":[{"href":"https:\/\/bizonfasteners.com\/de\/wp-json\/wp\/v2\/media?parent=7394"}],"curies":[{"name":"wp","href":"https:\/\/api.w.org\/{rel}","templated":true}]}}