{"id":7396,"date":"2021-03-11T20:56:22","date_gmt":"2021-03-11T19:56:22","guid":{"rendered":"https:\/\/bizonfasteners.com\/?post_type=product&#038;p=7396"},"modified":"2021-04-26T17:07:54","modified_gmt":"2021-04-26T15:07:54","slug":"zszywki-stolarskie-typ-140","status":"publish","type":"product","link":"https:\/\/bizonfasteners.com\/de\/produkt\/zszywki-stolarskie-typ-140\/","title":{"rendered":"Tischlerklammern Typ 140"},"content":{"rendered":"<p>L\u00e4ngen: 14, 16, 19, 22, 25, 30, 35, 38, mm<\/p>\n<p>Material:<\/p>\n<ul>\n<li>hochwertiger galvanisch verzinkter Stahl, mit Harz \u00fcberzogen<\/li>\n<li><strong>AL<\/strong>\u00a0- Aluminium<\/li>\n<\/ul>\n<p>&nbsp;<\/p>","protected":false},"excerpt":{"rendered":"<p><strong>Tischlerklammern Typ 140<\/strong><\/p>\n<p>Heftklammern f\u00fcr Tischler- und Geb\u00e4udestrukturen sowie f\u00fcr die Herstellung von Holz- und Kartonverpackungen sowie Paletten. Sie eignen sich perfekt f\u00fcr Sto\u00dffugen in M\u00f6beln und Skelettstrukturen. In Aluminiumversion f\u00fcr technologische Verbindungen zur Verarbeitung von Holz oder Holzwerkstoffen. Einhaltung der Norm PN-EN 14592 (EC 5) f\u00fcr Holzbaukonstruktionen.<\/p>","protected":false},"featured_media":7735,"template":"","meta":[],"_links":{"self":[{"href":"https:\/\/bizonfasteners.com\/de\/wp-json\/wp\/v2\/product\/7396"}],"collection":[{"href":"https:\/\/bizonfasteners.com\/de\/wp-json\/wp\/v2\/product"}],"about":[{"href":"https:\/\/bizonfasteners.com\/de\/wp-json\/wp\/v2\/types\/product"}],"wp:featuredmedia":[{"embeddable":true,"href":"https:\/\/bizonfasteners.com\/de\/wp-json\/wp\/v2\/media\/7735"}],"wp:attachment":[{"href":"https:\/\/bizonfasteners.com\/de\/wp-json\/wp\/v2\/media?parent=7396"}],"curies":[{"name":"wp","href":"https:\/\/api.w.org\/{rel}","templated":true}]}}