{"id":7402,"date":"2021-03-11T21:02:08","date_gmt":"2021-03-11T20:02:08","guid":{"rendered":"https:\/\/bizonfasteners.com\/?post_type=product&#038;p=7402"},"modified":"2021-04-26T16:56:04","modified_gmt":"2021-04-26T14:56:04","slug":"zszywki-do-kartonu-typ-packfix-c-32","status":"publish","type":"product","link":"https:\/\/bizonfasteners.com\/de\/produkt\/zszywki-do-kartonu-typ-packfix-c-32\/","title":{"rendered":"Heftklammern f\u00fcr Pappe, Typ Packfix C 32"},"content":{"rendered":"<p>L\u00e4ngen: 15, 18, mm<\/p>\n<p>Material: hochwertiger galvanisch verzinkter Stahl und mit Harz \u00fcberzogen<\/p>","protected":false},"excerpt":{"rendered":"<p><strong>Heftklammern f\u00fcr Pappe, Typ Packfix C 32<\/strong><\/p>\n<p>Heftklammern zum Verschlie\u00dfen von Wellpappenverpackungen. Das Verschlie\u00dfen des Kartons mit Heftklammern sorgt f\u00fcr eine optimal starke Verbindung und dient gleichzeitig als Versiegelung. Durch das \u00d6ffnen des Kartons bleiben sichtbare Sch\u00e4den zur\u00fcck.<\/p>","protected":false},"featured_media":7728,"template":"","meta":[],"_links":{"self":[{"href":"https:\/\/bizonfasteners.com\/de\/wp-json\/wp\/v2\/product\/7402"}],"collection":[{"href":"https:\/\/bizonfasteners.com\/de\/wp-json\/wp\/v2\/product"}],"about":[{"href":"https:\/\/bizonfasteners.com\/de\/wp-json\/wp\/v2\/types\/product"}],"wp:featuredmedia":[{"embeddable":true,"href":"https:\/\/bizonfasteners.com\/de\/wp-json\/wp\/v2\/media\/7728"}],"wp:attachment":[{"href":"https:\/\/bizonfasteners.com\/de\/wp-json\/wp\/v2\/media?parent=7402"}],"curies":[{"name":"wp","href":"https:\/\/api.w.org\/{rel}","templated":true}]}}