{"id":7452,"date":"2021-03-13T14:39:22","date_gmt":"2021-03-13T13:39:22","guid":{"rendered":"https:\/\/bizonfasteners.com\/?post_type=product&#038;p=7452"},"modified":"2021-04-26T16:54:26","modified_gmt":"2021-04-26T14:54:26","slug":"spinki-c-ring-typ-cl20x18","status":"publish","type":"product","link":"https:\/\/bizonfasteners.com\/de\/produkt\/spinki-c-ring-typ-cl20x18\/","title":{"rendered":"C-Ring Typ CL20x1.8"},"content":{"rendered":"<p>Manschettenabmessungen: 23,9 x 12; Draht mit 1,8 mm Durchmesser<\/p>\n<p>Material \/ Verarbeitung:<\/p>\n<p>- - <strong>NK<\/strong> - elektrolytisch verzinkter Stahldraht<\/p>\n<p>- - <strong>GR\u00dcN -<\/strong> galvanisch verzinkter Stahldraht, Lack (andere Farbe auf Anfrage)<\/p>\n<p>- - <strong>CRAPAL<\/strong> - Stahldraht, Zinkbeschichtung mit Zusatz von Aluminium wird auch als &quot;GALFAN&quot; bezeichnet.<\/p>","protected":false},"excerpt":{"rendered":"<p><strong>C-Ring Typ CL20x1.8<\/strong><\/p>\n<p>Manschettenkn\u00f6pfe zum Verbinden von Federn und Federstoffen bei der Herstellung von Polsterm\u00f6beln und Matratzen. Wird auch verwendet, um Abdeckungen mit dem Metallrahmen von Autositzen zu verbinden. Sie eignen sich hervorragend zum Schlie\u00dfen von Beuteln und f\u00fcr andere Verpackungsanwendungen. Gr\u00fcn lackiert f\u00fcr die Herstellung k\u00fcnstlicher Weihnachtsb\u00e4ume. CRAPL-Version mit h\u00f6herer Korrosionsbest\u00e4ndigkeit f\u00fcr die Montage von leichten Gabionen. Wird auch zur Herstellung von K\u00e4figen f\u00fcr Tiere, Land- und Waldz\u00e4une und zum Anschluss von Stacheldr\u00e4hten in speziellen Z\u00e4unen verwendet - Gef\u00e4ngnissen, Milit\u00e4r- und Eisenbahnanlagen.<\/p>","protected":false},"featured_media":7812,"template":"","meta":[],"_links":{"self":[{"href":"https:\/\/bizonfasteners.com\/de\/wp-json\/wp\/v2\/product\/7452"}],"collection":[{"href":"https:\/\/bizonfasteners.com\/de\/wp-json\/wp\/v2\/product"}],"about":[{"href":"https:\/\/bizonfasteners.com\/de\/wp-json\/wp\/v2\/types\/product"}],"wp:featuredmedia":[{"embeddable":true,"href":"https:\/\/bizonfasteners.com\/de\/wp-json\/wp\/v2\/media\/7812"}],"wp:attachment":[{"href":"https:\/\/bizonfasteners.com\/de\/wp-json\/wp\/v2\/media?parent=7452"}],"curies":[{"name":"wp","href":"https:\/\/api.w.org\/{rel}","templated":true}]}}