{"id":7453,"date":"2021-03-13T14:39:40","date_gmt":"2021-03-13T13:39:40","guid":{"rendered":"https:\/\/bizonfasteners.com\/?post_type=product&#038;p=7453"},"modified":"2021-03-26T15:04:39","modified_gmt":"2021-03-26T14:04:39","slug":"spinki-c-ring-typ-cl9x15","status":"publish","type":"product","link":"https:\/\/bizonfasteners.com\/de\/produkt\/spinki-c-ring-typ-cl9x15\/","title":{"rendered":"C-Ring Typ CL9x1.5"},"content":{"rendered":"<p>Manschettenabmessungen: 11,8 x 6,6; Draht mit einem Durchmesser von 1,5 mm<\/p>\n<p>Wir bieten Manschettenkn\u00f6pfe an:<\/p>\n<p>- - <strong>NK<\/strong> elektrolytisch verzinkter Stahldraht<\/p>","protected":false},"excerpt":{"rendered":"<p><strong>C-Ring Typ CL9x1.5<\/strong><\/p>\n<p>Clips zur Verbindung von Federn und Stoffen mit Federn bei der Herstellung von Polsterm\u00f6beln und Matratzen. Sie eignen sich hervorragend zum Schlie\u00dfen von Beuteln und f\u00fcr andere Verpackungsanwendungen. Sie bilden sehr kleine Kreise, die zum Festziehen und Verbinden von Leitungen und Kabeln verwendet werden.<\/p>","protected":false},"featured_media":7825,"template":"","meta":[],"_links":{"self":[{"href":"https:\/\/bizonfasteners.com\/de\/wp-json\/wp\/v2\/product\/7453"}],"collection":[{"href":"https:\/\/bizonfasteners.com\/de\/wp-json\/wp\/v2\/product"}],"about":[{"href":"https:\/\/bizonfasteners.com\/de\/wp-json\/wp\/v2\/types\/product"}],"wp:featuredmedia":[{"embeddable":true,"href":"https:\/\/bizonfasteners.com\/de\/wp-json\/wp\/v2\/media\/7825"}],"wp:attachment":[{"href":"https:\/\/bizonfasteners.com\/de\/wp-json\/wp\/v2\/media?parent=7453"}],"curies":[{"name":"wp","href":"https:\/\/api.w.org\/{rel}","templated":true}]}}