{"id":7454,"date":"2021-03-13T14:40:21","date_gmt":"2021-03-13T13:40:21","guid":{"rendered":"https:\/\/bizonfasteners.com\/?post_type=product&#038;p=7454"},"modified":"2021-03-26T15:02:17","modified_gmt":"2021-03-26T14:02:17","slug":"spinki-c-ring-typ-cl12x16","status":"publish","type":"product","link":"https:\/\/bizonfasteners.com\/de\/produkt\/spinki-c-ring-typ-cl12x16\/","title":{"rendered":"C-Ring Typ CL12x1.6"},"content":{"rendered":"<p>Manschettenabmessungen: 16,8 x 9; Draht mit einem Durchmesser von 1,6 mm<\/p>\n<p>Wir bieten Manschettenkn\u00f6pfe an:<\/p>\n<p>- - <strong>NR <\/strong>- Edelstahl 1.4301, Klasse A2<\/p>\n<p>- - <strong>CRAPAL<\/strong> - Stahldraht, Zinkbeschichtung mit Zusatz von Aluminium wird auch als &quot;GALFAN&quot; bezeichnet.<\/p>\n<p>- - <strong>NK<\/strong> elektrolytisch verzinkter Stahldraht<\/p>","protected":false},"excerpt":{"rendered":"<p><strong>C-Ring Typ CL12x1.6<\/strong><\/p>\n<p>Clips, die haupts\u00e4chlich zur Herstellung von K\u00e4figen f\u00fcr Pelztiere und andere leichte Drahtstrukturen verwendet werden.<\/p>","protected":false},"featured_media":7823,"template":"","meta":[],"_links":{"self":[{"href":"https:\/\/bizonfasteners.com\/de\/wp-json\/wp\/v2\/product\/7454"}],"collection":[{"href":"https:\/\/bizonfasteners.com\/de\/wp-json\/wp\/v2\/product"}],"about":[{"href":"https:\/\/bizonfasteners.com\/de\/wp-json\/wp\/v2\/types\/product"}],"wp:featuredmedia":[{"embeddable":true,"href":"https:\/\/bizonfasteners.com\/de\/wp-json\/wp\/v2\/media\/7823"}],"wp:attachment":[{"href":"https:\/\/bizonfasteners.com\/de\/wp-json\/wp\/v2\/media?parent=7454"}],"curies":[{"name":"wp","href":"https:\/\/api.w.org\/{rel}","templated":true}]}}