{"id":7562,"date":"2021-03-15T15:47:29","date_gmt":"2021-03-15T14:47:29","guid":{"rendered":"https:\/\/bizonfasteners.com\/?post_type=product&#038;p=7562"},"modified":"2021-04-26T16:45:29","modified_gmt":"2021-04-26T14:45:29","slug":"zszywki-do-papieru-typ-24","status":"publish","type":"product","link":"https:\/\/bizonfasteners.com\/de\/produkt\/zszywki-do-papieru-typ-24\/","title":{"rendered":"24 Papierklammern"},"content":{"rendered":"<p>L\u00e4ngen: 6, 8 mm<\/p>\n<p>Material: hochwertiger galvanisch verzinkter Stahl<\/p>","protected":false},"excerpt":{"rendered":"<p><strong>24 Papierklammern<\/strong><\/p>\n<p>Die am h\u00e4ufigsten verwendete Heftklammer in B\u00fcroheftern. 24\/8-Heftklammern erm\u00f6glichen das Heften von mehreren Dutzend 80-g-Seiten und werden zum Heften von Notizb\u00fcchern verwendet. Wird auch zur Herstellung von K\u00f6rben verwendet. Eine 24\/6-Heftklammer fasst bis zu 30 Blatt 80 g Papier.<\/p>","protected":false},"featured_media":7724,"template":"","meta":[],"_links":{"self":[{"href":"https:\/\/bizonfasteners.com\/de\/wp-json\/wp\/v2\/product\/7562"}],"collection":[{"href":"https:\/\/bizonfasteners.com\/de\/wp-json\/wp\/v2\/product"}],"about":[{"href":"https:\/\/bizonfasteners.com\/de\/wp-json\/wp\/v2\/types\/product"}],"wp:featuredmedia":[{"embeddable":true,"href":"https:\/\/bizonfasteners.com\/de\/wp-json\/wp\/v2\/media\/7724"}],"wp:attachment":[{"href":"https:\/\/bizonfasteners.com\/de\/wp-json\/wp\/v2\/media?parent=7562"}],"curies":[{"name":"wp","href":"https:\/\/api.w.org\/{rel}","templated":true}]}}