{"id":8157,"date":"2021-04-09T16:44:29","date_gmt":"2021-04-09T14:44:29","guid":{"rendered":"https:\/\/bizonfasteners.com\/?post_type=product&#038;p=8157"},"modified":"2021-04-12T13:59:27","modified_gmt":"2021-04-12T11:59:27","slug":"gwozdzie-bdc-jumbo","status":"publish","type":"product","link":"https:\/\/bizonfasteners.com\/de\/produkt\/gwozdzie-bdc-jumbo\/","title":{"rendered":"BDC JUMBO N\u00e4gel"},"content":{"rendered":"<p>Material, Verarbeitung wie bei Standard-BDC-Spulen<br \/>\nDurchmesser \/ L\u00e4ngen \/ Anzahl der N\u00e4gel in einer Spule:<br \/>\n<strong>\u00a0 \u00a0 \u00a02,1<\/strong> (2,3) \/ von <strong>22 bis 55 mm<\/strong> \/ <strong>1.200 St\u00fcck<\/strong><br \/>\n<strong>\u00a0 \u00a0 \u00a02,5<\/strong> mm \/ von <strong>30 bis 75 mm<\/strong> \/\u00a0\u00a0 <strong>900 St\u00fcck<\/strong><br \/>\n<strong>\u00a0 \u00a0 \u00a02,8<\/strong> (2,7) \/ von <strong>60 bis 90<\/strong> mm \/ \u00a0\u00a0<strong>800 St\u00fcck<\/strong><br \/>\n<strong>\u00a0 \u00a0 \u00a03,1<\/strong> (3.3) \/ von <strong>60 bis 130<\/strong> mm \/ <strong>600 St\u00fcck<\/strong><br \/>\nAuf Anfrage produzieren wir auch gewickelte BDC-N\u00e4gel auf Spulen mit einer Kapazit\u00e4t von bis zu 3.000 St\u00fcck.<\/p>","protected":false},"excerpt":{"rendered":"<p><strong>BDC JUMBO N\u00e4gel <\/strong><\/p>\n<p>N\u00e4gel in gro\u00dfen JUMBO-Spulen, die mit einem Draht verbunden sind, um mit Werkzeugen mit einem JUMBO-Magazin eingeschlagen zu werden. Wird an Montagelinien, Maschinen und Robotern verwendet.<\/p>","protected":false},"featured_media":8151,"template":"","meta":[],"_links":{"self":[{"href":"https:\/\/bizonfasteners.com\/de\/wp-json\/wp\/v2\/product\/8157"}],"collection":[{"href":"https:\/\/bizonfasteners.com\/de\/wp-json\/wp\/v2\/product"}],"about":[{"href":"https:\/\/bizonfasteners.com\/de\/wp-json\/wp\/v2\/types\/product"}],"wp:featuredmedia":[{"embeddable":true,"href":"https:\/\/bizonfasteners.com\/de\/wp-json\/wp\/v2\/media\/8151"}],"wp:attachment":[{"href":"https:\/\/bizonfasteners.com\/de\/wp-json\/wp\/v2\/media?parent=8157"}],"curies":[{"name":"wp","href":"https:\/\/api.w.org\/{rel}","templated":true}]}}