{"id":8220,"date":"2021-04-16T19:50:54","date_gmt":"2021-04-16T17:50:54","guid":{"rendered":"https:\/\/bizonfasteners.com\/?post_type=product&#038;p=8220"},"modified":"2021-12-13T00:42:34","modified_gmt":"2021-12-12T23:42:34","slug":"sztyfty-z-lbem-typ-sk-am-400","status":"publish","type":"product","link":"https:\/\/bizonfasteners.com\/de\/produkt\/sztyfty-z-lbem-typ-sk-am-400\/","title":{"rendered":"Stifte mit kopf typ: SK AM 400"},"content":{"rendered":"<p>Material \/ Verarbeitung:<br \/>\n&nbsp;&nbsp;&nbsp;&nbsp;&nbsp;&nbsp;<strong>NK<\/strong> - galvanisierter Stahl<br \/>\nL\u00e4nge:<br \/>\n&nbsp;&nbsp;&nbsp;&nbsp;&nbsp;&nbsp;von <strong>25<\/strong> Nieder <strong>50 mm<\/strong><\/p>","protected":false},"excerpt":{"rendered":"<p><strong>Stifte mit kopf typ: SK AM 400<\/strong><\/p>\n<p>SK AM-Sticks werden durch Pakete in einem Winkel von 34 Grad zum H\u00e4mmern mit Druckluftwerkzeugen verbunden. Das Magazin in einem Winkel erm\u00f6glicht einen bequemen Zugang zum Nageln in den Ecken von Rahmenstrukturen. Haupts\u00e4chlich in der M\u00f6belindustrie und beim Bau von Ausstellungs- und Ladenst\u00e4nden eingesetzt.<\/p>","protected":false},"featured_media":8283,"template":"","meta":[],"_links":{"self":[{"href":"https:\/\/bizonfasteners.com\/de\/wp-json\/wp\/v2\/product\/8220"}],"collection":[{"href":"https:\/\/bizonfasteners.com\/de\/wp-json\/wp\/v2\/product"}],"about":[{"href":"https:\/\/bizonfasteners.com\/de\/wp-json\/wp\/v2\/types\/product"}],"wp:featuredmedia":[{"embeddable":true,"href":"https:\/\/bizonfasteners.com\/de\/wp-json\/wp\/v2\/media\/8283"}],"wp:attachment":[{"href":"https:\/\/bizonfasteners.com\/de\/wp-json\/wp\/v2\/media?parent=8220"}],"curies":[{"name":"wp","href":"https:\/\/api.w.org\/{rel}","templated":true}]}}