{"id":7684,"date":"2021-03-18T12:34:07","date_gmt":"2021-03-18T11:34:07","guid":{"rendered":"https:\/\/bizonfasteners.com\/?post_type=product&#038;p=7684"},"modified":"2021-04-27T16:47:54","modified_gmt":"2021-04-27T14:47:54","slug":"zlacza-dwuteowe-zd","status":"publish","type":"product","link":"https:\/\/bizonfasteners.com\/en\/product\/zlacza-dwuteowe-zd\/","title":{"rendered":"Joint Nails ZD"},"content":{"rendered":"<p><strong>Joint Nails ZD<\/strong><\/p>\n<p>We produce ZD in two widths: 16 and 17 mm<\/p>\n<p>length:<\/p>\n<p>39, 51, 64, 76, 88, 101, 112, 125 mm<br \/>\n1.5 &quot;, 2&quot;, 2.5 &quot;, 3&quot;, 3.5 &quot;, 4&quot;, 4.5 &quot;, 5&quot;<\/p>","protected":false},"excerpt":{"rendered":"<p><strong>Joint Nails ZD<\/strong><\/p>\n<p>BIZON type ZD - Double Tapered Joint Nails and Flared Clamping Nails, known in the woodworking industry as clamp nails, coffin nails, spline nails and door frame nails are specifically designed for forming wood joints in furniture, cabinets, general construction, caskets, door frames and windows.  The nails join two pieces of kerf-sawed wood together in a tight and accurate wood joint application that is simple and secure with a durable and lasting fit.<\/p>\n<p class=\"translation-block\">\u2013 pozwala si\u0119 \u0142atwo wbija\u0107 w ka\u017cdy rodzaj drewna<br>\n\u2013 doskonale \u015bci\u0105ga \u0142\u0105czone deski \u2013 sto\u017ckowy kszta\u0142t i rozszerzenie (dodatkowe rozszerzenie na pocz\u0105tkowym odcinku z\u0142\u0105cza)<br>\n\u2013 tworzy mocne, trwa\u0142e oraz niewidoczne po\u0142\u0105czenie k\u0105towe<\/p>","protected":false},"featured_media":7690,"template":"","meta":[],"_links":{"self":[{"href":"https:\/\/bizonfasteners.com\/en\/wp-json\/wp\/v2\/product\/7684"}],"collection":[{"href":"https:\/\/bizonfasteners.com\/en\/wp-json\/wp\/v2\/product"}],"about":[{"href":"https:\/\/bizonfasteners.com\/en\/wp-json\/wp\/v2\/types\/product"}],"wp:featuredmedia":[{"embeddable":true,"href":"https:\/\/bizonfasteners.com\/en\/wp-json\/wp\/v2\/media\/7690"}],"wp:attachment":[{"href":"https:\/\/bizonfasteners.com\/en\/wp-json\/wp\/v2\/media?parent=7684"}],"curies":[{"name":"wp","href":"https:\/\/api.w.org\/{rel}","templated":true}]}}