{"id":7074,"date":"2021-02-20T23:21:24","date_gmt":"2021-02-20T22:21:24","guid":{"rendered":"https:\/\/bizonfasteners.com\/?page_id=7074"},"modified":"2025-04-16T18:05:14","modified_gmt":"2025-04-16T16:05:14","slug":"kontakt","status":"publish","type":"page","link":"https:\/\/bizonfasteners.com\/lt\/kontakt\/","title":{"rendered":"Kontaktai"},"content":{"rendered":"<div data-vc-full-width=\"true\" data-vc-full-width-init=\"false\" class=\"vc_row wpb_row vc_row-fluid full_height_columns vc_custom_1617720570825 vc_row-has-fill vc_row-o-equal-height vc_row-flex\"><div class=\"secondary_style wpb_column vc_column_container vc_col-sm-6 vc_col-lg-6 vc_col-md-12 vc_col-xs-12\"><div class=\"vc_column-inner\"><div class=\"wpb_wrapper\"><div class=\"vc_row wpb_row vc_inner vc_row-fluid secondary_style vc_custom_1617720117649 vc_row-has-fill vc_row-o-equal-height vc_row-flex\"><div class=\"wpb_column vc_column_container vc_col-sm-12 vc_col-lg-12 vc_col-md-12 vc_col-xs-12\"><div class=\"vc_column-inner\"><div class=\"wpb_wrapper\"><div class=\"vc_empty_space\"   style=\"height: 60px\"><span class=\"vc_empty_space_inner\"><\/span><\/div>\n\t<div class=\"wpb_text_column wpb_content_element  vc_custom_1618303903197 border_base_color\" >\n\t\t<div class=\"wpb_wrapper\">\n\t\t\t<p><strong>Ar turite klausim\u0173 - skambinkite mums arba si\u0173skite \u017einut\u0119<\/strong><\/p>\n\n\t\t<\/div>\n\t<\/div>\n\n<div class=\"stm_contacts_widget  style_4\">\n    \n            <h4 class=\"no_stripe\">Adresas<\/h4>\n    \n    \n        <ul>\n                            <li>\n                    <div class=\"icon\"><i class=\"fa fa-map-marker\"><\/i><\/div>\n                    <div class=\"text\">Tomice, ul. Europejska 4<br \/>\n05-532 Baniocha<\/div>\n                <\/li>\n                                        <li>\n                    <div class=\"icon\"><i class=\"fa fa-phone\"><\/i><\/div>\n                    <div class=\"text\">\n                        +48 22 244 17 00                                            <\/div>\n                <\/li>\n                                        <li>\n                    <div class=\"icon\"><i class=\"fa fa-fax\"><\/i><\/div>\n                    <div class=\"text\">\n                        +48 22 244 52 77                    <\/div>\n                <\/li>\n                                        <li>\n                    <div class=\"icon\"><i class=\"fa fa-envelope\"><\/i><\/div>\n                    <div class=\"text\"><a href=\"mailto:&#105;nfo&#64;&#98;ize&#97;&#46;&#99;om&#46;p&#108;\">&#105;n&#102;o&#64;&#98;&#105;&#122;&#101;a.com&#46;pl<\/a><\/div>\n                <\/li>\n                                <\/ul>\n        \n    \n<\/div>\n\t<div class=\"wpb_text_column wpb_content_element  szary_kontakt\" >\n\t\t<div class=\"wpb_wrapper\">\n\t\t\t<div><\/div>\n<div><\/div>\n<div><span style=\"color: #575757;\">\u201eBizon INT sp. Z oo\u201c \u012fregistruota Var\u0161uvos sostin\u0117s XIV komercinio skyriaus apygardos teisme, KRS 0000435571<\/span><\/div>\n<div><span style=\"color: #575757;\">NIP 1231273141, REGON: 146335010, \u012fstatinis kapitalas 192 000,00 PLN<\/span><\/div>\n\n\t\t<\/div>\n\t<\/div>\n<div class=\"vc_empty_space\"   style=\"height: 90px\"><span class=\"vc_empty_space_inner\"><\/span><\/div><\/div><\/div><\/div><\/div><\/div><\/div><\/div><div class=\"wpb_column vc_column_container vc_col-sm-6 vc_col-lg-6 vc_col-md-12 vc_col-xs-12\"><div class=\"vc_column-inner vc_custom_1617720931931\"><div class=\"wpb_wrapper\"><div class=\"vc_empty_space\"   style=\"height: 50px\"><span class=\"vc_empty_space_inner\"><\/span><\/div><div role=\"form\" class=\"wpcf7\" id=\"wpcf7-f4451-o1\" lang=\"en-US\" dir=\"ltr\">\n<div class=\"screen-reader-response\"><p role=\"status\" aria-live=\"polite\" aria-atomic=\"true\"><\/p> <ul><\/ul><\/div>\n<form action=\"\/lt\/wp-json\/wp\/v2\/pages\/7074#wpcf7-f4451-o1\" method=\"post\" class=\"wpcf7-form init\" novalidate=\"novalidate\" data-status=\"init\" data-trp-original-action=\"\/lt\/wp-json\/wp\/v2\/pages\/7074#wpcf7-f4451-o1\">\n<div style=\"display: none;\">\n<input type=\"hidden\" name=\"_wpcf7\" value=\"4451\" \/>\n<input type=\"hidden\" name=\"_wpcf7_version\" value=\"5.3.2\" \/>\n<input type=\"hidden\" name=\"_wpcf7_locale\" value=\"en_US\" \/>\n<input type=\"hidden\" name=\"_wpcf7_unit_tag\" value=\"wpcf7-f4451-o1\" \/>\n<input type=\"hidden\" name=\"_wpcf7_container_post\" value=\"0\" \/>\n<input type=\"hidden\" name=\"_wpcf7_posted_data_hash\" value=\"\" \/>\n<input type=\"hidden\" name=\"_wpcf7_recaptcha_response\" value=\"\" \/>\n<\/div>\n<div class=\"contact_us\">\n<div class=\"row\">\n<div class=\"col-lg-6 col-md-6 col-sm-6 col-xs-12\">\n<div class=\"input-group\">\n                <span class=\"wpcf7-form-control-wrap your-message\"><textarea name=\"your-message\" cols=\"40\" rows=\"10\" class=\"wpcf7-form-control wpcf7-textarea wpcf7-validates-as-required\" aria-required=\"true\" aria-invalid=\"false\" placeholder=\"\u017dinut\u0117 *\"><\/textarea><\/span>\n            <\/div>\n<div class=\"input-group\">\n                <span class=\"wpcf7-form-control-wrap firma\"><input type=\"text\" name=\"firma\" value=\"\" size=\"40\" class=\"wpcf7-form-control wpcf7-text\" aria-invalid=\"false\" placeholder=\"Adresas\" \/><\/span>\n            <\/div><\/div>\n<div class=\"col-lg-6 col-md-6 col-sm-6 col-xs-12\">\n<div class=\"input-group\">\n                <span class=\"wpcf7-form-control-wrap your-name\"><input type=\"text\" name=\"your-name\" value=\"\" size=\"40\" class=\"wpcf7-form-control wpcf7-text wpcf7-validates-as-required\" aria-required=\"true\" aria-invalid=\"false\" placeholder=\"Vardas Pavard\u0117 *\" \/><\/span>\n            <\/div>\n<div class=\"input-group\">\n                <span class=\"wpcf7-form-control-wrap your-email\"><input type=\"email\" name=\"your-email\" value=\"\" size=\"40\" class=\"wpcf7-form-control wpcf7-text wpcf7-email wpcf7-validates-as-required wpcf7-validates-as-email\" aria-required=\"true\" aria-invalid=\"false\" placeholder=\"El. Pa\u0161tas *\" \/><\/span>\n            <\/div>\n<div class=\"input-group\">\n                <span class=\"wpcf7-form-control-wrap your-phone\"><input type=\"tel\" name=\"your-phone\" value=\"\" size=\"40\" class=\"wpcf7-form-control wpcf7-text wpcf7-tel wpcf7-validates-as-required wpcf7-validates-as-tel\" aria-required=\"true\" aria-invalid=\"false\" placeholder=\"Tel. *\" \/><\/span>\n            <\/div>\n<div class=\"input-group\">\n                <span class=\"wpcf7-form-control-wrap firma\"><input type=\"text\" name=\"firma\" value=\"\" size=\"40\" class=\"wpcf7-form-control wpcf7-text\" aria-invalid=\"false\" placeholder=\"Verslas\" \/><\/span>\n            <\/div><\/div><\/div>\n<div style=\"width:0px;height:0px\"<\/p>\n<span class=\"wpcf7-form-control-wrap recaptcha\" data-name=\"recaptcha\"><span data-sitekey=\"6LflKtMaAAAAAFcTA5S5iBHmgeWWlwTpTpnuAwvp\" class=\"wpcf7-form-control g-recaptcha wpcf7-recaptcha\"><\/span>\r\n<noscript>\r\n\t<div class=\"grecaptcha-noscript\">\r\n\t\t<iframe src=\"https:\/\/www.google.com\/recaptcha\/api\/fallback?k=6LflKtMaAAAAAFcTA5S5iBHmgeWWlwTpTpnuAwvp\" frameborder=\"0\" scrolling=\"no\" width=\"310\" height=\"430\">\r\n\t\t<\/iframe>\r\n\t\t<textarea name=\"g-recaptcha-response\" rows=\"3\" cols=\"40\" placeholder=\"\u201ereCaptcha\u201c atsakymas \u010dia\">\r\n\t\t<\/textarea>\r\n\t<\/div>\r\n<\/noscript>\r\n<\/span>\n<\/div>\n<div style=\"height:90px\"><\/div>\n<div class=\"input-group text-center\">\n      <button type=\"submit\" class=\"button theme_style_4 size-lg bordered icon_right\">Si\u0173sti <i class=\"fa fa-chevron-right\"><\/i><\/button>\n    <\/div>\n<input type=\"hidden\" name=\"trp-form-language\" value=\"lt\"\/><\/div>\n<div class=\"wpcf7-response-output\" aria-hidden=\"true\"><\/div><\/form><\/div><\/div><\/div><\/div><\/div><div class=\"vc_row-full-width vc_clearfix\"><\/div><div data-vc-full-width=\"true\" data-vc-full-width-init=\"false\" data-vc-stretch-content=\"true\" class=\"vc_row wpb_row vc_row-fluid vc_custom_1485423323752 vc_row-no-padding\"><div class=\"wpb_column vc_column_container vc_col-sm-12\"><div class=\"vc_column-inner\"><div class=\"wpb_wrapper\"><div class=\"wpb_gmaps_widget wpb_content_element\"><div class=\"wpb_wrapper\"><div class=\"wpb_map_wraper\"><iframe src=\"https:\/\/www.google.com\/maps\/embed?pb=!1m18!1m12!1m3!1d2455.8308188401907!2d21.145918215941986!3d52.00996068165376!2m3!1f0!2f0!3f0!3m2!1i1024!2i768!4f13.1!3m3!1m2!1s0x4719286036e07025%3A0xe3ca705f81a4b60d!2sBIZON%20INT%20Sp.%20z%20o.o.!5e0!3m2!1spl!2spl!4v1614957430566!5m2!1spl!2spl\" width=\"100%\" height=\"382px\" style=\"border:0;\" allowfullscreen=\"\" loading=\"lazy\"><\/iframe><\/div><\/div><\/div><\/div><\/div><\/div><\/div><div class=\"vc_row-full-width vc_clearfix\"><\/div><div class=\"vc_row wpb_row vc_row-fluid\"><div class=\"wpb_column vc_column_container vc_col-sm-12\"><div class=\"vc_column-inner\"><div class=\"wpb_wrapper\"><\/div><\/div><\/div><\/div><div class=\"vc_row wpb_row vc_row-fluid\"><div class=\"wpb_column vc_column_container vc_col-sm-12\"><div class=\"vc_column-inner\"><div class=\"wpb_wrapper\">\n\t<div class=\"wpb_text_column wpb_content_element\" >\n\t\t<div class=\"wpb_wrapper\">\n\t\t\t\n\t\t<\/div>\n\t<\/div>\n<\/div><\/div><\/div><\/div>","protected":false},"excerpt":{"rendered":"Masz pytania \u2013 zadzwo\u0144, lub wy\u015blij wiadomo\u015b\u0107 Adres Tomice, ul. Europejska 05-532 Baniocha +48 22 244 17 00 +48 22 244 52 77 &#105;nfo&#64;b&#105;z&#101;a&#46;c&#111;&#109;.pl Bizon INT sp. z o.o. zarejestrowana w S\u0105dzie Rejonowym dla m.st.Warszawy Wydzia\u0142 XIV Gospodarczy KRS 0000435571 NIP 1231273141, Regon: 146335010, Kapita\u0142 zak\u0142adowy \u00a0192.000,00 PLN","protected":false},"author":1,"featured_media":0,"parent":0,"menu_order":0,"comment_status":"closed","ping_status":"closed","template":"","meta":[],"_links":{"self":[{"href":"https:\/\/bizonfasteners.com\/lt\/wp-json\/wp\/v2\/pages\/7074"}],"collection":[{"href":"https:\/\/bizonfasteners.com\/lt\/wp-json\/wp\/v2\/pages"}],"about":[{"href":"https:\/\/bizonfasteners.com\/lt\/wp-json\/wp\/v2\/types\/page"}],"author":[{"embeddable":true,"href":"https:\/\/bizonfasteners.com\/lt\/wp-json\/wp\/v2\/users\/1"}],"replies":[{"embeddable":true,"href":"https:\/\/bizonfasteners.com\/lt\/wp-json\/wp\/v2\/comments?post=7074"}],"version-history":[{"count":91,"href":"https:\/\/bizonfasteners.com\/lt\/wp-json\/wp\/v2\/pages\/7074\/revisions"}],"predecessor-version":[{"id":8344,"href":"https:\/\/bizonfasteners.com\/lt\/wp-json\/wp\/v2\/pages\/7074\/revisions\/8344"}],"wp:attachment":[{"href":"https:\/\/bizonfasteners.com\/lt\/wp-json\/wp\/v2\/media?parent=7074"}],"curies":[{"name":"wp","href":"https:\/\/api.w.org\/{rel}","templated":true}]}}