{"id":7784,"date":"2021-03-26T11:20:56","date_gmt":"2021-03-26T10:20:56","guid":{"rendered":"https:\/\/bizonfasteners.com\/?page_id=7784"},"modified":"2023-04-04T13:05:26","modified_gmt":"2023-04-04T11:05:26","slug":"o-nas-2","status":"publish","type":"page","link":"https:\/\/bizonfasteners.com\/lt\/o-nas-2\/","title":{"rendered":"Apie mus"},"content":{"rendered":"<div class=\"vc_row wpb_row vc_row-fluid\"><div class=\"wpb_column vc_column_container vc_col-sm-12\"><div class=\"vc_column-inner\"><div class=\"wpb_wrapper\"><div class=\"vc_custom_heading text_align_left\" ><h2 style=\"text-align: left;font-family:Open Sans;font-weight:600;font-style:normal\" class=\"consulting-custom-title\">BIZON - lenki\u0161kas prek\u0117s \u017eenklas, si\u016blantis europin\u0117s kokyb\u0117s produktus<\/h2><\/div><\/div><\/div><\/div><\/div><div class=\"vc_row wpb_row vc_row-fluid\"><div class=\"wpb_column vc_column_container vc_col-sm-6 vc_col-lg-6 vc_col-md-12\"><div class=\"vc_column-inner\"><div class=\"wpb_wrapper\">\n\t<div class=\"wpb_text_column wpb_content_element  text-justify\" >\n\t\t<div class=\"wpb_wrapper\">\n\t\t\t<p>Jau daugiau nei trisde\u0161imt met\u0173 mes gaminame kabes, vinius, var\u017etus ir kitus tvirtinimo elementus, kuriuos naudoja daugelio pramon\u0117s sri\u010di\u0173 profesionalai, pradedant baldais, pla\u010diai suprantant medienos dirbinius, baigiant statybos ir automobili\u0173 pramone.<\/p>\n<p class=\"translation-block\">M\u016bs\u0173 istorija prasid\u0117jo 1985 m., Kai \u012fmon\u0117s \u012fk\u016br\u0117jas Piotr Komierowski <strong>Var\u0161uvoje atidar\u0117 BIZON mechanin\u0119 gamykl\u0105<\/strong> ir prad\u0117jo gaminti biuro kabes. Jau 1987 m. Reik\u0117jo gerokai i\u0161pl\u0117sti gamybos plot\u0105 ir prad\u0117ti sal\u0117s statyb\u0105 Piaseczno mieste. \u017dlugus Lenkijos Liaudies Respublikai ir atsiv\u0117rus sienoms, \u012fmon\u0117 gal\u0117jo bendradarbiauti su Vokietijos \u201e <strong>BeA\u201c<\/strong> \u012franki\u0173 gamintoja ir sukurti \u201e <strong>BizeA\u201c<\/strong> kompanij\u0105, kuri tapo vienintele abiej\u0173 bendrovi\u0173 platintoja Vidurio ir Ryt\u0173 Europoje.<\/p>\n<p class=\"translation-block\">V\u0117lesni metai suteik\u0117 galimybi\u0173 dinami\u0161kai pl\u0117toti <strong>BIZON<\/strong> prek\u0117s \u017eenkl\u0105. 1992 m. Buvo paleista pirmoji kabi\u0173 gamybos i\u0161 juostos ma\u0161ina, 1994 m. - greitasis spaustuvas kabi\u0173 gamybai, o 2005 m. - pirmoji kabi\u0173 juostos klijavimo linija.<\/p>\n\n\t\t<\/div>\n\t<\/div>\n<\/div><\/div><\/div><div class=\"wpb_column vc_column_container vc_col-sm-6 vc_col-lg-6 vc_col-md-12\"><div class=\"vc_column-inner vc_custom_1616776185448\"><div class=\"wpb_wrapper\">\n\t<div  class=\"wpb_single_image wpb_content_element vc_align_center   img-responsive\">\n\t\t\n\t\t<figure class=\"wpb_wrapper vc_figure\">\n\t\t\t<a data-rel=\"prettyPhoto[rel-7784-4110104330]\" href=\"https:\/\/bizonfasteners.com\/wp-content\/uploads\/2021\/03\/MN_BIZON_orig1-1024x758.jpg\" target=\"_self\" class=\"vc_single_image-wrapper   vc_box_border_grey prettyphoto\"><img width=\"1024\" height=\"758\" src=\"https:\/\/bizonfasteners.com\/wp-content\/uploads\/2021\/03\/MN_BIZON_orig1-1024x758.jpg\" class=\"vc_single_image-img attachment-large\" alt=\"Grafika, Autorius: Marianas Nowi\u0144ski 1990 m\" decoding=\"async\" loading=\"lazy\" srcset=\"https:\/\/bizonfasteners.com\/wp-content\/uploads\/2021\/03\/MN_BIZON_orig1-1024x758.jpg 1024w, https:\/\/bizonfasteners.com\/wp-content\/uploads\/2021\/03\/MN_BIZON_orig1-300x222.jpg 300w, https:\/\/bizonfasteners.com\/wp-content\/uploads\/2021\/03\/MN_BIZON_orig1-768x569.jpg 768w, https:\/\/bizonfasteners.com\/wp-content\/uploads\/2021\/03\/MN_BIZON_orig1-900x666.jpg 900w, https:\/\/bizonfasteners.com\/wp-content\/uploads\/2021\/03\/MN_BIZON_orig1-500x370.jpg 500w, https:\/\/bizonfasteners.com\/wp-content\/uploads\/2021\/03\/MN_BIZON_orig1-64x47.jpg 64w, https:\/\/bizonfasteners.com\/wp-content\/uploads\/2021\/03\/MN_BIZON_orig1.jpg 1140w\" sizes=\"(max-width: 1024px) 100vw, 1024px\" \/><\/a><figcaption class=\"vc_figure-caption\">Grafika, Autorius: Marianas Nowi\u0144ski 1990 m<\/figcaption>\n\t\t<\/figure>\n\t<\/div>\n<\/div><\/div><\/div><\/div><div class=\"vc_row wpb_row vc_row-fluid vc_custom_1617199728842\"><div class=\"wpb_column vc_column_container vc_col-sm-12\"><div class=\"vc_column-inner\"><div class=\"wpb_wrapper\">\n\t<div class=\"wpb_text_column wpb_content_element\" >\n\t\t<div class=\"wpb_wrapper\">\n\t\t\t<p>2008 m. Rinkos paklausa paskatino m\u016bs\u0173 \u012fmon\u0119 i\u0161pl\u0117sti savo veikl\u0105 - gaminti vinis, o pra\u0117jus vos metams - vielos gamybai. D\u0117l to mes \u012fgavome kontrol\u0119 visai tvirtinimo detali\u0173 gamybai, pradedant vielos gamyb\u0105 i\u0161 metalurgijos \u017ealiav\u0173, baigiant kabi\u0173, kai\u0161\u010di\u0173 ir vini\u0173 gamyba. V\u0117lesni poky\u010diai, nauj\u0173 technologij\u0173 ir produkt\u0173 \u012fdiegimas taip pat pakeit\u0117 bendrov\u0117s buvimo viet\u0105. \u012esik\u016br\u0117 Tomic\u0117je. Ten buvo pastatytos ir kitos patalpos gamybai ir sand\u0117liams. Gamybos ir sand\u0117li\u0173 patalpos, suprojektuotos \u201e nuo nulio\u201d, moderni technika, novatori\u0161kos gamybos technologijos ir dinami\u0161ka, atsidavusi komanda garantuoja efektyv\u0173 gamybos, paslaug\u0173 ir platinimo funkcionavim\u0105.<\/p>\n\n\t\t<\/div>\n\t<\/div>\n<\/div><\/div><\/div><\/div><div class=\"vc_row wpb_row vc_row-fluid\"><div class=\"wpb_column vc_column_container vc_col-sm-12\"><div class=\"vc_column-inner\"><div class=\"wpb_wrapper\"><div class=\"vc_empty_space\"   style=\"height: 32px\"><span class=\"vc_empty_space_inner\"><\/span><\/div><\/div><\/div><\/div><\/div><div class=\"vc_row wpb_row vc_row-fluid\"><div class=\"wpb_column vc_column_container vc_col-sm-12\"><div class=\"vc_column-inner\"><div class=\"wpb_wrapper\"><div class=\"vc_custom_heading text_align_left\" ><h2 style=\"text-align: left;font-family:Open Sans;font-weight:600;font-style:normal\" class=\"consulting-custom-title\">Europieti\u0161ka kokyb\u0117. Greitas pristatymas.<\/h2><\/div><\/div><\/div><\/div><\/div><div class=\"vc_row wpb_row vc_row-fluid\"><div class=\"wpb_column vc_column_container vc_col-sm-12\"><div class=\"vc_column-inner\"><div class=\"wpb_wrapper\">\n\t<div class=\"wpb_text_column wpb_content_element  text-justify\" >\n\t\t<div class=\"wpb_wrapper\">\n\t\t\t<p class=\"translation-block\"><strong>\u0160iandien BIZON<\/strong> yra did\u017eiausia Europoje kabi\u0173 gamintoja, kuri nustato naujus standartus, taikydama naujovi\u0161kus gamybos ir technologinius sprendimus. D\u0117l to m\u016bs\u0173 klientai prekes gauna i\u0161kart, visada laiku, o svarbiausia - auk\u0161\u010diausios kokyb\u0117s.<\/p>\n<p>M\u016bs\u0173 tvirtinimo detali\u0173 galima rasti beveik visame pasaulyje.<\/p>\n\n\t\t<\/div>\n\t<\/div>\n\n\t<div  class=\"wpb_single_image wpb_content_element vc_align_left   img-responsive\">\n\t\t\n\t\t<figure class=\"wpb_wrapper vc_figure\">\n\t\t\t<div class=\"vc_single_image-wrapper   vc_box_border_grey\"><img width=\"1920\" height=\"451\" src=\"https:\/\/bizonfasteners.com\/wp-content\/uploads\/2021\/04\/el_zlaczne_onas.jpg\" class=\"vc_single_image-img attachment-full\" alt=\"\" decoding=\"async\" loading=\"lazy\" srcset=\"https:\/\/bizonfasteners.com\/wp-content\/uploads\/2021\/04\/el_zlaczne_onas.jpg 1920w, https:\/\/bizonfasteners.com\/wp-content\/uploads\/2021\/04\/el_zlaczne_onas-300x70.jpg 300w, https:\/\/bizonfasteners.com\/wp-content\/uploads\/2021\/04\/el_zlaczne_onas-1024x241.jpg 1024w, https:\/\/bizonfasteners.com\/wp-content\/uploads\/2021\/04\/el_zlaczne_onas-768x180.jpg 768w, https:\/\/bizonfasteners.com\/wp-content\/uploads\/2021\/04\/el_zlaczne_onas-1536x361.jpg 1536w, https:\/\/bizonfasteners.com\/wp-content\/uploads\/2021\/04\/el_zlaczne_onas-16x4.jpg 16w, https:\/\/bizonfasteners.com\/wp-content\/uploads\/2021\/04\/el_zlaczne_onas-900x211.jpg 900w, https:\/\/bizonfasteners.com\/wp-content\/uploads\/2021\/04\/el_zlaczne_onas-500x117.jpg 500w, https:\/\/bizonfasteners.com\/wp-content\/uploads\/2021\/04\/el_zlaczne_onas-64x15.jpg 64w\" sizes=\"(max-width: 1920px) 100vw, 1920px\" \/><\/div>\n\t\t<\/figure>\n\t<\/div>\n\n\t<div  class=\"wpb_single_image wpb_content_element vc_align_left   img-responsive\">\n\t\t\n\t\t<figure class=\"wpb_wrapper vc_figure\">\n\t\t\t<div class=\"vc_single_image-wrapper   vc_box_border_grey\"><img width=\"1920\" height=\"785\" src=\"https:\/\/bizonfasteners.com\/wp-content\/uploads\/2019\/09\/bizon_o_nas_2023.jpg\" class=\"vc_single_image-img attachment-full\" alt=\"Siedziba firmy - zdj\u0119cie\" decoding=\"async\" loading=\"lazy\" srcset=\"https:\/\/bizonfasteners.com\/wp-content\/uploads\/2019\/09\/bizon_o_nas_2023.jpg 1920w, https:\/\/bizonfasteners.com\/wp-content\/uploads\/2019\/09\/bizon_o_nas_2023-300x123.jpg 300w, https:\/\/bizonfasteners.com\/wp-content\/uploads\/2019\/09\/bizon_o_nas_2023-1024x419.jpg 1024w, https:\/\/bizonfasteners.com\/wp-content\/uploads\/2019\/09\/bizon_o_nas_2023-768x314.jpg 768w, https:\/\/bizonfasteners.com\/wp-content\/uploads\/2019\/09\/bizon_o_nas_2023-1536x628.jpg 1536w, https:\/\/bizonfasteners.com\/wp-content\/uploads\/2019\/09\/bizon_o_nas_2023-16x7.jpg 16w, https:\/\/bizonfasteners.com\/wp-content\/uploads\/2019\/09\/bizon_o_nas_2023-900x368.jpg 900w, https:\/\/bizonfasteners.com\/wp-content\/uploads\/2019\/09\/bizon_o_nas_2023-500x204.jpg 500w, https:\/\/bizonfasteners.com\/wp-content\/uploads\/2019\/09\/bizon_o_nas_2023-64x26.jpg 64w\" sizes=\"(max-width: 1920px) 100vw, 1920px\" \/><\/div>\n\t\t<\/figure>\n\t<\/div>\n<\/div><\/div><\/div><\/div>","protected":false},"excerpt":{"rendered":"BIZON - lenk\u0173 prek\u0117s \u017eenklas, si\u016blantis europin\u0117s kokyb\u0117s produktus. Daugiau nei trisde\u0161imt met\u0173 mes gaminame kabes, vinius, var\u017etus ir kitus tvirtinimo elementus, kuriuos naudoja daugelio pramon\u0117s sri\u010di\u0173 profesionalai, pradedant baldais, baigiant pla\u010diai suprantamais med\u017eio dirbiniais, baigiant statybos ir automobili\u0173 pramone. istorija prasid\u0117jo 1985 m., kai Var\u0161uvoje atsidar\u0117 \u012fmon\u0117s \u012fk\u016br\u0117jas Piotras Komierowskis","protected":false},"author":1,"featured_media":0,"parent":0,"menu_order":0,"comment_status":"closed","ping_status":"closed","template":"","meta":[],"_links":{"self":[{"href":"https:\/\/bizonfasteners.com\/lt\/wp-json\/wp\/v2\/pages\/7784"}],"collection":[{"href":"https:\/\/bizonfasteners.com\/lt\/wp-json\/wp\/v2\/pages"}],"about":[{"href":"https:\/\/bizonfasteners.com\/lt\/wp-json\/wp\/v2\/types\/page"}],"author":[{"embeddable":true,"href":"https:\/\/bizonfasteners.com\/lt\/wp-json\/wp\/v2\/users\/1"}],"replies":[{"embeddable":true,"href":"https:\/\/bizonfasteners.com\/lt\/wp-json\/wp\/v2\/comments?post=7784"}],"version-history":[{"count":53,"href":"https:\/\/bizonfasteners.com\/lt\/wp-json\/wp\/v2\/pages\/7784\/revisions"}],"predecessor-version":[{"id":8297,"href":"https:\/\/bizonfasteners.com\/lt\/wp-json\/wp\/v2\/pages\/7784\/revisions\/8297"}],"wp:attachment":[{"href":"https:\/\/bizonfasteners.com\/lt\/wp-json\/wp\/v2\/media?parent=7784"}],"curies":[{"name":"wp","href":"https:\/\/api.w.org\/{rel}","templated":true}]}}