{"id":7285,"date":"2021-03-07T14:08:22","date_gmt":"2021-03-07T13:08:22","guid":{"rendered":"https:\/\/bizonfasteners.com\/?post_type=product&#038;p=7285"},"modified":"2021-04-26T17:55:24","modified_gmt":"2021-04-26T15:55:24","slug":"zszywki-tapicerskie-typ-380","status":"publish","type":"product","link":"https:\/\/bizonfasteners.com\/lt\/produktas\/zszywki-tapicerskie-typ-380\/","title":{"rendered":"380 tipo apmu\u0161al\u0173 kab\u0117s"},"content":{"rendered":"<p>Jis yra dviej\u0173 pakuo\u010di\u0173 ilgi\u0173:<\/p>\n<p>tipo \u017eym\u0117jimas &quot;<strong>380<\/strong>&quot;- 150 vienet\u0173 pakuot\u0117s<\/p>\n<p>tipo \u017eym\u0117jimas &quot;<strong>80<\/strong>&quot;- 125 arba 100 vienet\u0173 pakuot\u0117s<\/p>\n<p>Ilgiai: 4, 6, 8, 10, 12, 14, 16 mm<\/p>\n<p>Med\u017eiaga:<\/p>\n<ul>\n<li>kokybi\u0161kas galvanizuotas plienas<\/li>\n<li><strong>NR<\/strong>\u00a0- ner\u016bdijantis plienas 1.4301 A2 klasei arba 1.4401 A4 klasei<\/li>\n<li><strong>AL<\/strong> - aliuminis<\/li>\n<\/ul>\n<p>Specialios versijos:<\/p>\n<p>- nuda\u017eyti juodai arba bet kokia spalva RAL<\/p>\n<p>&nbsp;<\/p>\n<p>&nbsp;<\/p>","protected":false},"excerpt":{"rendered":"<p><strong>380 tipo apmu\u0161al\u0173 kab\u0117s<\/strong><\/p>\n<p>Populiariausias pramonini\u0173 apmu\u0161al\u0173 kuok\u0161teli\u0173 tipas.<\/p>\n<p>Tai puikiai tinka daugeliui apmu\u0161al\u0173 darb\u0173, tiek audiniams, tiek kartonui, naudojamam mink\u0161t\u0173 bald\u0173 r\u0117muose, tvirtinti.<\/p>","protected":false},"featured_media":7715,"template":"","meta":[],"_links":{"self":[{"href":"https:\/\/bizonfasteners.com\/lt\/wp-json\/wp\/v2\/product\/7285"}],"collection":[{"href":"https:\/\/bizonfasteners.com\/lt\/wp-json\/wp\/v2\/product"}],"about":[{"href":"https:\/\/bizonfasteners.com\/lt\/wp-json\/wp\/v2\/types\/product"}],"wp:featuredmedia":[{"embeddable":true,"href":"https:\/\/bizonfasteners.com\/lt\/wp-json\/wp\/v2\/media\/7715"}],"wp:attachment":[{"href":"https:\/\/bizonfasteners.com\/lt\/wp-json\/wp\/v2\/media?parent=7285"}],"curies":[{"name":"wp","href":"https:\/\/api.w.org\/{rel}","templated":true}]}}