{"id":7315,"date":"2021-03-10T12:21:21","date_gmt":"2021-03-10T11:21:21","guid":{"rendered":"https:\/\/bizonfasteners.com\/?post_type=product&#038;p=7315"},"modified":"2021-04-26T17:49:11","modified_gmt":"2021-04-26T15:49:11","slug":"zszywki-tapicerskie-typ-71","status":"publish","type":"product","link":"https:\/\/bizonfasteners.com\/lt\/produktas\/zszywki-tapicerskie-typ-71\/","title":{"rendered":"71 tipo apmu\u0161al\u0173 kab\u0117s"},"content":{"rendered":"<p>Ilgiai: 4, 6, 8, 10, 12, 14, 16 mm<\/p>\n<p>Med\u017eiaga:<\/p>\n<ul>\n<li>kokybi\u0161kas galvanizuotas plienas<\/li>\n<li><strong>NR<\/strong>\u00a0- ner\u016bdijantis plienas 1.4301 A2 klasei arba 1.4401 A4 klasei<\/li>\n<\/ul>\n<p>Specialios versijos:<\/p>\n<p>- nuda\u017eyti juodai arba bet kokia spalva RAL<\/p>\n<p>&nbsp;<\/p>","protected":false},"excerpt":{"rendered":"<p><strong>71 tipo apmu\u0161al\u0173 kab\u0117s<\/strong><\/p>\n<p>Tai puikiai tinka daugeliui apmu\u0161al\u0173 darb\u0173 - tiek audiniams, tiek kartonui, naudojamam mink\u0161t\u0173 bald\u0173 r\u0117muose, tvirtinti. D\u0117l \u0161iek tiek siauresnio vainiko nei 380 tipo, jis tinka apmu\u0161ti kreiv\u0117se. Plona viela priver\u010dia juos geriau sukibti su plastikiniais elementais. Taip pat tinka automobilio apmu\u0161imui ir tarpini\u0173 tvirtinimui stogo languose.<\/p>","protected":false},"featured_media":7712,"template":"","meta":[],"_links":{"self":[{"href":"https:\/\/bizonfasteners.com\/lt\/wp-json\/wp\/v2\/product\/7315"}],"collection":[{"href":"https:\/\/bizonfasteners.com\/lt\/wp-json\/wp\/v2\/product"}],"about":[{"href":"https:\/\/bizonfasteners.com\/lt\/wp-json\/wp\/v2\/types\/product"}],"wp:featuredmedia":[{"embeddable":true,"href":"https:\/\/bizonfasteners.com\/lt\/wp-json\/wp\/v2\/media\/7712"}],"wp:attachment":[{"href":"https:\/\/bizonfasteners.com\/lt\/wp-json\/wp\/v2\/media?parent=7315"}],"curies":[{"name":"wp","href":"https:\/\/api.w.org\/{rel}","templated":true}]}}