{"id":7325,"date":"2021-03-10T12:42:13","date_gmt":"2021-03-10T11:42:13","guid":{"rendered":"https:\/\/bizonfasteners.com\/?post_type=product&#038;p=7325"},"modified":"2021-04-26T17:36:21","modified_gmt":"2021-04-26T15:36:21","slug":"zszywki-tapicerskie-typ-95","status":"publish","type":"product","link":"https:\/\/bizonfasteners.com\/lt\/produktas\/zszywki-tapicerskie-typ-95\/","title":{"rendered":"95 tipo apmu\u0161al\u0173 kab\u0117s"},"content":{"rendered":"<p>Ilgiai: 6, 8, 10, 12, 14, 16, mm<\/p>\n<p>Med\u017eiaga:<\/p>\n<ul>\n<li>kokybi\u0161kas galvanizuotas plienas<\/li>\n<li><strong>NR<\/strong>\u00a0- ner\u016bdijantis plienas 1.4301 A2 klasei arba 1.4401 A4 klasei<\/li>\n<\/ul>\n<p>Specialios versijos:<\/p>\n<p>- nuda\u017eyti juodai arba bet kokia spalva RAL<\/p>","protected":false},"excerpt":{"rendered":"<p><strong>95 tipo apmu\u0161al\u0173 kab\u0117s<\/strong><\/p>\n<p>D\u0117l plataus stuburo kab\u0117s ypa\u010d rekomenduojamos tvirtinant folij\u0105 ar popieri\u0173 gaminant medines pakuotes. Tai puikiai tinka folijai tvirtinti, deguto popieriui izoliuoti statybose ir daugumoje darb\u0173, susijusi\u0173 su kartono pakuot\u0117mis ir pastat\u0173 dekoracijomis.<\/p>","protected":false},"featured_media":7716,"template":"","meta":[],"_links":{"self":[{"href":"https:\/\/bizonfasteners.com\/lt\/wp-json\/wp\/v2\/product\/7325"}],"collection":[{"href":"https:\/\/bizonfasteners.com\/lt\/wp-json\/wp\/v2\/product"}],"about":[{"href":"https:\/\/bizonfasteners.com\/lt\/wp-json\/wp\/v2\/types\/product"}],"wp:featuredmedia":[{"embeddable":true,"href":"https:\/\/bizonfasteners.com\/lt\/wp-json\/wp\/v2\/media\/7716"}],"wp:attachment":[{"href":"https:\/\/bizonfasteners.com\/lt\/wp-json\/wp\/v2\/media?parent=7325"}],"curies":[{"name":"wp","href":"https:\/\/api.w.org\/{rel}","templated":true}]}}