{"id":7327,"date":"2021-03-10T12:43:31","date_gmt":"2021-03-10T11:43:31","guid":{"rendered":"https:\/\/bizonfasteners.com\/?post_type=product&#038;p=7327"},"modified":"2021-04-26T17:33:11","modified_gmt":"2021-04-26T15:33:11","slug":"zszywki-tapicerskie-typ-195","status":"publish","type":"product","link":"https:\/\/bizonfasteners.com\/lt\/produktas\/zszywki-tapicerskie-typ-195\/","title":{"rendered":"195 tipo apmu\u0161al\u0173 kab\u0117s"},"content":{"rendered":"<p>Ilgiai: 15, 18, 21, 25, mm<\/p>\n<p>Med\u017eiaga: kokybi\u0161kas galvanizuotas plienas<\/p>\n<p>&nbsp;<\/p>\n<p>&nbsp;<\/p>","protected":false},"excerpt":{"rendered":"<p><strong>195 tipo apmu\u0161al\u0173 kab\u0117s<\/strong><\/p>\n<p>Naudojamas \u017enypliniams segtuvams garnyro metu (tvirtinant technin\u012f audin\u012f ant \u201eBonell\u201c spyruokli\u0173 form\u0173) gaminant \u010diu\u017einius. Plati segtuko nugar\u0117l\u0117 gerai sujungia laisv\u0105 audin\u012f. Taip pat naudojamas kartonui.<\/p>","protected":false},"featured_media":7717,"template":"","meta":[],"_links":{"self":[{"href":"https:\/\/bizonfasteners.com\/lt\/wp-json\/wp\/v2\/product\/7327"}],"collection":[{"href":"https:\/\/bizonfasteners.com\/lt\/wp-json\/wp\/v2\/product"}],"about":[{"href":"https:\/\/bizonfasteners.com\/lt\/wp-json\/wp\/v2\/types\/product"}],"wp:featuredmedia":[{"embeddable":true,"href":"https:\/\/bizonfasteners.com\/lt\/wp-json\/wp\/v2\/media\/7717"}],"wp:attachment":[{"href":"https:\/\/bizonfasteners.com\/lt\/wp-json\/wp\/v2\/media?parent=7327"}],"curies":[{"name":"wp","href":"https:\/\/api.w.org\/{rel}","templated":true}]}}