{"id":7382,"date":"2021-03-11T20:37:22","date_gmt":"2021-03-11T19:37:22","guid":{"rendered":"https:\/\/bizonfasteners.com\/?post_type=product&#038;p=7382"},"modified":"2021-04-26T17:32:24","modified_gmt":"2021-04-26T15:32:24","slug":"zszywki-do-chodakow-typ-d","status":"publish","type":"product","link":"https:\/\/bizonfasteners.com\/lt\/produktas\/zszywki-do-chodakow-typ-d\/","title":{"rendered":"D tipo klumpi\u0173 kab\u0117s"},"content":{"rendered":"<p>Ilgiai: 16, 19, 22 mm<\/p>\n<p>Med\u017eiaga: kokybi\u0161kas galvanizuotas plienas<\/p>\n<p>Specialios versijos:<\/p>\n<p>- nuda\u017eyti juodai arba baltai<\/p>","protected":false},"excerpt":{"rendered":"<p><strong>D tipo klumpi\u0173 kab\u0117s<\/strong><\/p>\n<p>Skirtas medini\u0173 klumpi\u0173 gamybai. Atitinka 780 Khilbergo \u0161tapeli\u0173, \u017einom\u0173 daugiausia Skandinavijos \u0161alyse.<\/p>","protected":false},"featured_media":7720,"template":"","meta":[],"_links":{"self":[{"href":"https:\/\/bizonfasteners.com\/lt\/wp-json\/wp\/v2\/product\/7382"}],"collection":[{"href":"https:\/\/bizonfasteners.com\/lt\/wp-json\/wp\/v2\/product"}],"about":[{"href":"https:\/\/bizonfasteners.com\/lt\/wp-json\/wp\/v2\/types\/product"}],"wp:featuredmedia":[{"embeddable":true,"href":"https:\/\/bizonfasteners.com\/lt\/wp-json\/wp\/v2\/media\/7720"}],"wp:attachment":[{"href":"https:\/\/bizonfasteners.com\/lt\/wp-json\/wp\/v2\/media?parent=7382"}],"curies":[{"name":"wp","href":"https:\/\/api.w.org\/{rel}","templated":true}]}}