{"id":7386,"date":"2021-03-11T20:43:02","date_gmt":"2021-03-11T19:43:02","guid":{"rendered":"https:\/\/bizonfasteners.com\/?post_type=product&#038;p=7386"},"modified":"2021-04-26T17:17:39","modified_gmt":"2021-04-26T15:17:39","slug":"zszywki-stolarskie-typ-16-155","status":"publish","type":"product","link":"https:\/\/bizonfasteners.com\/lt\/produktas\/zszywki-stolarskie-typ-16-155\/","title":{"rendered":"Staliaus kab\u0117s, 16 tipo (155)"},"content":{"rendered":"<p>Ilgiai: 25, 30, 35, 40, 45, 50, 55, 60, 65 mm<\/p>\n<p>Med\u017eiaga:<\/p>\n<ul>\n<li>kokybi\u0161kas elektrolitiniu b\u016bdu cinkuotas plienas, padengtas derva<strong><\/strong><\/li>\n<li>\u00a0<strong>NR<\/strong>\u00a0- ner\u016bdijantis plienas 1.4301 A2 klas\u0117 arba 1.4401 klas\u0117 A4<\/li>\n<\/ul>\n<p>Speciali versija:<\/p>\n<p><strong>SPREIZ<\/strong> - i\u0161sipl\u0117timo kab\u0117s.<\/p>\n<p>&nbsp;<\/p>","protected":false},"excerpt":{"rendered":"<p><strong>Staliaus kab\u0117s, 16 tipo<\/strong><\/p>\n<p>Staliaus kab\u0117s, skirtos pla\u010diai suprantam\u0173 medini\u0173 konstrukcij\u0173 gamybai nuo mink\u0161t\u0173 bald\u0173 r\u0117m\u0173 iki statybini\u0173 konstrukcij\u0173. Jie taip pat naudojami medini\u0173 pakuo\u010di\u0173 gamybai.<\/p>\n<p>Tvirtesnis ry\u0161ys, palyginti su 14 tipo, geriau tinka kietoms medienos r\u016b\u0161ims. Kei\u010diamas su \u201e14\u201c tipo tais pa\u010diais segtukais. Medini\u0173 pastat\u0173 konstrukcij\u0173 standarto PN-EN 14592 (EC 5) laikymasis.<\/p>","protected":false},"featured_media":7733,"template":"","meta":[],"_links":{"self":[{"href":"https:\/\/bizonfasteners.com\/lt\/wp-json\/wp\/v2\/product\/7386"}],"collection":[{"href":"https:\/\/bizonfasteners.com\/lt\/wp-json\/wp\/v2\/product"}],"about":[{"href":"https:\/\/bizonfasteners.com\/lt\/wp-json\/wp\/v2\/types\/product"}],"wp:featuredmedia":[{"embeddable":true,"href":"https:\/\/bizonfasteners.com\/lt\/wp-json\/wp\/v2\/media\/7733"}],"wp:attachment":[{"href":"https:\/\/bizonfasteners.com\/lt\/wp-json\/wp\/v2\/media?parent=7386"}],"curies":[{"name":"wp","href":"https:\/\/api.w.org\/{rel}","templated":true}]}}