{"id":7396,"date":"2021-03-11T20:56:22","date_gmt":"2021-03-11T19:56:22","guid":{"rendered":"https:\/\/bizonfasteners.com\/?post_type=product&#038;p=7396"},"modified":"2021-04-26T17:07:54","modified_gmt":"2021-04-26T15:07:54","slug":"zszywki-stolarskie-typ-140","status":"publish","type":"product","link":"https:\/\/bizonfasteners.com\/lt\/produktas\/zszywki-stolarskie-typ-140\/","title":{"rendered":"Dailid\u0117s kab\u0117s 140 tipo"},"content":{"rendered":"<p>Ilgiai: 14, 16, 19, 22, 25, 30, 35, 38, mm<\/p>\n<p>Med\u017eiaga:<\/p>\n<ul>\n<li>kokyb\u0117s cinkuotas plienas, padengtas derva<\/li>\n<li><strong>AL<\/strong>\u00a0- aliuminis<\/li>\n<\/ul>\n<p>&nbsp;<\/p>","protected":false},"excerpt":{"rendered":"<p><strong>Dailid\u0117s kab\u0117s 140 tipo<\/strong><\/p>\n<p>Stali\u0173 ir statybini\u0173 konstrukcij\u0173 kab\u0117s, taip pat medini\u0173 ir kartonini\u0173 pakuo\u010di\u0173, pad\u0117kl\u0173 gamyba. Jie puikiai tinka bald\u0173 ir griau\u010di\u0173 konstrukcij\u0173 u\u017epakalin\u0117ms jungtims. Aliuminio versija, skirta technologin\u0117ms jungtims medienai ar med\u017eio plok\u0161t\u0117ms apdirbti. Medini\u0173 pastat\u0173 konstrukcij\u0173 standarto PN-EN 14592 (EC 5) laikymasis.<\/p>","protected":false},"featured_media":7735,"template":"","meta":[],"_links":{"self":[{"href":"https:\/\/bizonfasteners.com\/lt\/wp-json\/wp\/v2\/product\/7396"}],"collection":[{"href":"https:\/\/bizonfasteners.com\/lt\/wp-json\/wp\/v2\/product"}],"about":[{"href":"https:\/\/bizonfasteners.com\/lt\/wp-json\/wp\/v2\/types\/product"}],"wp:featuredmedia":[{"embeddable":true,"href":"https:\/\/bizonfasteners.com\/lt\/wp-json\/wp\/v2\/media\/7735"}],"wp:attachment":[{"href":"https:\/\/bizonfasteners.com\/lt\/wp-json\/wp\/v2\/media?parent=7396"}],"curies":[{"name":"wp","href":"https:\/\/api.w.org\/{rel}","templated":true}]}}