{"id":7398,"date":"2021-03-11T20:58:10","date_gmt":"2021-03-11T19:58:10","guid":{"rendered":"https:\/\/bizonfasteners.com\/?post_type=product&#038;p=7398"},"modified":"2021-04-26T17:02:59","modified_gmt":"2021-04-26T15:02:59","slug":"zszywki-stolarskie-typ-180","status":"publish","type":"product","link":"https:\/\/bizonfasteners.com\/lt\/produktas\/zszywki-stolarskie-typ-180\/","title":{"rendered":"Staliaus kab\u0117s 180 tipo"},"content":{"rendered":"<p>Ilgiai: 40, 45, 50, 55, 60, 65, 80, 90 mm<\/p>\n<p>Med\u017eiaga:<\/p>\n<p>- <strong>NK<\/strong> - kokybi\u0161kas galvanizuotas plienas, padengtas derva<\/p>\n<p>-\u00a0<strong>NR<\/strong> - ner\u016bdijantis plienas 1.4301 (304), A2 klas\u0117<\/p>","protected":false},"excerpt":{"rendered":"<p><strong>Staliaus kab\u0117s 180 tipo<\/strong><\/p>\n<p>Staliaus pakabos, naudojamos daugiausia statybini\u0173 konstrukcij\u0173, taip pat medini\u0173 pakuo\u010di\u0173 gamybai. Tvirtas konstrukcinis ry\u0161ys. Medini\u0173 pastat\u0173 konstrukcij\u0173 standarto PN-EN 14592 (EC 5) laikymasis.<\/p>","protected":false},"featured_media":7734,"template":"","meta":[],"_links":{"self":[{"href":"https:\/\/bizonfasteners.com\/lt\/wp-json\/wp\/v2\/product\/7398"}],"collection":[{"href":"https:\/\/bizonfasteners.com\/lt\/wp-json\/wp\/v2\/product"}],"about":[{"href":"https:\/\/bizonfasteners.com\/lt\/wp-json\/wp\/v2\/types\/product"}],"wp:featuredmedia":[{"embeddable":true,"href":"https:\/\/bizonfasteners.com\/lt\/wp-json\/wp\/v2\/media\/7734"}],"wp:attachment":[{"href":"https:\/\/bizonfasteners.com\/lt\/wp-json\/wp\/v2\/media?parent=7398"}],"curies":[{"name":"wp","href":"https:\/\/api.w.org\/{rel}","templated":true}]}}