{"id":7454,"date":"2021-03-13T14:40:21","date_gmt":"2021-03-13T13:40:21","guid":{"rendered":"https:\/\/bizonfasteners.com\/?post_type=product&#038;p=7454"},"modified":"2021-03-26T15:02:17","modified_gmt":"2021-03-26T14:02:17","slug":"spinki-c-ring-typ-cl12x16","status":"publish","type":"product","link":"https:\/\/bizonfasteners.com\/lt\/produktas\/spinki-c-ring-typ-cl12x16\/","title":{"rendered":"C \u017eiedas, tipas CL12x1.6"},"content":{"rendered":"<p>Man\u017eet\u0117s matmenys: 16,8 x 9; viela, kurios skersmuo 1,6 mm<\/p>\n<p>Mes si\u016blome s\u0105sagas:<\/p>\n<p>- <strong>NR <\/strong>- ner\u016bdijantis plienas 1.4301, A2 klas\u0117<\/p>\n<p>- <strong>CRAPAL<\/strong> - plienin\u0117 viela, cinko danga su aliuminio danga taip pat vadinama &quot;GALFAN&quot;<\/p>\n<p>- <strong>NK<\/strong> elektrolitiniu b\u016bdu cinkuota plienin\u0117 viela<\/p>","protected":false},"excerpt":{"rendered":"<p><strong>C \u017eiedas, tipas CL12x1.6<\/strong><\/p>\n<p>Klipai, daugiausia naudojami kailini\u0173 gyv\u016bn\u0173 narv\u0173 ir kit\u0173 lengv\u0173j\u0173 vielini\u0173 konstrukcij\u0173 gamybai.<\/p>","protected":false},"featured_media":7823,"template":"","meta":[],"_links":{"self":[{"href":"https:\/\/bizonfasteners.com\/lt\/wp-json\/wp\/v2\/product\/7454"}],"collection":[{"href":"https:\/\/bizonfasteners.com\/lt\/wp-json\/wp\/v2\/product"}],"about":[{"href":"https:\/\/bizonfasteners.com\/lt\/wp-json\/wp\/v2\/types\/product"}],"wp:featuredmedia":[{"embeddable":true,"href":"https:\/\/bizonfasteners.com\/lt\/wp-json\/wp\/v2\/media\/7823"}],"wp:attachment":[{"href":"https:\/\/bizonfasteners.com\/lt\/wp-json\/wp\/v2\/media?parent=7454"}],"curies":[{"name":"wp","href":"https:\/\/api.w.org\/{rel}","templated":true}]}}