{"id":7455,"date":"2021-03-13T14:40:44","date_gmt":"2021-03-13T13:40:44","guid":{"rendered":"https:\/\/bizonfasteners.com\/?post_type=product&#038;p=7455"},"modified":"2021-04-26T16:52:24","modified_gmt":"2021-04-26T14:52:24","slug":"spinki-c-ring-typ-cl20x16-nk","status":"publish","type":"product","link":"https:\/\/bizonfasteners.com\/lt\/produktas\/spinki-c-ring-typ-cl20x16-nk\/","title":{"rendered":"C \u017eiedas, tipas CL20x1.6 NK"},"content":{"rendered":"<p>Man\u017eet\u0117s matmenys: 23,9 x 12; viela, kurios skersmuo 1,6 mm<\/p>\n<p>Med\u017eiaga:<\/p>\n<p>- <strong>NK<\/strong>\u00a0 - elektrolitiniu b\u016bdu cinkuota plienin\u0117 viela<\/p>\n<p>-\u00a0<strong>NR<\/strong>\u00a0- ner\u016bdijantis plienas 1.4301, A2 klas\u0117<\/p>","protected":false},"excerpt":{"rendered":"<p><strong>C \u017eiedas, tipas CL20x1.6 NK<\/strong><\/p>\n<p>S\u0105sagos spyruokl\u0117ms ir spyruokliniams audiniams sujungti gaminant mink\u0161tus baldus ir \u010diu\u017einius. Jie puikiai tinka mai\u0161eli\u0173 u\u017edarymui ir kitoms pakavimo reikm\u0117ms. Jie taip pat tinka dang\u010diams prijungti prie automobili\u0173 k\u0117d\u017ei\u0173 metalinio r\u0117mo.<\/p>","protected":false},"featured_media":7818,"template":"","meta":[],"_links":{"self":[{"href":"https:\/\/bizonfasteners.com\/lt\/wp-json\/wp\/v2\/product\/7455"}],"collection":[{"href":"https:\/\/bizonfasteners.com\/lt\/wp-json\/wp\/v2\/product"}],"about":[{"href":"https:\/\/bizonfasteners.com\/lt\/wp-json\/wp\/v2\/types\/product"}],"wp:featuredmedia":[{"embeddable":true,"href":"https:\/\/bizonfasteners.com\/lt\/wp-json\/wp\/v2\/media\/7818"}],"wp:attachment":[{"href":"https:\/\/bizonfasteners.com\/lt\/wp-json\/wp\/v2\/media?parent=7455"}],"curies":[{"name":"wp","href":"https:\/\/api.w.org\/{rel}","templated":true}]}}