{"id":7556,"date":"2021-03-15T15:30:16","date_gmt":"2021-03-15T14:30:16","guid":{"rendered":"https:\/\/bizonfasteners.com\/?post_type=product&#038;p=7556"},"modified":"2021-04-26T16:49:32","modified_gmt":"2021-04-26T14:49:32","slug":"zszywki-do-tackerow-typ-13","status":"publish","type":"product","link":"https:\/\/bizonfasteners.com\/lt\/produktas\/zszywki-do-tackerow-typ-13\/","title":{"rendered":"13 tipo segtukai"},"content":{"rendered":"<p>Ilgiai: 4, 6, 8, 10, 12, 14 mm<\/p>\n<p>Med\u017eiaga: kokybi\u0161kas galvanizuotas plienas<\/p>\n<p>&nbsp;<\/p>","protected":false},"excerpt":{"rendered":"<p><strong>13 tipo segtukai<\/strong><\/p>\n<p>Populiarus nam\u0173 apmu\u0161al\u0173 pagrindas. Puikiai tinka etiket\u0117ms gaminti medinius sodo gaminius, taip pat dekoravimo darbams.<\/p>","protected":false},"featured_media":7721,"template":"","meta":[],"_links":{"self":[{"href":"https:\/\/bizonfasteners.com\/lt\/wp-json\/wp\/v2\/product\/7556"}],"collection":[{"href":"https:\/\/bizonfasteners.com\/lt\/wp-json\/wp\/v2\/product"}],"about":[{"href":"https:\/\/bizonfasteners.com\/lt\/wp-json\/wp\/v2\/types\/product"}],"wp:featuredmedia":[{"embeddable":true,"href":"https:\/\/bizonfasteners.com\/lt\/wp-json\/wp\/v2\/media\/7721"}],"wp:attachment":[{"href":"https:\/\/bizonfasteners.com\/lt\/wp-json\/wp\/v2\/media?parent=7556"}],"curies":[{"name":"wp","href":"https:\/\/api.w.org\/{rel}","templated":true}]}}