{"id":7562,"date":"2021-03-15T15:47:29","date_gmt":"2021-03-15T14:47:29","guid":{"rendered":"https:\/\/bizonfasteners.com\/?post_type=product&#038;p=7562"},"modified":"2021-04-26T16:45:29","modified_gmt":"2021-04-26T14:45:29","slug":"zszywki-do-papieru-typ-24","status":"publish","type":"product","link":"https:\/\/bizonfasteners.com\/lt\/produktas\/zszywki-do-papieru-typ-24\/","title":{"rendered":"24 tipo popieriaus seg\u0117s"},"content":{"rendered":"<p>Ilgiai: 6, 8 mm<\/p>\n<p>Med\u017eiaga: kokybi\u0161kas galvanizuotas plienas<\/p>","protected":false},"excerpt":{"rendered":"<p><strong>24 tipo popieriaus seg\u0117s<\/strong><\/p>\n<p>Da\u017eniausiai biure susegamos kab\u0117s. 24\/8 seg\u0117s leid\u017eia susegti kelias de\u0161imtis 80 g puslapi\u0173 ir yra naudojamos s\u0105siuviniams susegti. Taip pat naudojamas krep\u0161eli\u0173 gamybai. 24\/6 kab\u0117s talpina iki 30 80g popieriaus lap\u0173.<\/p>","protected":false},"featured_media":7724,"template":"","meta":[],"_links":{"self":[{"href":"https:\/\/bizonfasteners.com\/lt\/wp-json\/wp\/v2\/product\/7562"}],"collection":[{"href":"https:\/\/bizonfasteners.com\/lt\/wp-json\/wp\/v2\/product"}],"about":[{"href":"https:\/\/bizonfasteners.com\/lt\/wp-json\/wp\/v2\/types\/product"}],"wp:featuredmedia":[{"embeddable":true,"href":"https:\/\/bizonfasteners.com\/lt\/wp-json\/wp\/v2\/media\/7724"}],"wp:attachment":[{"href":"https:\/\/bizonfasteners.com\/lt\/wp-json\/wp\/v2\/media?parent=7562"}],"curies":[{"name":"wp","href":"https:\/\/api.w.org\/{rel}","templated":true}]}}