{"id":7694,"date":"2021-03-18T12:56:32","date_gmt":"2021-03-18T11:56:32","guid":{"rendered":"https:\/\/bizonfasteners.com\/?post_type=product&#038;p=7694"},"modified":"2026-02-05T14:19:10","modified_gmt":"2026-02-05T13:19:10","slug":"gwozdzie-znak-naprawy-palet-epal","status":"publish","type":"product","link":"https:\/\/bizonfasteners.com\/lt\/produktas\/gwozdzie-znak-naprawy-palet-epal\/","title":{"rendered":"Nagai \u017eymi taisant EPAL pad\u0117klus"},"content":{"rendered":"<p style=\"font-weight: 400;\">BIZON nagai, pagaminti pagal EPAL reikalavimus, pa\u017eym\u0117ti reljefin\u0117mis \u0161alies raid\u0117mis ir remont\u0105 atliekan\u010dios \u012fmon\u0117s licencijos numeriu.<\/p>\n<p style=\"font-weight: 400;\">BIZON 545DC EPAL nagams si\u016blome palaidus ir suvyniotus EPAL remonto \u017eenklo nagus.<\/p>","protected":false},"excerpt":{"rendered":"<p><strong>Nagai \u017eymi taisant EPAL pad\u0117klus<\/strong><\/p>\n<p>EPAL \/ EUR-UIC licencijuot\u0173 pad\u0117kl\u0173 \u017eym\u0117jimui po remonto.<\/p>","protected":false},"featured_media":7695,"template":"","meta":[],"_links":{"self":[{"href":"https:\/\/bizonfasteners.com\/lt\/wp-json\/wp\/v2\/product\/7694"}],"collection":[{"href":"https:\/\/bizonfasteners.com\/lt\/wp-json\/wp\/v2\/product"}],"about":[{"href":"https:\/\/bizonfasteners.com\/lt\/wp-json\/wp\/v2\/types\/product"}],"wp:featuredmedia":[{"embeddable":true,"href":"https:\/\/bizonfasteners.com\/lt\/wp-json\/wp\/v2\/media\/7695"}],"wp:attachment":[{"href":"https:\/\/bizonfasteners.com\/lt\/wp-json\/wp\/v2\/media?parent=7694"}],"curies":[{"name":"wp","href":"https:\/\/api.w.org\/{rel}","templated":true}]}}