{"id":7710,"date":"2021-03-19T18:37:44","date_gmt":"2021-03-19T17:37:44","guid":{"rendered":"https:\/\/bizonfasteners.com\/?post_type=product&#038;p=7710"},"modified":"2021-04-27T16:54:24","modified_gmt":"2021-04-27T14:54:24","slug":"zszywki-do-mocowania-ocieplen-scian-typ-246","status":"publish","type":"product","link":"https:\/\/bizonfasteners.com\/lt\/produktas\/zszywki-do-mocowania-ocieplen-scian-typ-246\/","title":{"rendered":"Sienos izoliacijos tvirtinimo kab\u0117s, tipas 246"},"content":{"rendered":"<p>Ilgis nuo 75 iki 160 mm<\/p>\n<p>Med\u017eiaga:<\/p>\n<ul>\n<li>kokybi\u0161kas elektrolitiniu b\u016bdu cinkuotas plienas, padengtas derva<\/li>\n<li><strong>NR<\/strong> - ner\u016bdijantis plienas, A4 klas\u0117s 1.4401 (316) ir A2 klas\u0117s 1.4301 (304) klas\u0117s.<\/li>\n<\/ul>\n<p>&nbsp;<\/p>","protected":false},"excerpt":{"rendered":"<p><strong>Sienos izoliacijos tvirtinimo kab\u0117s, tipas 246<\/strong><\/p>\n<p>Statybin\u0117s kab\u0117s, daugiausia naudojamos namo sien\u0173 izoliacin\u0117ms plok\u0161t\u0117ms montuoti statant medin\u012f karkas\u0105.<\/p>\n<p>Kab\u0117s i\u0161 dalies varomos \u012f OSB arba medien\u0105, likusi dalis yra mink\u0161toje lentoje arba mineralin\u0117je vatoje. Plati nugara palengvina ger\u0105 sukibim\u0105.<\/p>","protected":false},"featured_media":7711,"template":"","meta":[],"_links":{"self":[{"href":"https:\/\/bizonfasteners.com\/lt\/wp-json\/wp\/v2\/product\/7710"}],"collection":[{"href":"https:\/\/bizonfasteners.com\/lt\/wp-json\/wp\/v2\/product"}],"about":[{"href":"https:\/\/bizonfasteners.com\/lt\/wp-json\/wp\/v2\/types\/product"}],"wp:featuredmedia":[{"embeddable":true,"href":"https:\/\/bizonfasteners.com\/lt\/wp-json\/wp\/v2\/media\/7711"}],"wp:attachment":[{"href":"https:\/\/bizonfasteners.com\/lt\/wp-json\/wp\/v2\/media?parent=7710"}],"curies":[{"name":"wp","href":"https:\/\/api.w.org\/{rel}","templated":true}]}}