{"id":7828,"date":"2021-03-26T16:12:19","date_gmt":"2021-03-26T15:12:19","guid":{"rendered":"https:\/\/bizonfasteners.com\/?post_type=product&#038;p=7828"},"modified":"2021-03-26T16:12:20","modified_gmt":"2021-03-26T15:12:20","slug":"spinki-tulejki-st","status":"publish","type":"product","link":"https:\/\/bizonfasteners.com\/lt\/produktas\/spinki-tulejki-st\/","title":{"rendered":"S\u0105sagos - rankov\u0117s ST"},"content":{"rendered":"<p>Man\u017eet\u0117s sagos matmenys:<br \/>\n- plotis nuo 11 iki 22 mm<br \/>\n- pailgintas ilgis nuo 18 iki 28 mm<br \/>\n- anga 5 - 6,3 mm<\/p>\n<p>Med\u017eiaga: ma\u017eai anglies turin\u010dio plieno lak\u0161tas, standartinis<br \/>\nPagal pageidavim\u0105 galvanizuotas plienas arba ner\u016bdijantis plienas, 304 klas\u0117<\/p>\n<p>Juostose, sujungtose su linija, po 40 (47) vienet\u0173,<br \/>\nRit\u0117se ant 3900 ir 9300 vienet\u0173 rit\u0117s, priklausomai nuo tipo \/ dyd\u017eio.<\/p>","protected":false},"excerpt":{"rendered":"<p><strong>S\u0105sagos - rankov\u0117s ST<\/strong><\/p>\n<p>\u201eST\u201c \u012fvor\u0117s spaustukai, priver\u017eiami aplink du laidus pneumatiniu \u012frankiu, sukuria tvirt\u0105 nuolatin\u0119 jungt\u012f rankov\u0117s pavidalu.<\/p>\n<p>Pla\u010diai naudojamas laid\u0173 ir spyruokli\u0173 sujungimui gaminant mink\u0161tus baldus ir \u010diu\u017einius.<\/p>\n<p>Taip pat naudojamas gyv\u016bn\u0173 narvams, gabionams, \u017eem\u0117s \u016bkio ir mi\u0161ko tvoroms sujungti ir skutimosi laidams sujungti specialiose tvorose - kal\u0117jimuose, karin\u0117se ir gele\u017einkelio patalpose.<\/p>","protected":false},"featured_media":7829,"template":"","meta":[],"_links":{"self":[{"href":"https:\/\/bizonfasteners.com\/lt\/wp-json\/wp\/v2\/product\/7828"}],"collection":[{"href":"https:\/\/bizonfasteners.com\/lt\/wp-json\/wp\/v2\/product"}],"about":[{"href":"https:\/\/bizonfasteners.com\/lt\/wp-json\/wp\/v2\/types\/product"}],"wp:featuredmedia":[{"embeddable":true,"href":"https:\/\/bizonfasteners.com\/lt\/wp-json\/wp\/v2\/media\/7829"}],"wp:attachment":[{"href":"https:\/\/bizonfasteners.com\/lt\/wp-json\/wp\/v2\/media?parent=7828"}],"curies":[{"name":"wp","href":"https:\/\/api.w.org\/{rel}","templated":true}]}}