{"id":7977,"date":"2021-04-01T10:38:25","date_gmt":"2021-04-01T08:38:25","guid":{"rendered":"https:\/\/bizonfasteners.com\/?post_type=product&#038;p=7977"},"modified":"2023-04-04T15:33:11","modified_gmt":"2023-04-04T13:33:11","slug":"druty-stalowe-zakres-srednic-06-50-mm","status":"publish","type":"product","link":"https:\/\/bizonfasteners.com\/lt\/produktas\/druty-stalowe-zakres-srednic-06-50-mm\/","title":{"rendered":"Plienin\u0117s vielos, skersmens diapazonas 0,6 - 5,0 mm"},"content":{"rendered":"","protected":false},"excerpt":{"rendered":"<p><strong>Plienin\u0117s vielos (ma\u017eai anglies turin\u010dios), skersmens diapazonas 0,6 - 5,0 mm, metin\u0117 produkcija 24 000 ton\u0173<\/strong><\/p>\n<p>- plikas,<\/p>\n<p>- galvanizuotas,<\/p>\n<p>- kietas ir kaitinamas,<\/p>\n<p>- \u012fskaitant apval\u0173 ir plok\u0161\u010di\u0105 knyg\u0173 \u012fri\u0161im\u0105,<\/p>\n<p>- pagrindin\u0117s juostos<\/p>","protected":false},"featured_media":7969,"template":"","meta":[],"_links":{"self":[{"href":"https:\/\/bizonfasteners.com\/lt\/wp-json\/wp\/v2\/product\/7977"}],"collection":[{"href":"https:\/\/bizonfasteners.com\/lt\/wp-json\/wp\/v2\/product"}],"about":[{"href":"https:\/\/bizonfasteners.com\/lt\/wp-json\/wp\/v2\/types\/product"}],"wp:featuredmedia":[{"embeddable":true,"href":"https:\/\/bizonfasteners.com\/lt\/wp-json\/wp\/v2\/media\/7969"}],"wp:attachment":[{"href":"https:\/\/bizonfasteners.com\/lt\/wp-json\/wp\/v2\/media?parent=7977"}],"curies":[{"name":"wp","href":"https:\/\/api.w.org\/{rel}","templated":true}]}}