{"id":8150,"date":"2021-04-09T16:28:54","date_gmt":"2021-04-09T14:28:54","guid":{"rendered":"https:\/\/bizonfasteners.com\/?post_type=product&#038;p=8150"},"modified":"2021-04-09T16:28:55","modified_gmt":"2021-04-09T14:28:55","slug":"gwozdzie-bdc-ring","status":"publish","type":"product","link":"https:\/\/bizonfasteners.com\/lt\/produktas\/gwozdzie-bdc-ring\/","title":{"rendered":"BDC RING nagai"},"content":{"rendered":"<p><strong>RING - <\/strong>\u017eiedas valcuotas \u0161erdis<br \/>\nStandartinis a\u0161menys<strong> arba bukas (BP)<\/strong><br \/>\nMed\u017eiaga \/ apdirbimas:<br \/>\n<strong>\u00a0 \u00a0 \u00a0BK<\/strong> - plikas plikas<br \/>\n<strong>\u00a0 \u00a0 \u00a0NK<\/strong> - cinkuotas plienas<br \/>\n<strong>\u00a0 \u00a0 \u00a0NR<\/strong> - ner\u016bdijantis plienas, 304 arba 316 klas\u0117<br \/>\nSkersmuo \/ ilgis:<br \/>\n<strong>\u00a0 \u00a0 \u00a02,1<\/strong> (2,3) \/ i\u0161 <strong>Nuo 22 iki 55 mm<\/strong> \/ vini\u0173 skai\u010dius rit\u0117je 300 vnt<br \/>\n<strong>\u00a0 \u00a0 \u00a02,5<\/strong> mm \/ nuo <strong>Nuo 30 iki 75 mm<\/strong> \/ vini\u0173 skai\u010dius rit\u0117je 300 vnt<br \/>\n<strong>\u00a0 \u00a0 \u00a02,8<\/strong> (2,7) \/ i\u0161 <strong>60\u201390<\/strong> mm \/ vini\u0173 skai\u010dius rit\u0117je 250 vnt<br \/>\n<strong>\u00a0 \u00a0 \u00a03,1<\/strong> (3.3) \/ i\u0161 <strong>60\u2013100<\/strong> mm \/ vini\u0173 skai\u010dius rit\u0117je 200 vnt<\/p>","protected":false},"excerpt":{"rendered":"<p><strong>BDC RING nagai<\/strong><\/p>\n<p>Suvyniotos vinys, sujungtos viela, turi b\u016bti \u012fvestos \u012frankiais su b\u016bgno \u017eurnalu.<\/p>","protected":false},"featured_media":8152,"template":"","meta":[],"_links":{"self":[{"href":"https:\/\/bizonfasteners.com\/lt\/wp-json\/wp\/v2\/product\/8150"}],"collection":[{"href":"https:\/\/bizonfasteners.com\/lt\/wp-json\/wp\/v2\/product"}],"about":[{"href":"https:\/\/bizonfasteners.com\/lt\/wp-json\/wp\/v2\/types\/product"}],"wp:featuredmedia":[{"embeddable":true,"href":"https:\/\/bizonfasteners.com\/lt\/wp-json\/wp\/v2\/media\/8152"}],"wp:attachment":[{"href":"https:\/\/bizonfasteners.com\/lt\/wp-json\/wp\/v2\/media?parent=8150"}],"curies":[{"name":"wp","href":"https:\/\/api.w.org\/{rel}","templated":true}]}}