{"id":8155,"date":"2021-04-09T16:35:06","date_gmt":"2021-04-09T14:35:06","guid":{"rendered":"https:\/\/bizonfasteners.com\/?post_type=product&#038;p=8155"},"modified":"2021-04-10T12:27:06","modified_gmt":"2021-04-10T10:27:06","slug":"gwozdzie-bdc-sm","status":"publish","type":"product","link":"https:\/\/bizonfasteners.com\/lt\/produktas\/gwozdzie-bdc-sm\/","title":{"rendered":"BDC SM nagai"},"content":{"rendered":"<p><strong>SM - <\/strong>lygi valcuota \u0161erdis<br \/>\nStandartinis a\u0161men\u0173 arba nuo\u017eulnus pj\u016bvis (Clinch)<br \/>\nMed\u017eiaga \/ apdirbimas:<br \/>\n<strong>\u00a0 \u00a0 \u00a0BK<\/strong> - plikas plikas<br \/>\n<strong>\u00a0 \u00a0 \u00a0NK<\/strong> - cinkuotas plienas<br \/>\n<strong>\u00a0 \u00a0 \u00a0NR<\/strong> - ner\u016bdijantis plienas, 304 arba 316 klas\u0117<br \/>\nSkersmuo \/ ilgis:<br \/>\n<strong>\u00a0 \u00a0 \u00a02,1<\/strong> (2,3) \/ i\u0161 <strong>Nuo 22 iki 55 mm<\/strong> \/ vini\u0173 skai\u010dius rit\u0117je 300 vnt<br \/>\n<strong>\u00a0 \u00a0 \u00a02,5<\/strong> mm \/ nuo <strong>Nuo 30 iki 75 mm<\/strong> \/ vini\u0173 skai\u010dius rit\u0117je 300 vnt<br \/>\n<strong>\u00a0 \u00a0 \u00a02,8<\/strong> (2,7) \/ i\u0161 <strong>60\u201390<\/strong> mm \/ vini\u0173 skai\u010dius rit\u0117je 250 vnt<br \/>\n<strong>\u00a0 \u00a0 \u00a03,1<\/strong> (3.3) \/ i\u0161 <strong>60\u2013130<\/strong> mm \/ vini\u0173 skai\u010dius rit\u0117je 200 vnt<\/p>","protected":false},"excerpt":{"rendered":"<p><strong>BDC SM nagai<\/strong><\/p>\n<p>Suvyniotos vinys, sujungtos viela, turi b\u016bti \u012fvestos \u012frankiais su b\u016bgno \u017eurnalu.<\/p>","protected":false},"featured_media":8154,"template":"","meta":[],"_links":{"self":[{"href":"https:\/\/bizonfasteners.com\/lt\/wp-json\/wp\/v2\/product\/8155"}],"collection":[{"href":"https:\/\/bizonfasteners.com\/lt\/wp-json\/wp\/v2\/product"}],"about":[{"href":"https:\/\/bizonfasteners.com\/lt\/wp-json\/wp\/v2\/types\/product"}],"wp:featuredmedia":[{"embeddable":true,"href":"https:\/\/bizonfasteners.com\/lt\/wp-json\/wp\/v2\/media\/8154"}],"wp:attachment":[{"href":"https:\/\/bizonfasteners.com\/lt\/wp-json\/wp\/v2\/media?parent=8155"}],"curies":[{"name":"wp","href":"https:\/\/api.w.org\/{rel}","templated":true}]}}