{"id":8157,"date":"2021-04-09T16:44:29","date_gmt":"2021-04-09T14:44:29","guid":{"rendered":"https:\/\/bizonfasteners.com\/?post_type=product&#038;p=8157"},"modified":"2021-04-12T13:59:27","modified_gmt":"2021-04-12T11:59:27","slug":"gwozdzie-bdc-jumbo","status":"publish","type":"product","link":"https:\/\/bizonfasteners.com\/lt\/produktas\/gwozdzie-bdc-jumbo\/","title":{"rendered":"BDC JUMBO nagai"},"content":{"rendered":"<p>Med\u017eiaga, apdirbimas kaip ir standartin\u0117ms BDC rit\u0117ms<br \/>\nSkersmuo \/ ilgis \/ vini\u0173 skai\u010dius rit\u0117je:<br \/>\n<strong>\u00a0 \u00a0 \u00a02,1<\/strong> (2,3) \/ i\u0161 <strong>Nuo 22 iki 55 mm<\/strong> \/ <strong>1 200 vienet\u0173<\/strong><br \/>\n<strong>\u00a0 \u00a0 \u00a02,5<\/strong> mm \/ nuo <strong>Nuo 30 iki 75 mm<\/strong> \/\u00a0\u00a0 <strong>900 vnt<\/strong><br \/>\n<strong>\u00a0 \u00a0 \u00a02,8<\/strong> (2,7) \/ i\u0161 <strong>60\u201390<\/strong> mm \/ \u00a0\u00a0<strong>800 vnt<\/strong><br \/>\n<strong>\u00a0 \u00a0 \u00a03,1<\/strong> (3.3) \/ i\u0161 <strong>60\u2013130<\/strong> mm \/ <strong>600 vnt<\/strong><br \/>\nPagal pageidavim\u0105 mes taip pat gaminame suvyniotus BDC nagus ant riti\u0173, kuri\u0173 talpa iki 3000 vienet\u0173.<\/p>","protected":false},"excerpt":{"rendered":"<p><strong>BDC JUMBO nagai <\/strong><\/p>\n<p>Vinys didel\u0117se JUMBO rit\u0117se, sujungtose laidu, kurias reikia \u012fkalti \u012frankiais su JUMBO \u017eurnalu. Naudojamas surinkimo linijoms, ma\u0161inoms ir robotams.<\/p>","protected":false},"featured_media":8151,"template":"","meta":[],"_links":{"self":[{"href":"https:\/\/bizonfasteners.com\/lt\/wp-json\/wp\/v2\/product\/8157"}],"collection":[{"href":"https:\/\/bizonfasteners.com\/lt\/wp-json\/wp\/v2\/product"}],"about":[{"href":"https:\/\/bizonfasteners.com\/lt\/wp-json\/wp\/v2\/types\/product"}],"wp:featuredmedia":[{"embeddable":true,"href":"https:\/\/bizonfasteners.com\/lt\/wp-json\/wp\/v2\/media\/8151"}],"wp:attachment":[{"href":"https:\/\/bizonfasteners.com\/lt\/wp-json\/wp\/v2\/media?parent=8157"}],"curies":[{"name":"wp","href":"https:\/\/api.w.org\/{rel}","templated":true}]}}