{"id":8190,"date":"2021-04-12T14:15:33","date_gmt":"2021-04-12T12:15:33","guid":{"rendered":"https:\/\/bizonfasteners.com\/?post_type=product&#038;p=8190"},"modified":"2021-04-12T14:54:44","modified_gmt":"2021-04-12T12:54:44","slug":"gwozdzie-papowe-dpn-w-zwojach-drut","status":"publish","type":"product","link":"https:\/\/bizonfasteners.com\/lt\/produktas\/gwozdzie-papowe-dpn-w-zwojach-drut\/","title":{"rendered":"DPN stogo vinys rit\u0117se - viela"},"content":{"rendered":"<p><strong>RING - <\/strong>\u017eiedas valcuotas \u0161erdis<br \/>\nMed\u017eiaga \/ apdirbimas:<br \/>\n<strong>\u00a0 \u00a0 \u00a0NK<\/strong> - cinkuotas plienas<br \/>\nSkersmuo: <strong>3,1 mm<\/strong><br \/>\nIlgiai: nuo <strong>16 <\/strong>\u017eemyn <strong>45 mm<\/strong><br \/>\nGalvos skersmuo: <strong>10 mm<\/strong><br \/>\nNag\u0173 skai\u010dius rit\u0117je: 120 vnt<\/p>","protected":false},"excerpt":{"rendered":"<p><strong>DPN stogo vinys rit\u0117se - viela<\/strong><\/p>\n<p>Stogo vinys, sujungtas rit\u0117mis su viela, skirtas \u012fva\u017eiuoti su pneumatiniais \u012frankiais. Daugiausia naudojamas statyboms ir krovini\u0173 d\u0117\u017ei\u0173 dang\u010di\u0173 tvirtinimui.<\/p>","protected":false},"featured_media":8192,"template":"","meta":[],"_links":{"self":[{"href":"https:\/\/bizonfasteners.com\/lt\/wp-json\/wp\/v2\/product\/8190"}],"collection":[{"href":"https:\/\/bizonfasteners.com\/lt\/wp-json\/wp\/v2\/product"}],"about":[{"href":"https:\/\/bizonfasteners.com\/lt\/wp-json\/wp\/v2\/types\/product"}],"wp:featuredmedia":[{"embeddable":true,"href":"https:\/\/bizonfasteners.com\/lt\/wp-json\/wp\/v2\/media\/8192"}],"wp:attachment":[{"href":"https:\/\/bizonfasteners.com\/lt\/wp-json\/wp\/v2\/media?parent=8190"}],"curies":[{"name":"wp","href":"https:\/\/api.w.org\/{rel}","templated":true}]}}