{"id":8194,"date":"2021-04-12T15:09:08","date_gmt":"2021-04-12T13:09:08","guid":{"rendered":"https:\/\/bizonfasteners.com\/?post_type=product&#038;p=8194"},"modified":"2021-04-12T15:09:09","modified_gmt":"2021-04-12T13:09:09","slug":"gwozdziowkrety-w-zwojach-drut","status":"publish","type":"product","link":"https:\/\/bizonfasteners.com\/lt\/produktas\/gwozdziowkrety-w-zwojach-drut\/","title":{"rendered":"Ritiniai vinys - viela"},"content":{"rendered":"<p>Med\u017eiaga:<br \/>\n<strong>\u00a0 \u00a0 \u00a0NR<\/strong> - ner\u016bdijantis plienas, 304 klas\u0117<br \/>\nSkersmuo: nuo <strong>2,0<\/strong> \u017eemyn <strong>2,7 mm<\/strong><br \/>\nIlgiai: nuo <strong>14<\/strong> \u017eemyn <strong>55 mm<\/strong><br \/>\nSraigtin\u0117 valcuota \u0161erdis<br \/>\nPanardinta galvut\u0117 su PZ1 s\u0117dyne:<\/p>","protected":false},"excerpt":{"rendered":"<p><strong>Ritiniai vinys - viela<\/strong><\/p>\n<p>Nag\u0173 sraigtai, sujungti rit\u0117mis vielos pagalba, skirti \u012fva\u017eiuoti naudojant pneumatinius \u012frankius. Daugiausia naudojama \u012frengiant medienos gaminius sodui.<\/p>","protected":false},"featured_media":8195,"template":"","meta":[],"_links":{"self":[{"href":"https:\/\/bizonfasteners.com\/lt\/wp-json\/wp\/v2\/product\/8194"}],"collection":[{"href":"https:\/\/bizonfasteners.com\/lt\/wp-json\/wp\/v2\/product"}],"about":[{"href":"https:\/\/bizonfasteners.com\/lt\/wp-json\/wp\/v2\/types\/product"}],"wp:featuredmedia":[{"embeddable":true,"href":"https:\/\/bizonfasteners.com\/lt\/wp-json\/wp\/v2\/media\/8195"}],"wp:attachment":[{"href":"https:\/\/bizonfasteners.com\/lt\/wp-json\/wp\/v2\/media?parent=8194"}],"curies":[{"name":"wp","href":"https:\/\/api.w.org\/{rel}","templated":true}]}}