{"id":8220,"date":"2021-04-16T19:50:54","date_gmt":"2021-04-16T17:50:54","guid":{"rendered":"https:\/\/bizonfasteners.com\/?post_type=product&#038;p=8220"},"modified":"2021-12-13T00:42:34","modified_gmt":"2021-12-12T23:42:34","slug":"sztyfty-z-lbem-typ-sk-am-400","status":"publish","type":"product","link":"https:\/\/bizonfasteners.com\/lt\/produktas\/sztyfty-z-lbem-typ-sk-am-400\/","title":{"rendered":"Smeig\u0117s su galvos tipu: SK AM 400"},"content":{"rendered":"<p>Med\u017eiaga \/ apdirbimas:<br \/>\n&nbsp;&nbsp;&nbsp;&nbsp;&nbsp;&nbsp;<strong>NK<\/strong> - galvanizuotas plienas<br \/>\nIlgis:<br \/>\n&nbsp;&nbsp;&nbsp;&nbsp;&nbsp;&nbsp;nuo <strong>25<\/strong> \u017eemyn <strong>50 mm<\/strong><\/p>","protected":false},"excerpt":{"rendered":"<p><strong>Smeig\u0117s su galvos tipu: SK AM 400<\/strong><\/p>\n<p>SK AM lazdos yra sujungtos pakuot\u0117mis 34 laipsni\u0173 kampu, kad b\u016bt\u0173 galima kalti pneumatiniais \u012frankiais. \u017durnalas kampu leid\u017eia patogiai prieiti nagus r\u0117mo konstrukcij\u0173 kampuose. Daugiausia naudojama bald\u0173 pramon\u0117je ir parod\u0173 bei parduotuvi\u0173 stend\u0173 statyboje.<\/p>","protected":false},"featured_media":8283,"template":"","meta":[],"_links":{"self":[{"href":"https:\/\/bizonfasteners.com\/lt\/wp-json\/wp\/v2\/product\/8220"}],"collection":[{"href":"https:\/\/bizonfasteners.com\/lt\/wp-json\/wp\/v2\/product"}],"about":[{"href":"https:\/\/bizonfasteners.com\/lt\/wp-json\/wp\/v2\/types\/product"}],"wp:featuredmedia":[{"embeddable":true,"href":"https:\/\/bizonfasteners.com\/lt\/wp-json\/wp\/v2\/media\/8283"}],"wp:attachment":[{"href":"https:\/\/bizonfasteners.com\/lt\/wp-json\/wp\/v2\/media?parent=8220"}],"curies":[{"name":"wp","href":"https:\/\/api.w.org\/{rel}","templated":true}]}}