{"id":1071,"date":"2015-12-14T07:14:55","date_gmt":"2015-12-14T07:14:55","guid":{"rendered":"http:\/\/consulting.stylemixthemes.com\/demo\/?page_id=2"},"modified":"2025-04-16T18:20:45","modified_gmt":"2025-04-16T16:20:45","slug":"sample-page-2","status":"publish","type":"page","link":"https:\/\/bizonfasteners.com\/pl\/","title":{"rendered":"Start"},"content":{"rendered":"<div data-vc-full-width=\"true\" data-vc-full-width-init=\"false\" class=\"vc_row wpb_row vc_row-fluid vc_custom_1617120397437 vc_row-has-fill vc_row-o-content-top vc_row-flex\"><div class=\"wpb_column vc_column_container vc_col-sm-12\"><div class=\"vc_column-inner \"><div class=\"wpb_wrapper\">\n\t<div class=\"wpb_text_column wpb_content_element \" >\n\t\t<div class=\"wpb_wrapper\">\n\t\t\t\r\n    <div>        \r\n    <video id=\"plyr69d54fcd7acf6\" autoplay data-poster=\"https:\/\/bizonfasteners.com\/wp-content\/uploads\/2019\/09\/poster-film.jpg\" controls class=\"easy-video-player\">\r\n       <source src=\"https:\/\/bizonfasteners.com\/wp-content\/uploads\/2019\/09\/Bizon_21-v6.mp4\" type=\"video\/mp4\" \/>\r\n    <\/video>\r\n    <\/div>    <script>\r\n        const evplayerplyr69d54fcd7acf6 = new Plyr(document.getElementById('plyr69d54fcd7acf6'));\r\n        evplayerplyr69d54fcd7acf6.ratio = '16:9';\r\n        evplayerplyr69d54fcd7acf6.iconUrl = 'https:\/\/bizonfasteners.com\/wp-content\/plugins\/easy-video-player\/lib\/plyr.svg';\r\n        evplayerplyr69d54fcd7acf6.blankVideo = 'https:\/\/bizonfasteners.com\/wp-content\/plugins\/easy-video-player\/lib\/blank.mp4';  \r\n    <\/script>\n\n\t\t<\/div>\n\t<\/div>\n<\/div><\/div><\/div><\/div><div class=\"vc_row-full-width vc_clearfix\"><\/div><div data-vc-full-width=\"true\" data-vc-full-width-init=\"false\" class=\"vc_row wpb_row vc_row-fluid overlay_2 fixed_bg vc_custom_1613856054927 vc_row-has-fill\"><div class=\"wpb_column vc_column_container vc_col-sm-12\"><div class=\"vc_column-inner \"><div class=\"wpb_wrapper\"><div class=\"stm-spacing\" id=\"stm-spacing-69d54fcd7b290\"><\/div>\n<script>\n    (function($){\n        \"use strict\";\n        var spacingID = 'stm-spacing-69d54fcd7b290',\n            lgSpacing = '60',\n            mdSpacing = '60',\n            smSpacing = '50',\n            xsSpacing = '40';\n\n        function stmSpacing() {\n            if ( window.matchMedia(\"(min-width: 1200px)\").matches && lgSpacing ) {\n                $( '#' + spacingID ).css ( \"height\", lgSpacing );\n            } else if ( window.matchMedia(\"(max-width: 1199px) and (min-width: 992px )\").matches && mdSpacing ) {\n                $( '#' + spacingID ).css ( \"height\", mdSpacing );\n            } else if ( window.matchMedia(\"(max-width: 991px) and (min-width: 768px )\").matches && smSpacing ) {\n                $( '#' + spacingID ).css ( \"height\", smSpacing );\n            } else if ( window.matchMedia(\"(max-width: 767px)\").matches && xsSpacing ) {\n                $( '#' + spacingID ).css ( \"height\", xsSpacing );\n            } else {\n                $( '#' + spacingID ).css ( \"height\", \"\" );\n            }\n        }\n\n        $(document).ready(function() {\n            stmSpacing();\n        });\n\n        $(window).resize(function() {\n            stmSpacing();\n        });\n\n    })(jQuery);\n<\/script><div class=\"vc_row wpb_row vc_inner vc_row-fluid\"><div class=\"wpb_column vc_column_container vc_col-sm-12 vc_col-lg-9 vc_col-md-10\"><div class=\"vc_column-inner\"><div class=\"wpb_wrapper\"><div class=\"vc_custom_heading no_stripe mobile_align_center custom_count_title text_align_left has_icon\" ><div class=\"icon\" style=\"font-size: 67px; line-height: 67px;\"><i class=\"stm-check\"><\/i><\/div><h4 style=\"font-size: 45px;color: #ffffff;line-height: 45px;text-align: left\" class=\"consulting-custom-title\"><mark>W ci\u0105gu roku<\/mark> produkujemy:<\/h4><\/div><\/div><\/div><\/div><div class=\"wpb_column vc_column_container vc_col-sm-12 vc_col-lg-3 vc_col-md-2\"><div class=\"vc_column-inner\"><div class=\"wpb_wrapper\"><\/div><\/div><\/div><\/div><div class=\"stm-spacing\" id=\"stm-spacing-69d54fcd7c2fd\"><\/div>\n<script>\n    (function($){\n        \"use strict\";\n        var spacingID = 'stm-spacing-69d54fcd7c2fd',\n            lgSpacing = '60',\n            mdSpacing = '60',\n            smSpacing = '50',\n            xsSpacing = '40';\n\n        function stmSpacing() {\n            if ( window.matchMedia(\"(min-width: 1200px)\").matches && lgSpacing ) {\n                $( '#' + spacingID ).css ( \"height\", lgSpacing );\n            } else if ( window.matchMedia(\"(max-width: 1199px) and (min-width: 992px )\").matches && mdSpacing ) {\n                $( '#' + spacingID ).css ( \"height\", mdSpacing );\n            } else if ( window.matchMedia(\"(max-width: 991px) and (min-width: 768px )\").matches && smSpacing ) {\n                $( '#' + spacingID ).css ( \"height\", smSpacing );\n            } else if ( window.matchMedia(\"(max-width: 767px)\").matches && xsSpacing ) {\n                $( '#' + spacingID ).css ( \"height\", xsSpacing );\n            } else {\n                $( '#' + spacingID ).css ( \"height\", \"\" );\n            }\n        }\n\n        $(document).ready(function() {\n            stmSpacing();\n        });\n\n        $(window).resize(function() {\n            stmSpacing();\n        });\n\n    })(jQuery);\n<\/script><div class=\"vc_row wpb_row vc_inner vc_row-fluid\"><div class=\"wpb_column vc_column_container vc_col-sm-6 vc_col-lg-offset-1 vc_col-lg-2 vc_col-md-2 vc_col-xs-6\"><div class=\"vc_column-inner\"><div class=\"wpb_wrapper\">    <div class=\"stats_counter style_1 left \" >\n        <div class=\"inner \">\n            <h3 class=\"no_stripe\" id=\"counter_69d54fcd7c77e\" >0<\/h3>\n                            <div class=\"counter_title\" >ton drutu<\/div>\n                                <\/div>\n    <\/div>\n<script type=\"text\/javascript\">\n    jQuery(document).ready(function ($) {\n        var counter_69d54fcd7c77e =\n        new countUp(\"counter_69d54fcd7c77e\", 0, 24000, 0, 2.5, {\n            useEasing: true,\n            useGrouping: false,\n            prefix: '',\n            suffix: '<span class=\"stats_counter_suffix\"><\/span>'\n        });\n        $(window).scroll(function () {\n            if ($(\"#counter_69d54fcd7c77e\").is_on_screen()) {\n                counter_69d54fcd7c77e.\n                start();\n            }\n        });\n    });\n<\/script><\/div><\/div><\/div><div class=\"wpb_column vc_column_container vc_col-sm-6 vc_col-lg-2 vc_col-md-2 vc_col-xs-6\"><div class=\"vc_column-inner\"><div class=\"wpb_wrapper\">    <div class=\"stats_counter style_1 left \" >\n        <div class=\"inner \">\n            <h3 class=\"no_stripe\" id=\"counter_69d54fcd7c8a7\" >0<\/h3>\n                            <div class=\"counter_title\" >ton ta\u015bmy zszywkowej<\/div>\n                                <\/div>\n    <\/div>\n<script type=\"text\/javascript\">\n    jQuery(document).ready(function ($) {\n        var counter_69d54fcd7c8a7 =\n        new countUp(\"counter_69d54fcd7c8a7\", 0, 14000, 0, 2.5, {\n            useEasing: true,\n            useGrouping: false,\n            prefix: '',\n            suffix: '<span class=\"stats_counter_suffix\"><\/span>'\n        });\n        $(window).scroll(function () {\n            if ($(\"#counter_69d54fcd7c8a7\").is_on_screen()) {\n                counter_69d54fcd7c8a7.\n                start();\n            }\n        });\n    });\n<\/script><\/div><\/div><\/div><div class=\"wpb_column vc_column_container vc_col-sm-6 vc_col-lg-2 vc_col-md-2 vc_col-xs-6\"><div class=\"vc_column-inner\"><div class=\"wpb_wrapper\">    <div class=\"stats_counter style_1 left \" >\n        <div class=\"inner \">\n            <h3 class=\"no_stripe\" id=\"counter_69d54fcd7c9ca\" >0<\/h3>\n                            <div class=\"counter_title\" >ton zszywek<\/div>\n                                <\/div>\n    <\/div>\n<script type=\"text\/javascript\">\n    jQuery(document).ready(function ($) {\n        var counter_69d54fcd7c9ca =\n        new countUp(\"counter_69d54fcd7c9ca\", 0, 12000, 0, 2.5, {\n            useEasing: true,\n            useGrouping: false,\n            prefix: '',\n            suffix: '<span class=\"stats_counter_suffix\"><\/span>'\n        });\n        $(window).scroll(function () {\n            if ($(\"#counter_69d54fcd7c9ca\").is_on_screen()) {\n                counter_69d54fcd7c9ca.\n                start();\n            }\n        });\n    });\n<\/script><\/div><\/div><\/div><div class=\"wpb_column vc_column_container vc_col-sm-6 vc_col-lg-2 vc_col-md-2 vc_col-xs-6\"><div class=\"vc_column-inner\"><div class=\"wpb_wrapper\">    <div class=\"stats_counter style_1 left \" >\n        <div class=\"inner \">\n            <h3 class=\"no_stripe\" id=\"counter_69d54fcd7cae0\" >0<\/h3>\n                            <div class=\"counter_title\" >ton gwo\u017adzi<\/div>\n                                <\/div>\n    <\/div>\n<script type=\"text\/javascript\">\n    jQuery(document).ready(function ($) {\n        var counter_69d54fcd7cae0 =\n        new countUp(\"counter_69d54fcd7cae0\", 0, 10000, 0, 2.5, {\n            useEasing: true,\n            useGrouping: false,\n            prefix: '',\n            suffix: '<span class=\"stats_counter_suffix\"><\/span>'\n        });\n        $(window).scroll(function () {\n            if ($(\"#counter_69d54fcd7cae0\").is_on_screen()) {\n                counter_69d54fcd7cae0.\n                start();\n            }\n        });\n    });\n<\/script><\/div><\/div><\/div><\/div><div class=\"stm-spacing\" id=\"stm-spacing-69d54fcd7cb6c\"><\/div>\n<script>\n    (function($){\n        \"use strict\";\n        var spacingID = 'stm-spacing-69d54fcd7cb6c',\n            lgSpacing = '100',\n            mdSpacing = '100',\n            smSpacing = '80',\n            xsSpacing = '80';\n\n        function stmSpacing() {\n            if ( window.matchMedia(\"(min-width: 1200px)\").matches && lgSpacing ) {\n                $( '#' + spacingID ).css ( \"height\", lgSpacing );\n            } else if ( window.matchMedia(\"(max-width: 1199px) and (min-width: 992px )\").matches && mdSpacing ) {\n                $( '#' + spacingID ).css ( \"height\", mdSpacing );\n            } else if ( window.matchMedia(\"(max-width: 991px) and (min-width: 768px )\").matches && smSpacing ) {\n                $( '#' + spacingID ).css ( \"height\", smSpacing );\n            } else if ( window.matchMedia(\"(max-width: 767px)\").matches && xsSpacing ) {\n                $( '#' + spacingID ).css ( \"height\", xsSpacing );\n            } else {\n                $( '#' + spacingID ).css ( \"height\", \"\" );\n            }\n        }\n\n        $(document).ready(function() {\n            stmSpacing();\n        });\n\n        $(window).resize(function() {\n            stmSpacing();\n        });\n\n    })(jQuery);\n<\/script><\/div><\/div><\/div><\/div><div class=\"vc_row-full-width vc_clearfix\"><\/div><div data-vc-full-width=\"true\" data-vc-full-width-init=\"false\" class=\"vc_row wpb_row vc_row-fluid vc_custom_1613853897404 vc_row-has-fill vc_row-o-equal-height vc_row-flex\"><div class=\"wpb_column vc_column_container vc_col-sm-6 vc_hidden-md vc_hidden-sm vc_hidden-xs vc_col-has-fill\" data-stretch=\"left\"><div class=\"vc_column-inner vc_custom_1613853545105\"><div class=\"wpb_wrapper\"><\/div><\/div><\/div><div class=\"wpb_column vc_column_container vc_col-sm-1 vc_hidden-md vc_hidden-sm vc_hidden-xs vc_col-has-fill\"><div class=\"vc_column-inner vc_custom_1613853610824\"><div class=\"wpb_wrapper\"><\/div><\/div><\/div><div class=\"wpb_column vc_column_container vc_col-sm-12 vc_col-lg-5 vc_col-has-fill\"><div class=\"vc_column-inner vc_custom_1613853773164\"><div class=\"wpb_wrapper\"><div class=\"stm-spacing\" id=\"stm-spacing-69d54fcd7cf65\"><\/div>\n<script>\n    (function($){\n        \"use strict\";\n        var spacingID = 'stm-spacing-69d54fcd7cf65',\n            lgSpacing = '60',\n            mdSpacing = '60',\n            smSpacing = '60',\n            xsSpacing = '40';\n\n        function stmSpacing() {\n            if ( window.matchMedia(\"(min-width: 1200px)\").matches && lgSpacing ) {\n                $( '#' + spacingID ).css ( \"height\", lgSpacing );\n            } else if ( window.matchMedia(\"(max-width: 1199px) and (min-width: 992px )\").matches && mdSpacing ) {\n                $( '#' + spacingID ).css ( \"height\", mdSpacing );\n            } else if ( window.matchMedia(\"(max-width: 991px) and (min-width: 768px )\").matches && smSpacing ) {\n                $( '#' + spacingID ).css ( \"height\", smSpacing );\n            } else if ( window.matchMedia(\"(max-width: 767px)\").matches && xsSpacing ) {\n                $( '#' + spacingID ).css ( \"height\", xsSpacing );\n            } else {\n                $( '#' + spacingID ).css ( \"height\", \"\" );\n            }\n        }\n\n        $(document).ready(function() {\n            stmSpacing();\n        });\n\n        $(window).resize(function() {\n            stmSpacing();\n        });\n\n    })(jQuery);\n<\/script><div class=\"vc_custom_heading no_stripe vc_custom_1613902587618 text_align_left\" ><h3 style=\"color: #ffffff;text-align: left\" class=\"consulting-custom-title\">Warto\u015bci<\/h3><\/div>\n\t<div class=\"wpb_text_column wpb_content_element  vc_custom_1744820441374\" >\n\t\t<div class=\"wpb_wrapper\">\n\t\t\t<h6 class=\"no_stripe\"><span style=\"color: #ffffff;\">Zobowi\u0105zania<\/span><\/h6>\n<ul class=\"bez_kropek\">\n<li><span style=\"color: #ffffff;\">Uczciwo\u015b\u0107: zaufanie jest podstaw\u0105 naszych relacji z klientami i dostawcami<\/span><\/li>\n<li><span style=\"color: #ffffff;\">Wydajno\u015b\u0107 i doskona\u0142o\u015b\u0107: cenimy wysok\u0105 jako\u015b\u0107 wykonania i d\u0105\u017cymy do doskona\u0142o\u015bci we wszystkich naszych produktach<\/span><\/li>\n<\/ul>\n<h6 class=\"no_stripe\"><span style=\"color: #ffffff;\">Jako\u015b\u0107 i warto\u015b\u0107 produkt\u00f3w<\/span><\/h6>\n<ul class=\"bez_kropek\">\n<li><span style=\"color: #ffffff;\">Zapewniamy wszystkim naszym Klientom najwy\u017csz\u0105 jako\u015b\u0107 us\u0142ug oraz konkurencyjne cenowo produkty<\/span><\/li>\n<\/ul>\n\n\t\t<\/div>\n\t<\/div>\n<div class=\"stm-spacing\" id=\"stm-spacing-69d54fcd7d108\"><\/div>\n<script>\n    (function($){\n        \"use strict\";\n        var spacingID = 'stm-spacing-69d54fcd7d108',\n            lgSpacing = '85',\n            mdSpacing = '85',\n            smSpacing = '80',\n            xsSpacing = '60';\n\n        function stmSpacing() {\n            if ( window.matchMedia(\"(min-width: 1200px)\").matches && lgSpacing ) {\n                $( '#' + spacingID ).css ( \"height\", lgSpacing );\n            } else if ( window.matchMedia(\"(max-width: 1199px) and (min-width: 992px )\").matches && mdSpacing ) {\n                $( '#' + spacingID ).css ( \"height\", mdSpacing );\n            } else if ( window.matchMedia(\"(max-width: 991px) and (min-width: 768px )\").matches && smSpacing ) {\n                $( '#' + spacingID ).css ( \"height\", smSpacing );\n            } else if ( window.matchMedia(\"(max-width: 767px)\").matches && xsSpacing ) {\n                $( '#' + spacingID ).css ( \"height\", xsSpacing );\n            } else {\n                $( '#' + spacingID ).css ( \"height\", \"\" );\n            }\n        }\n\n        $(document).ready(function() {\n            stmSpacing();\n        });\n\n        $(window).resize(function() {\n            stmSpacing();\n        });\n\n    })(jQuery);\n<\/script><\/div><\/div><\/div><\/div><div class=\"vc_row-full-width vc_clearfix\"><\/div><div class=\"vc_row wpb_row vc_row-fluid full_height_columns vc_custom_1559293816714\"><div class=\"wpb_column vc_column_container vc_col-sm-6\"><div class=\"vc_column-inner vc_custom_1559294658220\"><div class=\"wpb_wrapper\"><div class=\"vc_row wpb_row vc_inner vc_row-fluid secondary_style vc_custom_1613903361890 vc_row-has-fill\"><div class=\"wpb_column vc_column_container vc_col-sm-12\"><div class=\"vc_column-inner vc_custom_1559294691505\"><div class=\"wpb_wrapper\"><div class=\"stm-spacing\" id=\"stm-spacing-69d54fcd7d5ee\"><\/div>\n<script>\n    (function($){\n        \"use strict\";\n        var spacingID = 'stm-spacing-69d54fcd7d5ee',\n            lgSpacing = '96',\n            mdSpacing = '96',\n            smSpacing = '70',\n            xsSpacing = '60';\n\n        function stmSpacing() {\n            if ( window.matchMedia(\"(min-width: 1200px)\").matches && lgSpacing ) {\n                $( '#' + spacingID ).css ( \"height\", lgSpacing );\n            } else if ( window.matchMedia(\"(max-width: 1199px) and (min-width: 992px )\").matches && mdSpacing ) {\n                $( '#' + spacingID ).css ( \"height\", mdSpacing );\n            } else if ( window.matchMedia(\"(max-width: 991px) and (min-width: 768px )\").matches && smSpacing ) {\n                $( '#' + spacingID ).css ( \"height\", smSpacing );\n            } else if ( window.matchMedia(\"(max-width: 767px)\").matches && xsSpacing ) {\n                $( '#' + spacingID ).css ( \"height\", xsSpacing );\n            } else {\n                $( '#' + spacingID ).css ( \"height\", \"\" );\n            }\n        }\n\n        $(document).ready(function() {\n            stmSpacing();\n        });\n\n        $(window).resize(function() {\n            stmSpacing();\n        });\n\n    })(jQuery);\n<\/script><div class=\"vc_custom_heading vc_custom_1613902307322 text_align_left stripe_between\" ><h2 style=\"font-size: 42px;text-align: left\" class=\"consulting-custom-title\">Kontakt<\/h2><\/div><div class=\"stm-spacing\" id=\"stm-spacing-69d54fcd7d6cc\"><\/div>\n<script>\n    (function($){\n        \"use strict\";\n        var spacingID = 'stm-spacing-69d54fcd7d6cc',\n            lgSpacing = '70',\n            mdSpacing = '70',\n            smSpacing = '70',\n            xsSpacing = '60';\n\n        function stmSpacing() {\n            if ( window.matchMedia(\"(min-width: 1200px)\").matches && lgSpacing ) {\n                $( '#' + spacingID ).css ( \"height\", lgSpacing );\n            } else if ( window.matchMedia(\"(max-width: 1199px) and (min-width: 992px )\").matches && mdSpacing ) {\n                $( '#' + spacingID ).css ( \"height\", mdSpacing );\n            } else if ( window.matchMedia(\"(max-width: 991px) and (min-width: 768px )\").matches && smSpacing ) {\n                $( '#' + spacingID ).css ( \"height\", smSpacing );\n            } else if ( window.matchMedia(\"(max-width: 767px)\").matches && xsSpacing ) {\n                $( '#' + spacingID ).css ( \"height\", xsSpacing );\n            } else {\n                $( '#' + spacingID ).css ( \"height\", \"\" );\n            }\n        }\n\n        $(document).ready(function() {\n            stmSpacing();\n        });\n\n        $(window).resize(function() {\n            stmSpacing();\n        });\n\n    })(jQuery);\n<\/script>\n\t<div class=\"wpb_text_column wpb_content_element  vc_custom_1617815088404\" >\n\t\t<div class=\"wpb_wrapper\">\n\t\t\t<p><strong>Masz pytania &#8211; zadzwo\u0144, lub wy\u015blij wiadomo\u015b\u0107<\/strong><\/p>\n\n\t\t<\/div>\n\t<\/div>\n\n<div class=\"stm_contacts_widget  style_2\">\n    \n    \n    \n        <ul>\n                            <li class=\"phone\">\n                    <div class=\"icon\"><i class=\"fa fa-phone\"><\/i><\/div>\n                    <div class=\"text\"><strong>+48 22 244 17 00<\/strong><\/div>\n                <\/li>\n                                        <li class=\"mail\">\n                    <div class=\"icon\"><i class=\"fa fa-envelope\"><\/i><\/div>\n                    <div class=\"text\"><a href=\"mailto:i&#110;fo&#64;b&#105;&#122;&#111;&#110;&#102;&#97;s&#116;e&#110;e&#114;&#115;.c&#111;m\">i&#110;f&#111;&#64;bizon&#102;a&#115;t&#101;&#110;&#101;rs&#46;co&#109;<\/a><\/div>\n                <\/li>\n                    <\/ul>\n\n        \n    \n<\/div><div class=\"vc_empty_space\"   style=\"height: 20px\"><span class=\"vc_empty_space_inner\"><\/span><\/div>\n\t<div class=\"wpb_text_column wpb_content_element \" >\n\t\t<div class=\"wpb_wrapper\">\n\t\t\t<p><span style=\"color: #000000; font-size: 14px;\">Twoje dane s\u0105 poufne, zgodnie z<\/span>\u00a0<a style=\"color: #002e5b; font-size: 14px;\" href=\"https:\/\/bizonfasteners.com\/polityka-prywatnosci\/\">Polityk\u0105 prywatno\u015bci<\/a><\/p>\n\n\t\t<\/div>\n\t<\/div>\n<div class=\"stm-spacing\" id=\"stm-spacing-69d54fcd7de31\"><\/div>\n<script>\n    (function($){\n        \"use strict\";\n        var spacingID = 'stm-spacing-69d54fcd7de31',\n            lgSpacing = '49',\n            mdSpacing = '40',\n            smSpacing = '30',\n            xsSpacing = '20';\n\n        function stmSpacing() {\n            if ( window.matchMedia(\"(min-width: 1200px)\").matches && lgSpacing ) {\n                $( '#' + spacingID ).css ( \"height\", lgSpacing );\n            } else if ( window.matchMedia(\"(max-width: 1199px) and (min-width: 992px )\").matches && mdSpacing ) {\n                $( '#' + spacingID ).css ( \"height\", mdSpacing );\n            } else if ( window.matchMedia(\"(max-width: 991px) and (min-width: 768px )\").matches && smSpacing ) {\n                $( '#' + spacingID ).css ( \"height\", smSpacing );\n            } else if ( window.matchMedia(\"(max-width: 767px)\").matches && xsSpacing ) {\n                $( '#' + spacingID ).css ( \"height\", xsSpacing );\n            } else {\n                $( '#' + spacingID ).css ( \"height\", \"\" );\n            }\n        }\n\n        $(document).ready(function() {\n            stmSpacing();\n        });\n\n        $(window).resize(function() {\n            stmSpacing();\n        });\n\n    })(jQuery);\n<\/script><\/div><\/div><\/div><\/div><\/div><\/div><\/div><div class=\"wpb_column vc_column_container vc_col-sm-6\" data-stretch=\"right\"><div class=\"vc_column-inner vc_custom_1559294260257\"><div class=\"wpb_wrapper\"><div class=\"wpb_gmaps_widget wpb_content_element\"><div class=\"wpb_wrapper\"><div class=\"wpb_map_wraper\"><iframe src=\"https:\/\/www.google.com\/maps\/embed?pb=!1m18!1m12!1m3!1d2455.8308188401907!2d21.145918215941986!3d52.00996068165376!2m3!1f0!2f0!3f0!3m2!1i1024!2i768!4f13.1!3m3!1m2!1s0x4719286036e07025%3A0xe3ca705f81a4b60d!2sBIZON%20INT%20Sp.%20z%20o.o.!5e0!3m2!1spl!2spl!4v1613853102531!5m2!1spl!2spl\" width=\"600\" height=\"450\" style=\"border:0;\" allowfullscreen=\"\" loading=\"lazy\"><\/iframe><\/div><\/div><\/div><\/div><\/div><\/div><\/div>\n","protected":false},"excerpt":{"rendered":"W ci\u0105gu roku produkujemy: 0 ton drutu 0 ton ta\u015bmy zszywkowej 0 ton zszywek 0 ton gwo\u017adzi Warto\u015bci Zobowi\u0105zania Uczciwo\u015b\u0107: zaufanie jest podstaw\u0105 naszych relacji z klientami i dostawcami Wydajno\u015b\u0107 i doskona\u0142o\u015b\u0107: cenimy wysok\u0105 jako\u015b\u0107 wykonania i d\u0105\u017cymy do doskona\u0142o\u015bci we wszystkich naszych produktach Jako\u015b\u0107 i warto\u015b\u0107 produkt\u00f3w Zapewniamy wszystkim naszym Klientom najwy\u017csz\u0105 jako\u015b\u0107 us\u0142ug","protected":false},"author":1,"featured_media":0,"parent":0,"menu_order":0,"comment_status":"closed","ping_status":"closed","template":"","meta":[],"_links":{"self":[{"href":"https:\/\/bizonfasteners.com\/pl\/wp-json\/wp\/v2\/pages\/1071"}],"collection":[{"href":"https:\/\/bizonfasteners.com\/pl\/wp-json\/wp\/v2\/pages"}],"about":[{"href":"https:\/\/bizonfasteners.com\/pl\/wp-json\/wp\/v2\/types\/page"}],"author":[{"embeddable":true,"href":"https:\/\/bizonfasteners.com\/pl\/wp-json\/wp\/v2\/users\/1"}],"replies":[{"embeddable":true,"href":"https:\/\/bizonfasteners.com\/pl\/wp-json\/wp\/v2\/comments?post=1071"}],"version-history":[{"count":48,"href":"https:\/\/bizonfasteners.com\/pl\/wp-json\/wp\/v2\/pages\/1071\/revisions"}],"predecessor-version":[{"id":8350,"href":"https:\/\/bizonfasteners.com\/pl\/wp-json\/wp\/v2\/pages\/1071\/revisions\/8350"}],"wp:attachment":[{"href":"https:\/\/bizonfasteners.com\/pl\/wp-json\/wp\/v2\/media?parent=1071"}],"curies":[{"name":"wp","href":"https:\/\/api.w.org\/{rel}","templated":true}]}}