{"id":7786,"date":"2021-03-26T11:21:49","date_gmt":"2021-03-26T10:21:49","guid":{"rendered":"https:\/\/bizonfasteners.com\/?page_id=7786"},"modified":"2026-02-05T14:17:14","modified_gmt":"2026-02-05T13:17:14","slug":"certyfikat-jakosci-licencja-epal","status":"publish","type":"page","link":"https:\/\/bizonfasteners.com\/pl\/certyfikat-jakosci-licencja-epal\/","title":{"rendered":"Certyfikat jako\u015bci, licencja EPAL"},"content":{"rendered":"<div class=\"vc_row wpb_row vc_row-fluid\"><div class=\"wpb_column vc_column_container vc_col-sm-12\"><div class=\"vc_column-inner \"><div class=\"wpb_wrapper\">\n\t<div class=\"wpb_text_column wpb_content_element \" >\n\t\t<div class=\"wpb_wrapper\">\n\t\t\t<p style=\"font-weight: 400;\">W roku 2002 firma <strong>BIZON<\/strong> wdro\u017cy\u0142a i certyfikowa\u0142a system zapewnienia jako\u015bci zgodnie z <strong>PN-EN ISO 9001:2000<\/strong>.<\/p>\n<p style=\"font-weight: 400;\">System jest wsp\u00f3lny dla obu firm <strong>BIZON<\/strong> \u2013 produkcja drut\u00f3w i element\u00f3w z\u0142\u0105cznych oraz <strong>BizeA<\/strong> \u2013 sprzeda\u017c i serwis narz\u0119dzi i element\u00f3w z\u0142\u0105cznych.<\/p>\n<p style=\"font-weight: 400;\">Obecnie posiadamy certyfikowany zgodnie z wymaganiami nowej normy <strong>ISO 9001:2015<\/strong>.\u00a0Aktualnie wa\u017cny do pa\u017adziernika 2022 roku.<\/p>\n\n\t\t<\/div>\n\t<\/div>\n<\/div><\/div><\/div><\/div><div class=\"vc_row wpb_row vc_row-fluid\"><div class=\"wpb_column vc_column_container vc_col-sm-12\"><div class=\"vc_column-inner \"><div class=\"wpb_wrapper\"><div class=\"vc_empty_space\"   style=\"height: 50px\"><span class=\"vc_empty_space_inner\"><\/span><\/div><\/div><\/div><\/div><\/div><div class=\"vc_row wpb_row vc_row-fluid\"><div class=\"wpb_column vc_column_container vc_col-sm-6\"><div class=\"vc_column-inner \"><div class=\"wpb_wrapper\">\n\t<div class=\"wpb_text_column wpb_content_element \" >\n\t\t<div class=\"wpb_wrapper\">\n\t\t\t<p style=\"text-align: center;\"><strong>Kopia wersja PL\u00a0&#8211; pdf<\/strong><\/p>\n\n\t\t<\/div>\n\t<\/div>\n\n\t<div class=\"wpb_gallery wpb_content_element img-responsive  vc_custom_1762441897790 vc_clearfix\">\n\t\t<div class=\"wpb_wrapper\"><div id=\"image_carousel-171419893\" class=\"wpb_gallery_slidesslick_slider slider_main\"><a href=\"https:\/\/bizonfasteners.com\/wp-content\/uploads\/2019\/09\/ISO9001_BizeA-BIZON_info_PL_2025-28.pdf\"><img width=\"1000\" height=\"1414\" src=\"https:\/\/bizonfasteners.com\/wp-content\/uploads\/2025\/11\/ISO9001_BizeA-BIZON_PL2025-28.png\" class=\"attachment-full\" alt=\"\" decoding=\"async\" loading=\"lazy\" srcset=\"https:\/\/bizonfasteners.com\/wp-content\/uploads\/2025\/11\/ISO9001_BizeA-BIZON_PL2025-28.png 1000w, https:\/\/bizonfasteners.com\/wp-content\/uploads\/2025\/11\/ISO9001_BizeA-BIZON_PL2025-28-212x300.png 212w, https:\/\/bizonfasteners.com\/wp-content\/uploads\/2025\/11\/ISO9001_BizeA-BIZON_PL2025-28-724x1024.png 724w, https:\/\/bizonfasteners.com\/wp-content\/uploads\/2025\/11\/ISO9001_BizeA-BIZON_PL2025-28-768x1086.png 768w, https:\/\/bizonfasteners.com\/wp-content\/uploads\/2025\/11\/ISO9001_BizeA-BIZON_PL2025-28-8x12.png 8w, https:\/\/bizonfasteners.com\/wp-content\/uploads\/2025\/11\/ISO9001_BizeA-BIZON_PL2025-28-900x1273.png 900w, https:\/\/bizonfasteners.com\/wp-content\/uploads\/2025\/11\/ISO9001_BizeA-BIZON_PL2025-28-500x707.png 500w, https:\/\/bizonfasteners.com\/wp-content\/uploads\/2025\/11\/ISO9001_BizeA-BIZON_PL2025-28-64x90.png 64w\" sizes=\"(max-width: 1000px) 100vw, 1000px\" \/><\/a><\/div>\n\t<script type=\"text\/javascript\">\n\t    jQuery(document).ready(function($) {\n\t        \"use strict\";\n\t        var slick_171419893 = $(\"#image_carousel-171419893\");\n\t        slick_171419893.slick({\n\t            infinite: true,\n\t            adaptiveHeight: true,\n\t            prevArrow: \"<div class=\\\"slick_prev\\\"><i class=\\\"fa fa-chevron-left\\\"><\/i><\/div>\",\n\t            nextArrow: \"<div class=\\\"slick_next\\\"><i class=\\\"fa fa-chevron-right\\\"><\/i><\/div>\",\n\t            cssEase: \"cubic-bezier(0.455, 0.030, 0.515, 0.955)\"\n\t        });\n\n\t    });\n\t    <\/script>\n\t\n\t\t<\/div> \n\t<\/div> <div class=\"vc_empty_space\"   style=\"height: 32px\"><span class=\"vc_empty_space_inner\"><\/span><\/div>\n\t<div class=\"wpb_text_column wpb_content_element \" >\n\t\t<div class=\"wpb_wrapper\">\n\t\t\t<p style=\"text-align: center;\"><strong>Licencja EPAL dla gwo\u017adzi do zbijania palet oraz gwo\u017adzi znakuj\u0105cych palety po naprawie.<\/strong><\/p>\n\n\t\t<\/div>\n\t<\/div>\n\n\t<div class=\"wpb_gallery wpb_content_element img-responsive  vc_custom_1770297431600 vc_clearfix\">\n\t\t<div class=\"wpb_wrapper\"><div id=\"image_carousel-983609193\" class=\"wpb_gallery_slidesslick_slider slider_main\"><a class=\"prettyphoto\" href=\"https:\/\/bizonfasteners.com\/wp-content\/uploads\/2026\/02\/EPAL-Licencja_PL-840_BIZON_2026_B.png\" data-rel=\"prettyPhoto[rel-7786-2094346886]\"><img width=\"724\" height=\"1024\" src=\"https:\/\/bizonfasteners.com\/wp-content\/uploads\/2026\/02\/EPAL-Licencja_PL-840_BIZON_2026_B.png\" class=\"attachment-full\" alt=\"\" decoding=\"async\" loading=\"lazy\" srcset=\"https:\/\/bizonfasteners.com\/wp-content\/uploads\/2026\/02\/EPAL-Licencja_PL-840_BIZON_2026_B.png 724w, https:\/\/bizonfasteners.com\/wp-content\/uploads\/2026\/02\/EPAL-Licencja_PL-840_BIZON_2026_B-212x300.png 212w, https:\/\/bizonfasteners.com\/wp-content\/uploads\/2026\/02\/EPAL-Licencja_PL-840_BIZON_2026_B-8x12.png 8w, https:\/\/bizonfasteners.com\/wp-content\/uploads\/2026\/02\/EPAL-Licencja_PL-840_BIZON_2026_B-500x707.png 500w, https:\/\/bizonfasteners.com\/wp-content\/uploads\/2026\/02\/EPAL-Licencja_PL-840_BIZON_2026_B-64x91.png 64w\" sizes=\"(max-width: 724px) 100vw, 724px\" \/><\/a><\/div>\n\t<script type=\"text\/javascript\">\n\t    jQuery(document).ready(function($) {\n\t        \"use strict\";\n\t        var slick_983609193 = $(\"#image_carousel-983609193\");\n\t        slick_983609193.slick({\n\t            infinite: true,\n\t            adaptiveHeight: true,\n\t            prevArrow: \"<div class=\\\"slick_prev\\\"><i class=\\\"fa fa-chevron-left\\\"><\/i><\/div>\",\n\t            nextArrow: \"<div class=\\\"slick_next\\\"><i class=\\\"fa fa-chevron-right\\\"><\/i><\/div>\",\n\t            cssEase: \"cubic-bezier(0.455, 0.030, 0.515, 0.955)\"\n\t        });\n\n\t    });\n\t    <\/script>\n\t\n\t\t<\/div> \n\t<\/div> <\/div><\/div><\/div><div class=\"wpb_column vc_column_container vc_col-sm-6\"><div class=\"vc_column-inner \"><div class=\"wpb_wrapper\">\n\t<div class=\"wpb_text_column wpb_content_element \" >\n\t\t<div class=\"wpb_wrapper\">\n\t\t\t<p style=\"text-align: center;\"><strong>Kopia wersja EN &#8211; pdf<\/strong><\/p>\n\n\t\t<\/div>\n\t<\/div>\n\n\t<div class=\"wpb_gallery wpb_content_element img-responsive  vc_custom_1762441929060 vc_clearfix\">\n\t\t<div class=\"wpb_wrapper\"><div id=\"image_carousel-66064597\" class=\"wpb_gallery_slidesslick_slider slider_main\"><a href=\"https:\/\/bizonfasteners.com\/wp-content\/uploads\/2019\/09\/ISO9001_BizeA-BIZON_info_EN_2025-28.pdf\"><img width=\"1000\" height=\"1414\" src=\"https:\/\/bizonfasteners.com\/wp-content\/uploads\/2025\/11\/ISO9001_BizeA-BIZON_EN2025-28.png\" class=\"attachment-full\" alt=\"\" decoding=\"async\" loading=\"lazy\" srcset=\"https:\/\/bizonfasteners.com\/wp-content\/uploads\/2025\/11\/ISO9001_BizeA-BIZON_EN2025-28.png 1000w, https:\/\/bizonfasteners.com\/wp-content\/uploads\/2025\/11\/ISO9001_BizeA-BIZON_EN2025-28-212x300.png 212w, https:\/\/bizonfasteners.com\/wp-content\/uploads\/2025\/11\/ISO9001_BizeA-BIZON_EN2025-28-724x1024.png 724w, https:\/\/bizonfasteners.com\/wp-content\/uploads\/2025\/11\/ISO9001_BizeA-BIZON_EN2025-28-768x1086.png 768w, https:\/\/bizonfasteners.com\/wp-content\/uploads\/2025\/11\/ISO9001_BizeA-BIZON_EN2025-28-8x12.png 8w, https:\/\/bizonfasteners.com\/wp-content\/uploads\/2025\/11\/ISO9001_BizeA-BIZON_EN2025-28-900x1273.png 900w, https:\/\/bizonfasteners.com\/wp-content\/uploads\/2025\/11\/ISO9001_BizeA-BIZON_EN2025-28-500x707.png 500w, https:\/\/bizonfasteners.com\/wp-content\/uploads\/2025\/11\/ISO9001_BizeA-BIZON_EN2025-28-64x90.png 64w\" sizes=\"(max-width: 1000px) 100vw, 1000px\" \/><\/a><\/div>\n\t<script type=\"text\/javascript\">\n\t    jQuery(document).ready(function($) {\n\t        \"use strict\";\n\t        var slick_66064597 = $(\"#image_carousel-66064597\");\n\t        slick_66064597.slick({\n\t            infinite: true,\n\t            adaptiveHeight: true,\n\t            prevArrow: \"<div class=\\\"slick_prev\\\"><i class=\\\"fa fa-chevron-left\\\"><\/i><\/div>\",\n\t            nextArrow: \"<div class=\\\"slick_next\\\"><i class=\\\"fa fa-chevron-right\\\"><\/i><\/div>\",\n\t            cssEase: \"cubic-bezier(0.455, 0.030, 0.515, 0.955)\"\n\t        });\n\n\t    });\n\t    <\/script>\n\t\n\t\t<\/div> \n\t<\/div> <div class=\"vc_empty_space\"   style=\"height: 32px\"><span class=\"vc_empty_space_inner\"><\/span><\/div>\n\t<div class=\"wpb_text_column wpb_content_element  vc_custom_1680628079553\" >\n\t\t<div class=\"wpb_wrapper\">\n\t\t\t<p style=\"text-align: center;\"><strong>Certyfikat UIC-EUR<\/strong><\/p>\n\n\t\t<\/div>\n\t<\/div>\n\n\t<div class=\"wpb_gallery wpb_content_element img-responsive  vc_custom_1680617261987 vc_clearfix\">\n\t\t<div class=\"wpb_wrapper\"><div id=\"image_carousel-510273833\" class=\"wpb_gallery_slidesslick_slider slider_main\"><a class=\"prettyphoto\" href=\"https:\/\/bizonfasteners.com\/wp-content\/uploads\/2023\/04\/UIC_2023.png\" data-rel=\"prettyPhoto[rel-7786-933457252]\"><img width=\"566\" height=\"800\" src=\"https:\/\/bizonfasteners.com\/wp-content\/uploads\/2023\/04\/UIC_2023.png\" class=\"attachment-full\" alt=\"\" decoding=\"async\" loading=\"lazy\" srcset=\"https:\/\/bizonfasteners.com\/wp-content\/uploads\/2023\/04\/UIC_2023.png 566w, https:\/\/bizonfasteners.com\/wp-content\/uploads\/2023\/04\/UIC_2023-212x300.png 212w, https:\/\/bizonfasteners.com\/wp-content\/uploads\/2023\/04\/UIC_2023-8x12.png 8w, https:\/\/bizonfasteners.com\/wp-content\/uploads\/2023\/04\/UIC_2023-500x707.png 500w, https:\/\/bizonfasteners.com\/wp-content\/uploads\/2023\/04\/UIC_2023-64x90.png 64w\" sizes=\"(max-width: 566px) 100vw, 566px\" \/><\/a><\/div>\n\t<script type=\"text\/javascript\">\n\t    jQuery(document).ready(function($) {\n\t        \"use strict\";\n\t        var slick_510273833 = $(\"#image_carousel-510273833\");\n\t        slick_510273833.slick({\n\t            infinite: true,\n\t            adaptiveHeight: true,\n\t            prevArrow: \"<div class=\\\"slick_prev\\\"><i class=\\\"fa fa-chevron-left\\\"><\/i><\/div>\",\n\t            nextArrow: \"<div class=\\\"slick_next\\\"><i class=\\\"fa fa-chevron-right\\\"><\/i><\/div>\",\n\t            cssEase: \"cubic-bezier(0.455, 0.030, 0.515, 0.955)\"\n\t        });\n\n\t    });\n\t    <\/script>\n\t\n\t\t<\/div> \n\t<\/div> <\/div><\/div><\/div><\/div><div class=\"vc_row wpb_row vc_row-fluid\"><div class=\"wpb_column vc_column_container vc_col-sm-12\"><div class=\"vc_column-inner \"><div class=\"wpb_wrapper\"><\/div><\/div><\/div><\/div>\n","protected":false},"excerpt":{"rendered":"W roku 2002 firma BIZON wdro\u017cy\u0142a i certyfikowa\u0142a system zapewnienia jako\u015bci zgodnie z PN-EN ISO 9001:2000. System jest wsp\u00f3lny dla obu firm BIZON \u2013 produkcja drut\u00f3w i element\u00f3w z\u0142\u0105cznych oraz BizeA \u2013 sprzeda\u017c i serwis narz\u0119dzi i element\u00f3w z\u0142\u0105cznych. Obecnie posiadamy certyfikowany zgodnie z wymaganiami nowej normy ISO 9001:2015.\u00a0Aktualnie wa\u017cny do pa\u017adziernika 2022 roku. Kopia","protected":false},"author":1,"featured_media":0,"parent":0,"menu_order":0,"comment_status":"closed","ping_status":"closed","template":"","meta":[],"_links":{"self":[{"href":"https:\/\/bizonfasteners.com\/pl\/wp-json\/wp\/v2\/pages\/7786"}],"collection":[{"href":"https:\/\/bizonfasteners.com\/pl\/wp-json\/wp\/v2\/pages"}],"about":[{"href":"https:\/\/bizonfasteners.com\/pl\/wp-json\/wp\/v2\/types\/page"}],"author":[{"embeddable":true,"href":"https:\/\/bizonfasteners.com\/pl\/wp-json\/wp\/v2\/users\/1"}],"replies":[{"embeddable":true,"href":"https:\/\/bizonfasteners.com\/pl\/wp-json\/wp\/v2\/comments?post=7786"}],"version-history":[{"count":18,"href":"https:\/\/bizonfasteners.com\/pl\/wp-json\/wp\/v2\/pages\/7786\/revisions"}],"predecessor-version":[{"id":8364,"href":"https:\/\/bizonfasteners.com\/pl\/wp-json\/wp\/v2\/pages\/7786\/revisions\/8364"}],"wp:attachment":[{"href":"https:\/\/bizonfasteners.com\/pl\/wp-json\/wp\/v2\/media?parent=7786"}],"curies":[{"name":"wp","href":"https:\/\/api.w.org\/{rel}","templated":true}]}}