{"id":8088,"date":"2021-04-08T11:44:03","date_gmt":"2021-04-08T09:44:03","guid":{"rendered":"https:\/\/bizonfasteners.com\/?page_id=8088"},"modified":"2021-04-08T11:51:36","modified_gmt":"2021-04-08T09:51:36","slug":"dofinansowanie-z-ue","status":"publish","type":"page","link":"https:\/\/bizonfasteners.com\/pl\/dofinansowanie-z-ue\/","title":{"rendered":"Dofinansowanie z UE"},"content":{"rendered":"<div class=\"vc_row wpb_row vc_row-fluid\"><div class=\"wpb_column vc_column_container vc_col-sm-12\"><div class=\"vc_column-inner \"><div class=\"wpb_wrapper\">\n\t<div class=\"wpb_text_column wpb_content_element \" >\n\t\t<div class=\"wpb_wrapper\">\n\t\t\t<p>Nieustanny rozw\u00f3j sp\u00f3\u0142ki BIZON by\u0142 mo\u017cliwy m.in. dzi\u0119ki pozyskiwanym \u015brodkom finansowym z Unii Europejskiej. Najistotniejsze inwestycje wsp\u00f3\u0142finansowane ze \u015brodk\u00f3w europejskich maj\u0105ce wp\u0142yw na obecny obraz Sp\u00f3\u0142ki to:<\/p>\n<p><strong>W roku 2007:<\/strong><\/p>\n<p><em><strong>1. Uruchomienie nowoczesnej wysokowydajnej linii technologicznej do produkcji ta\u015bmy wielodrutowej (umowa SPOWKP\/2.3\/3\/14\/01387):<\/strong><\/em><\/p>\n<p>Warto\u015b\u0107 projektu: 3 233 000,00 PLN<br \/>\nUdzia\u0142 Unii Europejskiej: 1 250 000,00 PLN<\/p>\n<p><em><strong>2. Uruchomienie wysokowydajnej sterowanej komputerowo linii technologicznej do produkcji zszywek przemys\u0142owych (umowa SPOWKP\/2.3\/3\/14\/01386):<\/strong><\/em><\/p>\n<p>Warto\u015b\u0107 projektu: 2 537 600,00 PLN<br \/>\nUdzia\u0142 Unii Europejskiej: 1 040 000,00 PLN<\/p>\n<p><strong>W roku 2008:<\/strong><\/p>\n<p><em><strong>1. Uruchomienie innowacyjnej technologii produkcji drutu cienkiego metoda przeci\u0105gania na mokro (umowa SPOWKP\/2.3\/1\/14\/01607):<\/strong><\/em><\/p>\n<p>Warto\u015b\u0107 projektu: 3 175 660,00PLN<br \/>\nUdzia\u0142 Unii Europejskiej: 1 250 000,00 PLN<\/p>\n<p><em><strong>2. Uruchomienie wysokowydajnej linii technologicznej do elektrogalwanizowania drutu warstw\u0105 cynku (umowa SPOWKP\/2.3\/1\/14\/01608):<\/strong><\/em><\/p>\n<p>Warto\u015b\u0107 projektu: 3 413 560,00 PLN<br \/>\nUdzia\u0142 Unii Europejskiej: 1 250 000,00 PLN<\/p>\n<p><em><strong>3. Uruchomienie nowoczesnej technologii produkcji przemys\u0142owych gwo\u017adzi \u0142\u0105czonych do gwo\u017adziarek pneumatycznych (umowa SPOWKP\/2.3\/1\/14\/01609):<\/strong><\/em><\/p>\n<p>Warto\u015b\u0107 projektu: 3 645 360,00 PLN<br \/>\nUdzia\u0142 Unii Europejskiej: 1 250 000,00 PLN<\/p>\n<p><strong>W 2014 roku:<\/strong><\/p>\n<p><em><strong>1. Zrealizowano projekt \u201eInnowacyjna technologia produkcji gwo\u017adzi z drutu kszta\u0142towego \u0142\u0105czonych w zwoje lub p\u0142askie pakiety gwarancj\u0105 wzrostu konkurencyjno\u015bci sp\u00f3\u0142ki bizon metal\u201d (umowa POIG.04.03.00-00-563\/11-00 ):<\/strong><\/em><\/p>\n<p>Warto\u015b\u0107 projektu: 11 000 000,00 PLN<br \/>\nUdzia\u0142 Unii Europejskiej: 4 000 000,00 PLN<\/p>\n<p><em><strong>2. Zrealizowano projekt \u201eInnowacyjna<\/strong><\/em><em><strong>\u00a0technologia kszta\u0142towania drutu gwarancj\u0105 innowacyjno\u015bci zszywki przemys\u0142owej \u2013 Grooved Staple\u201d (umowa WND-POIG.04.04.00-14-055\/09-00):<\/strong><\/em><\/p>\n<p>Warto\u015b\u0107 projektu: 24 224 750,00 PLN<br \/>\nUdzia\u0142 Unii Europejskiej: 7 900 150,00 PLN<\/p>\n\n\t\t<\/div>\n\t<\/div>\n<div class=\"vc_empty_space\"   style=\"height: 32px\"><span class=\"vc_empty_space_inner\"><\/span><\/div><\/div><\/div><\/div><\/div><div class=\"vc_row wpb_row vc_row-fluid vc_row-o-equal-height vc_row-o-content-middle vc_row-flex\"><div class=\"wpb_column vc_column_container vc_col-sm-4\"><div class=\"vc_column-inner \"><div class=\"wpb_wrapper\">\n\t<div  class=\"wpb_single_image wpb_content_element vc_align_center  vc_custom_1617875466891  img-responsive\">\n\t\t\n\t\t<figure class=\"wpb_wrapper vc_figure\">\n\t\t\t<div class=\"vc_single_image-wrapper   vc_box_border_grey\"><img width=\"987\" height=\"319\" src=\"https:\/\/bizonfasteners.com\/wp-content\/uploads\/2019\/09\/InowacyjnaGospodarka_logo.jpg\" class=\"vc_single_image-img attachment-full\" alt=\"\" decoding=\"async\" loading=\"lazy\" srcset=\"https:\/\/bizonfasteners.com\/wp-content\/uploads\/2019\/09\/InowacyjnaGospodarka_logo.jpg 987w, https:\/\/bizonfasteners.com\/wp-content\/uploads\/2019\/09\/InowacyjnaGospodarka_logo-300x97.jpg 300w, https:\/\/bizonfasteners.com\/wp-content\/uploads\/2019\/09\/InowacyjnaGospodarka_logo-768x248.jpg 768w, https:\/\/bizonfasteners.com\/wp-content\/uploads\/2019\/09\/InowacyjnaGospodarka_logo-16x5.jpg 16w, https:\/\/bizonfasteners.com\/wp-content\/uploads\/2019\/09\/InowacyjnaGospodarka_logo-900x291.jpg 900w, https:\/\/bizonfasteners.com\/wp-content\/uploads\/2019\/09\/InowacyjnaGospodarka_logo-500x162.jpg 500w, https:\/\/bizonfasteners.com\/wp-content\/uploads\/2019\/09\/InowacyjnaGospodarka_logo-64x21.jpg 64w\" sizes=\"(max-width: 987px) 100vw, 987px\" \/><\/div>\n\t\t<\/figure>\n\t<\/div>\n<\/div><\/div><\/div><div class=\"wpb_column vc_column_container vc_col-sm-4\"><div class=\"vc_column-inner \"><div class=\"wpb_wrapper\">\n\t<div  class=\"wpb_single_image wpb_content_element vc_align_center  vc_custom_1617875477941  img-responsive\">\n\t\t\n\t\t<figure class=\"wpb_wrapper vc_figure\">\n\t\t\t<div class=\"vc_single_image-wrapper   vc_box_border_grey\"><img width=\"1439\" height=\"419\" src=\"https:\/\/bizonfasteners.com\/wp-content\/uploads\/2019\/09\/BIZON_logo.jpg\" class=\"vc_single_image-img attachment-full\" alt=\"\" decoding=\"async\" loading=\"lazy\" srcset=\"https:\/\/bizonfasteners.com\/wp-content\/uploads\/2019\/09\/BIZON_logo.jpg 1439w, https:\/\/bizonfasteners.com\/wp-content\/uploads\/2019\/09\/BIZON_logo-300x87.jpg 300w, https:\/\/bizonfasteners.com\/wp-content\/uploads\/2019\/09\/BIZON_logo-1024x298.jpg 1024w, https:\/\/bizonfasteners.com\/wp-content\/uploads\/2019\/09\/BIZON_logo-768x224.jpg 768w, https:\/\/bizonfasteners.com\/wp-content\/uploads\/2019\/09\/BIZON_logo-16x5.jpg 16w, https:\/\/bizonfasteners.com\/wp-content\/uploads\/2019\/09\/BIZON_logo-900x262.jpg 900w, https:\/\/bizonfasteners.com\/wp-content\/uploads\/2019\/09\/BIZON_logo-500x146.jpg 500w, https:\/\/bizonfasteners.com\/wp-content\/uploads\/2019\/09\/BIZON_logo-64x19.jpg 64w\" sizes=\"(max-width: 1439px) 100vw, 1439px\" \/><\/div>\n\t\t<\/figure>\n\t<\/div>\n<\/div><\/div><\/div><div class=\"wpb_column vc_column_container vc_col-sm-4\"><div class=\"vc_column-inner \"><div class=\"wpb_wrapper\">\n\t<div  class=\"wpb_single_image wpb_content_element vc_align_left  vc_custom_1617875492174  img-responsive\">\n\t\t\n\t\t<figure class=\"wpb_wrapper vc_figure\">\n\t\t\t<div class=\"vc_single_image-wrapper   vc_box_border_grey\"><img width=\"1221\" height=\"308\" src=\"https:\/\/bizonfasteners.com\/wp-content\/uploads\/2019\/09\/RozwojRegionalny_logo.jpg\" class=\"vc_single_image-img attachment-full\" alt=\"\" decoding=\"async\" loading=\"lazy\" srcset=\"https:\/\/bizonfasteners.com\/wp-content\/uploads\/2019\/09\/RozwojRegionalny_logo.jpg 1221w, https:\/\/bizonfasteners.com\/wp-content\/uploads\/2019\/09\/RozwojRegionalny_logo-300x76.jpg 300w, https:\/\/bizonfasteners.com\/wp-content\/uploads\/2019\/09\/RozwojRegionalny_logo-1024x258.jpg 1024w, https:\/\/bizonfasteners.com\/wp-content\/uploads\/2019\/09\/RozwojRegionalny_logo-768x194.jpg 768w, https:\/\/bizonfasteners.com\/wp-content\/uploads\/2019\/09\/RozwojRegionalny_logo-16x4.jpg 16w, https:\/\/bizonfasteners.com\/wp-content\/uploads\/2019\/09\/RozwojRegionalny_logo-900x227.jpg 900w, https:\/\/bizonfasteners.com\/wp-content\/uploads\/2019\/09\/RozwojRegionalny_logo-500x126.jpg 500w, https:\/\/bizonfasteners.com\/wp-content\/uploads\/2019\/09\/RozwojRegionalny_logo-64x16.jpg 64w\" sizes=\"(max-width: 1221px) 100vw, 1221px\" \/><\/div>\n\t\t<\/figure>\n\t<\/div>\n<\/div><\/div><\/div><\/div>\n","protected":false},"excerpt":{"rendered":"Nieustanny rozw\u00f3j sp\u00f3\u0142ki BIZON by\u0142 mo\u017cliwy m.in. dzi\u0119ki pozyskiwanym \u015brodkom finansowym z Unii Europejskiej. Najistotniejsze inwestycje wsp\u00f3\u0142finansowane ze \u015brodk\u00f3w europejskich maj\u0105ce wp\u0142yw na obecny obraz Sp\u00f3\u0142ki to: W roku 2007: 1. Uruchomienie nowoczesnej wysokowydajnej linii technologicznej do produkcji ta\u015bmy wielodrutowej (umowa SPOWKP\/2.3\/3\/14\/01387): Warto\u015b\u0107 projektu: 3 233 000,00 PLN Udzia\u0142 Unii Europejskiej: 1 250 000,00 PLN","protected":false},"author":1,"featured_media":0,"parent":0,"menu_order":0,"comment_status":"closed","ping_status":"closed","template":"","meta":[],"_links":{"self":[{"href":"https:\/\/bizonfasteners.com\/pl\/wp-json\/wp\/v2\/pages\/8088"}],"collection":[{"href":"https:\/\/bizonfasteners.com\/pl\/wp-json\/wp\/v2\/pages"}],"about":[{"href":"https:\/\/bizonfasteners.com\/pl\/wp-json\/wp\/v2\/types\/page"}],"author":[{"embeddable":true,"href":"https:\/\/bizonfasteners.com\/pl\/wp-json\/wp\/v2\/users\/1"}],"replies":[{"embeddable":true,"href":"https:\/\/bizonfasteners.com\/pl\/wp-json\/wp\/v2\/comments?post=8088"}],"version-history":[{"count":5,"href":"https:\/\/bizonfasteners.com\/pl\/wp-json\/wp\/v2\/pages\/8088\/revisions"}],"predecessor-version":[{"id":8097,"href":"https:\/\/bizonfasteners.com\/pl\/wp-json\/wp\/v2\/pages\/8088\/revisions\/8097"}],"wp:attachment":[{"href":"https:\/\/bizonfasteners.com\/pl\/wp-json\/wp\/v2\/media?parent=8088"}],"curies":[{"name":"wp","href":"https:\/\/api.w.org\/{rel}","templated":true}]}}