{"id":7319,"date":"2021-03-10T12:36:30","date_gmt":"2021-03-10T11:36:30","guid":{"rendered":"https:\/\/bizonfasteners.com\/?post_type=product&#038;p=7319"},"modified":"2021-04-26T17:46:53","modified_gmt":"2021-04-26T15:46:53","slug":"zszywki-tapicerskie-typ-74","status":"publish","type":"product","link":"https:\/\/bizonfasteners.com\/pl\/produkt\/zszywki-tapicerskie-typ-74\/","title":{"rendered":"Zszywki typ 74"},"content":{"rendered":"<p>D\u0142ugo\u015bci: 4, 6, 8, 10, 12, 14, 16, 19 mm<\/p>\n<p>Materia\u0142:<\/p>\n<ul>\n<li>gatunkowa stal ocynkowana elektrolitycznie<\/li>\n<li><strong>NR<\/strong>\u00a0\u2013 stal nierdzewna 1.4301 w klasie A2 lub 1.4401 w klasie A4<\/li>\n<\/ul>\n<p>Wykonania specjalne:<\/p>\n<p>\u2013 lakierowane w kolorze czarnym lub dowolnym wg. RAL<\/p>\n<p>&nbsp;<\/p>\n","protected":false},"excerpt":{"rendered":"<p><strong>Zszywki typ 74<\/strong><\/p>\n<p>Doskonale sprawdza si\u0119 przy produkcji galanterii z drewna, szczeg\u00f3lnie w\u0105skich element\u00f3w nara\u017conych na p\u0119kni\u0119cia.<\/p>\n","protected":false},"featured_media":7714,"template":"","meta":[],"_links":{"self":[{"href":"https:\/\/bizonfasteners.com\/pl\/wp-json\/wp\/v2\/product\/7319"}],"collection":[{"href":"https:\/\/bizonfasteners.com\/pl\/wp-json\/wp\/v2\/product"}],"about":[{"href":"https:\/\/bizonfasteners.com\/pl\/wp-json\/wp\/v2\/types\/product"}],"wp:featuredmedia":[{"embeddable":true,"href":"https:\/\/bizonfasteners.com\/pl\/wp-json\/wp\/v2\/media\/7714"}],"wp:attachment":[{"href":"https:\/\/bizonfasteners.com\/pl\/wp-json\/wp\/v2\/media?parent=7319"}],"curies":[{"name":"wp","href":"https:\/\/api.w.org\/{rel}","templated":true}]}}