{"id":7323,"date":"2021-03-10T12:40:26","date_gmt":"2021-03-10T11:40:26","guid":{"rendered":"https:\/\/bizonfasteners.com\/?post_type=product&#038;p=7323"},"modified":"2021-04-26T17:37:39","modified_gmt":"2021-04-26T15:37:39","slug":"zszywki-typ-98","status":"publish","type":"product","link":"https:\/\/bizonfasteners.com\/pl\/produkt\/zszywki-typ-98\/","title":{"rendered":"Zszywki typ 98"},"content":{"rendered":"<p>D\u0142ugo\u015bci: 4, 6, 8, 10, 12, 14, 16, 19, 22, 25, mm<\/p>\n<p>Materia\u0142:<\/p>\n<ul>\n<li>gatunkowa stal ocynkowana elektrolitycznie<\/li>\n<li><strong>NR<\/strong>\u00a0\u2013 stal nierdzewna 1.4301 w klasie A2 lub 1.4401 w klasie A4<\/li>\n<\/ul>\n<p>Wykonania specjalne:<\/p>\n<p>\u2013 lakierowane w kolorze czarnym lub dowolnym wg. RAL<\/p>\n<p>&#8211; <strong>DP<\/strong> \u2013 zszywki rozpr\u0119\u017cne z na przemian podci\u0119tymi ostrzami, daj\u0105cy lepiej osadzone z\u0142\u0105cze w materiale.<\/p>\n","protected":false},"excerpt":{"rendered":"<p><strong>Zszywki typ 98<\/strong><\/p>\n<p>Stosowane powszechnie w produkcji obuwia. Idealne do metkowania, produkcji ogrodowych wyrob\u00f3w z drewna jak r\u00f3wnie\u017c do prac dekoratorskich.<\/p>\n<p>Doskonale sprawdza si\u0119 do prac zwi\u0105zanych z galanteri\u0105 drzewn\u0105 czy opakowaniami. Wykorzystywana np. przy \u0142\u0105czeniu uszczelek gumowych.<\/p>\n","protected":false},"featured_media":7719,"template":"","meta":[],"_links":{"self":[{"href":"https:\/\/bizonfasteners.com\/pl\/wp-json\/wp\/v2\/product\/7323"}],"collection":[{"href":"https:\/\/bizonfasteners.com\/pl\/wp-json\/wp\/v2\/product"}],"about":[{"href":"https:\/\/bizonfasteners.com\/pl\/wp-json\/wp\/v2\/types\/product"}],"wp:featuredmedia":[{"embeddable":true,"href":"https:\/\/bizonfasteners.com\/pl\/wp-json\/wp\/v2\/media\/7719"}],"wp:attachment":[{"href":"https:\/\/bizonfasteners.com\/pl\/wp-json\/wp\/v2\/media?parent=7323"}],"curies":[{"name":"wp","href":"https:\/\/api.w.org\/{rel}","templated":true}]}}