{"id":7325,"date":"2021-03-10T12:42:13","date_gmt":"2021-03-10T11:42:13","guid":{"rendered":"https:\/\/bizonfasteners.com\/?post_type=product&#038;p=7325"},"modified":"2021-04-26T17:36:21","modified_gmt":"2021-04-26T15:36:21","slug":"zszywki-tapicerskie-typ-95","status":"publish","type":"product","link":"https:\/\/bizonfasteners.com\/pl\/produkt\/zszywki-tapicerskie-typ-95\/","title":{"rendered":"Zszywki tapicerskie typ 95"},"content":{"rendered":"<p>D\u0142ugo\u015bci: 6, 8, 10, 12, 14, 16, mm<\/p>\n<p>Materia\u0142:<\/p>\n<ul>\n<li>gatunkowa stal ocynkowana elektrolitycznie<\/li>\n<li><strong>NR<\/strong>\u00a0\u2013 stal nierdzewna 1.4301 w klasie A2 lub 1.4401 w klasie A4<\/li>\n<\/ul>\n<p>Wykonania specjalne:<\/p>\n<p>\u2013 lakierowane w kolorze czarnym lub dowolnym wg. RAL<\/p>\n","protected":false},"excerpt":{"rendered":"<p><strong>Zszywki tapicerskie typ 95<\/strong><\/p>\n<p>Przez szeroki grzbiet zszywki szczeg\u00f3lnie polecane do mocowania folii lub papieru w produkcji opakowa\u0144 drewnianych. Doskonale sprawdza si\u0119 przy mocowaniu folii, papy izolacyjnej w budownictwie oraz wi\u0119kszo\u015bci prac zwi\u0105zanych z opakowaniami z tektury i budowie dekoracji.<\/p>\n","protected":false},"featured_media":7716,"template":"","meta":[],"_links":{"self":[{"href":"https:\/\/bizonfasteners.com\/pl\/wp-json\/wp\/v2\/product\/7325"}],"collection":[{"href":"https:\/\/bizonfasteners.com\/pl\/wp-json\/wp\/v2\/product"}],"about":[{"href":"https:\/\/bizonfasteners.com\/pl\/wp-json\/wp\/v2\/types\/product"}],"wp:featuredmedia":[{"embeddable":true,"href":"https:\/\/bizonfasteners.com\/pl\/wp-json\/wp\/v2\/media\/7716"}],"wp:attachment":[{"href":"https:\/\/bizonfasteners.com\/pl\/wp-json\/wp\/v2\/media?parent=7325"}],"curies":[{"name":"wp","href":"https:\/\/api.w.org\/{rel}","templated":true}]}}