{"id":7386,"date":"2021-03-11T20:43:02","date_gmt":"2021-03-11T19:43:02","guid":{"rendered":"https:\/\/bizonfasteners.com\/?post_type=product&#038;p=7386"},"modified":"2021-04-26T17:17:39","modified_gmt":"2021-04-26T15:17:39","slug":"zszywki-stolarskie-typ-16-155","status":"publish","type":"product","link":"https:\/\/bizonfasteners.com\/pl\/produkt\/zszywki-stolarskie-typ-16-155\/","title":{"rendered":"Zszywki stolarskie typ 16 (155)"},"content":{"rendered":"<p>D\u0142ugo\u015bci: 25, 30, 35, 40, 45, 50, 55, 60, 65 mm<\/p>\n<p>Materia\u0142:<\/p>\n<ul>\n<li>gatunkowa stal ocynkowana elektrolitycznie, pokryta \u017cywic\u0105<strong><\/strong><\/li>\n<li>\u00a0<strong>NR<\/strong>\u00a0\u2013 stal nierdzewna gat. 1.4301 w klasie A2 lub gat. 1.4401 w klasie A4<\/li>\n<\/ul>\n<p>Wykonanie specjalne:<\/p>\n<p><strong>SPREIZ<\/strong> \u2013 zszywki rozpr\u0119\u017cne.<\/p>\n<p>&nbsp;<\/p>\n","protected":false},"excerpt":{"rendered":"<p><strong>Zszywki stolarskie typ 16<\/strong><\/p>\n<p>Zszywki stolarskie przeznaczone do produkcji szeroko poj\u0119tych konstrukcji drewnianych od ram mebli tapicerowanych po konstrukcj\u0119 budowlane. Wykorzystywane s\u0105 tak\u017ce \u00a0do produkcji opakowa\u0144 drewnianych.<\/p>\n<p>Mocniejsze po\u0142\u0105czenie w por\u00f3wnaniu z typem 14, lepiej sprawdza si\u0119 do twardych gatunk\u00f3w drewna. Stosowane zamiennie z typem \u201e14\u201dw tych samych zszywaczach. Zgodno\u015b\u0107 z norm\u0105 PN-EN 14592 (EC 5) dla konstrukcji budowlanych z drewna.<\/p>\n","protected":false},"featured_media":7733,"template":"","meta":[],"_links":{"self":[{"href":"https:\/\/bizonfasteners.com\/pl\/wp-json\/wp\/v2\/product\/7386"}],"collection":[{"href":"https:\/\/bizonfasteners.com\/pl\/wp-json\/wp\/v2\/product"}],"about":[{"href":"https:\/\/bizonfasteners.com\/pl\/wp-json\/wp\/v2\/types\/product"}],"wp:featuredmedia":[{"embeddable":true,"href":"https:\/\/bizonfasteners.com\/pl\/wp-json\/wp\/v2\/media\/7733"}],"wp:attachment":[{"href":"https:\/\/bizonfasteners.com\/pl\/wp-json\/wp\/v2\/media?parent=7386"}],"curies":[{"name":"wp","href":"https:\/\/api.w.org\/{rel}","templated":true}]}}