{"id":7392,"date":"2021-03-11T20:48:03","date_gmt":"2021-03-11T19:48:03","guid":{"rendered":"https:\/\/bizonfasteners.com\/?post_type=product&#038;p=7392"},"modified":"2021-04-26T17:28:40","modified_gmt":"2021-04-26T15:28:40","slug":"zszywki-stolarskie-typ-92","status":"publish","type":"product","link":"https:\/\/bizonfasteners.com\/pl\/produkt\/zszywki-stolarskie-typ-92\/","title":{"rendered":"Zszywki stolarskie typ 92"},"content":{"rendered":"<p>D\u0142ugo\u015b\u0107: 10, 12, 14, 16, 18, 21, 25, 30, 32, 35, 38, 40, mm<\/p>\n<p>Materia\u0142:<\/p>\n<ul>\n<li>gatunkowa stal ocynkowana elektrolitycznie, pokryta \u017cywic\u0105<\/li>\n<li><strong>BK<\/strong> &#8211; gatunkowa stal, pokryta \u017cywic\u0105<\/li>\n<li><strong>AL<\/strong>\u00a0\u2013 aluminium<\/li>\n<li>\u00a0<strong>NR<\/strong>\u00a0\u2013 stal nierdzewna gat. 1.4301 w klasie A2 lub gat. 1.4401 w klasie A4<\/li>\n<\/ul>\n<p>Wykonanie specjalne:<\/p>\n<p><strong>DP<\/strong> \u2013 zszywki rozpr\u0119\u017cne z na przemian podci\u0119tymi sko\u015bnie ostrzami.<\/p>\n","protected":false},"excerpt":{"rendered":"<p><strong>Zszywki stolarskie typ 92<\/strong><\/p>\n<p>Zszywki przeznaczone do szeroko poj\u0119tego programu ogrodowego, opakowa\u0144 drewnianych, stolarstwa og\u00f3lnego oraz tapicerstwa. Popularna zszywka do mocowania tylnych \u015bcian (plec\u00f3w) mebli skrzyniowych i szafek kuchennych. Zgodno\u015b\u0107 z norm\u0105 PN-EN 14592 (EC 5) dla konstrukcji budowlanych z drewna.<\/p>\n","protected":false},"featured_media":7730,"template":"","meta":[],"_links":{"self":[{"href":"https:\/\/bizonfasteners.com\/pl\/wp-json\/wp\/v2\/product\/7392"}],"collection":[{"href":"https:\/\/bizonfasteners.com\/pl\/wp-json\/wp\/v2\/product"}],"about":[{"href":"https:\/\/bizonfasteners.com\/pl\/wp-json\/wp\/v2\/types\/product"}],"wp:featuredmedia":[{"embeddable":true,"href":"https:\/\/bizonfasteners.com\/pl\/wp-json\/wp\/v2\/media\/7730"}],"wp:attachment":[{"href":"https:\/\/bizonfasteners.com\/pl\/wp-json\/wp\/v2\/media?parent=7392"}],"curies":[{"name":"wp","href":"https:\/\/api.w.org\/{rel}","templated":true}]}}