{"id":7396,"date":"2021-03-11T20:56:22","date_gmt":"2021-03-11T19:56:22","guid":{"rendered":"https:\/\/bizonfasteners.com\/?post_type=product&#038;p=7396"},"modified":"2021-04-26T17:07:54","modified_gmt":"2021-04-26T15:07:54","slug":"zszywki-stolarskie-typ-140","status":"publish","type":"product","link":"https:\/\/bizonfasteners.com\/pl\/produkt\/zszywki-stolarskie-typ-140\/","title":{"rendered":"Zszywki stolarskie typ 140"},"content":{"rendered":"<p>D\u0142ugo\u015bci: 14, 16, 19, 22, 25, 30, 35, 38, mm<\/p>\n<p>Materia\u0142:<\/p>\n<ul>\n<li>gatunkowa stal ocynkowana elektrolitycznie, pokryte \u017cywic\u0105<\/li>\n<li><strong>AL<\/strong>\u00a0\u2013 aluminium<\/li>\n<\/ul>\n<p>&nbsp;<\/p>\n","protected":false},"excerpt":{"rendered":"<p><strong>Zszywki stolarskie typ 140<\/strong><\/p>\n<p>Zszywki przeznaczone do stolarki i konstrukcji budowlanych jak r\u00f3wnie\u017c produkcji opakowa\u0144 drewnianych i tekturowych, palet. Doskonale sprawdzaj\u0105 si\u0119 przy po\u0142\u0105czeniach czo\u0142owych w meblach oraz konstrukcjach szkieletowej. W wykonaniu aluminiowym do po\u0142\u0105cze\u0144 technologicznych do obr\u00f3bki drewna lub p\u0142yt drewnopochodnych. Zgodno\u015b\u0107 z norm\u0105 PN-EN 14592 (EC 5) dla konstrukcji budowlanych z drewna.<\/p>\n","protected":false},"featured_media":7735,"template":"","meta":[],"_links":{"self":[{"href":"https:\/\/bizonfasteners.com\/pl\/wp-json\/wp\/v2\/product\/7396"}],"collection":[{"href":"https:\/\/bizonfasteners.com\/pl\/wp-json\/wp\/v2\/product"}],"about":[{"href":"https:\/\/bizonfasteners.com\/pl\/wp-json\/wp\/v2\/types\/product"}],"wp:featuredmedia":[{"embeddable":true,"href":"https:\/\/bizonfasteners.com\/pl\/wp-json\/wp\/v2\/media\/7735"}],"wp:attachment":[{"href":"https:\/\/bizonfasteners.com\/pl\/wp-json\/wp\/v2\/media?parent=7396"}],"curies":[{"name":"wp","href":"https:\/\/api.w.org\/{rel}","templated":true}]}}