{"id":7400,"date":"2021-03-11T21:00:12","date_gmt":"2021-03-11T20:00:12","guid":{"rendered":"https:\/\/bizonfasteners.com\/?post_type=product&#038;p=7400"},"modified":"2021-04-26T16:57:54","modified_gmt":"2021-04-26T14:57:54","slug":"zszywki-do-kartonu-typ-packfix-a-35","status":"publish","type":"product","link":"https:\/\/bizonfasteners.com\/pl\/produkt\/zszywki-do-kartonu-typ-packfix-a-35\/","title":{"rendered":"Zszywki do kartonu typ Packfix A 35"},"content":{"rendered":"<p>D\u0142ugo\u015bci: 15, 18, 22, mm<\/p>\n<p>Materia\u0142: gatunkowa stal ocynkowana elektrolitycznie oraz pokryta \u017cywic\u0105<\/p>\n","protected":false},"excerpt":{"rendered":"<p><strong>Zszywki do kartonu typ Packfix A 35<\/strong><\/p>\n<p>Zszywki do zamykania opakowa\u0144 z tektury falistej. Zamykanie kartonu zszywkami zapewnia optymalnie mocne po\u0142\u0105czenie i zarazem spe\u0142nia funkcj\u0119 plomby, otwarcie pud\u0142a pozostawia wyra\u017ane uszkodzenia.<\/p>\n","protected":false},"featured_media":7727,"template":"","meta":[],"_links":{"self":[{"href":"https:\/\/bizonfasteners.com\/pl\/wp-json\/wp\/v2\/product\/7400"}],"collection":[{"href":"https:\/\/bizonfasteners.com\/pl\/wp-json\/wp\/v2\/product"}],"about":[{"href":"https:\/\/bizonfasteners.com\/pl\/wp-json\/wp\/v2\/types\/product"}],"wp:featuredmedia":[{"embeddable":true,"href":"https:\/\/bizonfasteners.com\/pl\/wp-json\/wp\/v2\/media\/7727"}],"wp:attachment":[{"href":"https:\/\/bizonfasteners.com\/pl\/wp-json\/wp\/v2\/media?parent=7400"}],"curies":[{"name":"wp","href":"https:\/\/api.w.org\/{rel}","templated":true}]}}